{"id":9223,"date":"2022-06-03T16:34:06","date_gmt":"2022-06-03T16:34:06","guid":{"rendered":"https:\/\/vidaandina.com\/?post_type=product&#038;p=9223"},"modified":"2025-08-18T21:43:02","modified_gmt":"2025-08-18T21:43:02","slug":"huanarpo-macho-con-maca-negra-inkanat","status":"publish","type":"product","link":"https:\/\/vidaandinaperu.com\/es\/productos\/huanarpo-macho-con-maca-negra-inkanat\/","title":{"rendered":"Huanarpo macho con maca negra (100 c\u00e1p. x 500 mg) &#8211; Inkanat &#8211; Comprar"},"content":{"rendered":"<p><strong>PROPIEDADES<\/strong><\/p>\n<ul>\n<li>El consumo de la mezcla proporciona un alto valor energ\u00e9tico.<\/li>\n<li>Ayuda a mejorar la espermatog\u00e9nesis y la movilidad de los espermatozoides.<\/li>\n<li>Se recomienda su consumo como afrodisiaco, mejora el rendimiento f\u00edsico, sexual y mental.<\/li>\n<li>Tradicionalmente fue utilizado para prevenir la disfunci\u00f3n er\u00e9ctil.<\/li>\n<\/ul>\n<h5>Ingredientes:<\/h5>\n<p>Maca negra gelatinizada, huanarpo macho en polvo, goma de Xantano, carbonato de calcio.<\/p>\n<h5>Uso:<\/h5>\n<p>Adultos: Consumir de 1 a 2 \u00a0c\u00e1psulas al d\u00eda (acompa\u00f1ado de las comidas).<\/p>\n<p><strong>&#8211; CONDICIONES DE CONSERVACI\u00d3N:<\/strong><\/p>\n<p>Conservar a temperatura ambiente, en un lugar fresco y seco. Protegido de la luz.<\/p>\n<p>Mantener alejado de los ni\u00f1os.<\/p>\n<p><strong>&#8211; PRECAUCIONES:<\/strong><\/p>\n<p>No recomendado a mujeres embarazadas y lactantes.<\/p>\n<p>Se recomienda su consumo de manera moderada.<\/p>\n<h5>Beneficios:<\/h5>\n<ul>\n<li>Tiene la propiedad de<strong>\u00a0mejorar la impotencia sexual en los hombres.<\/strong><\/li>\n<li>Utilizado como<strong>\u00a0energizante, aumenta la vitalidad.<\/strong><\/li>\n<li>Recomendado para\u00a0<strong>combatir la eyaculaci\u00f3n precoz.<\/strong><\/li>\n<li>Posee actividad<strong>\u00a0antioxidante<\/strong>, ayudan a neutralizar los radicales libres presentes en la sangre,\u00a0<strong>previniendo el envejecimiento celular acelerado.<\/strong><\/li>\n<li>Su consumo\u00a0<strong>incrementa la fertilidad<\/strong>, en el hombre\u00a0<strong>mejora la espermatog\u00e9nesis.<\/strong><\/li>\n<li>Posee\u00a0<strong>efecto afrodisiaco<\/strong>,\u00a0<strong>Incrementando el deseo sexual y la resistencia en el acto sexual.<\/strong><\/li>\n<li><strong>Recomendado en personas que sufren de disfunci\u00f3n er\u00e9ctil.<\/strong><\/li>\n<\/ul>\n","protected":false},"excerpt":{"rendered":"<p>PROPIEDADES El consumo de la mezcla proporciona un alto valor energ\u00e9tico. Ayuda a mejorar la espermatog\u00e9nesis y la movilidad de los espermatozoides. Se recomienda su&#8230;<\/p>\n","protected":false},"featured_media":9224,"comment_status":"open","ping_status":"closed","template":"","meta":{"inline_featured_image":false,"_joinchat":[]},"etheme_brands":[],"product_brand":[],"product_cat":[37,74,28,43],"product_tag":[],"class_list":{"0":"post-9223","1":"product","2":"type-product","3":"status-publish","4":"has-post-thumbnail","6":"product_cat-capsulas","7":"product_cat-estimulantes-sexuales","8":"product_cat-secciones-especiales","9":"product_cat-vitaminas-suplementos","11":"first","12":"outofstock","13":"taxable","14":"shipping-taxable","15":"purchasable","16":"product-type-simple"},"acf":[],"_links":{"self":[{"href":"https:\/\/vidaandinaperu.com\/es\/wp-json\/wp\/v2\/product\/9223","targetHints":{"allow":["GET"]}}],"collection":[{"href":"https:\/\/vidaandinaperu.com\/es\/wp-json\/wp\/v2\/product"}],"about":[{"href":"https:\/\/vidaandinaperu.com\/es\/wp-json\/wp\/v2\/types\/product"}],"replies":[{"embeddable":true,"href":"https:\/\/vidaandinaperu.com\/es\/wp-json\/wp\/v2\/comments?post=9223"}],"version-history":[{"count":1,"href":"https:\/\/vidaandinaperu.com\/es\/wp-json\/wp\/v2\/product\/9223\/revisions"}],"predecessor-version":[{"id":9225,"href":"https:\/\/vidaandinaperu.com\/es\/wp-json\/wp\/v2\/product\/9223\/revisions\/9225"}],"wp:featuredmedia":[{"embeddable":true,"href":"https:\/\/vidaandinaperu.com\/es\/wp-json\/wp\/v2\/media\/9224"}],"wp:attachment":[{"href":"https:\/\/vidaandinaperu.com\/es\/wp-json\/wp\/v2\/media?parent=9223"}],"wp:term":[{"taxonomy":"brand","embeddable":true,"href":"https:\/\/vidaandinaperu.com\/es\/wp-json\/wp\/v2\/etheme_brands?post=9223"},{"taxonomy":"product_brand","embeddable":true,"href":"https:\/\/vidaandinaperu.com\/es\/wp-json\/wp\/v2\/product_brand?post=9223"},{"taxonomy":"product_cat","embeddable":true,"href":"https:\/\/vidaandinaperu.com\/es\/wp-json\/wp\/v2\/product_cat?post=9223"},{"taxonomy":"product_tag","embeddable":true,"href":"https:\/\/vidaandinaperu.com\/es\/wp-json\/wp\/v2\/product_tag?post=9223"}],"curies":[{"name":"wp","href":"https:\/\/api.w.org\/{rel}","templated":true}]}}