{"id":8969,"date":"2022-05-21T17:21:18","date_gmt":"2022-05-21T17:21:18","guid":{"rendered":"https:\/\/vidaandina.com\/?post_type=product&#038;p=8969"},"modified":"2025-08-16T20:49:38","modified_gmt":"2025-08-16T20:49:38","slug":"gel-topico-juana-by-teoma-cbd-cannabis-medicinal","status":"publish","type":"product","link":"https:\/\/vidaandinaperu.com\/es\/productos\/gel-topico-juana-by-teoma-cbd-cannabis-medicinal\/","title":{"rendered":"Gel topico Juana By Teoma \u2013 CBD \u2013 Cannabis Medicinal (30 mL)"},"content":{"rendered":"<h4>El Gel topico Juana By Teoma \u2013 CBD \u2013 Cannabis Medicinal (30 mL), devu\u00e9lvele a tus d\u00edas mayor movilidad y que esos dolores no te detengan, debido q su contenido de CBD que tiene propiedades analg\u00e9sicas y antiinflamatorias comprobadas por estudios cient\u00edficos.<\/h4>\n<p>Nuestro gel t\u00f3pico, contiene CBD al 1.5% tambi\u00e9n cuenta con arnica, otra planta con propiedades beneficiosas para aliviar dolores.<\/p>\n<p>Ideal para personas que debido a la edad o esfuerzo, cuentan con dolores recurrentes en las articulaciones. Se recomienda el uso diario<\/p>\n","protected":false},"excerpt":{"rendered":"<p>El Gel topico Juana By Teoma \u2013 CBD \u2013 Cannabis Medicinal (30 mL), devu\u00e9lvele a tus d\u00edas mayor movilidad y que esos dolores no te&#8230;<\/p>\n","protected":false},"featured_media":9013,"comment_status":"open","ping_status":"closed","template":"","meta":{"inline_featured_image":false,"_joinchat":[]},"etheme_brands":[],"product_brand":[],"product_cat":[35,47,178],"product_tag":[],"class_list":{"0":"post-8969","1":"product","2":"type-product","3":"status-publish","4":"has-post-thumbnail","6":"product_cat-cosmetica-natural","7":"product_cat-cuidado-corporal","8":"product_cat-shampoo-otros","10":"first","11":"outofstock","12":"taxable","13":"shipping-taxable","14":"purchasable","15":"product-type-simple"},"acf":[],"_links":{"self":[{"href":"https:\/\/vidaandinaperu.com\/es\/wp-json\/wp\/v2\/product\/8969","targetHints":{"allow":["GET"]}}],"collection":[{"href":"https:\/\/vidaandinaperu.com\/es\/wp-json\/wp\/v2\/product"}],"about":[{"href":"https:\/\/vidaandinaperu.com\/es\/wp-json\/wp\/v2\/types\/product"}],"replies":[{"embeddable":true,"href":"https:\/\/vidaandinaperu.com\/es\/wp-json\/wp\/v2\/comments?post=8969"}],"version-history":[{"count":4,"href":"https:\/\/vidaandinaperu.com\/es\/wp-json\/wp\/v2\/product\/8969\/revisions"}],"predecessor-version":[{"id":9015,"href":"https:\/\/vidaandinaperu.com\/es\/wp-json\/wp\/v2\/product\/8969\/revisions\/9015"}],"wp:featuredmedia":[{"embeddable":true,"href":"https:\/\/vidaandinaperu.com\/es\/wp-json\/wp\/v2\/media\/9013"}],"wp:attachment":[{"href":"https:\/\/vidaandinaperu.com\/es\/wp-json\/wp\/v2\/media?parent=8969"}],"wp:term":[{"taxonomy":"brand","embeddable":true,"href":"https:\/\/vidaandinaperu.com\/es\/wp-json\/wp\/v2\/etheme_brands?post=8969"},{"taxonomy":"product_brand","embeddable":true,"href":"https:\/\/vidaandinaperu.com\/es\/wp-json\/wp\/v2\/product_brand?post=8969"},{"taxonomy":"product_cat","embeddable":true,"href":"https:\/\/vidaandinaperu.com\/es\/wp-json\/wp\/v2\/product_cat?post=8969"},{"taxonomy":"product_tag","embeddable":true,"href":"https:\/\/vidaandinaperu.com\/es\/wp-json\/wp\/v2\/product_tag?post=8969"}],"curies":[{"name":"wp","href":"https:\/\/api.w.org\/{rel}","templated":true}]}}