{"id":8795,"date":"2022-05-17T20:19:07","date_gmt":"2022-05-17T20:19:07","guid":{"rendered":"https:\/\/vidaandina.com\/?post_type=product&#038;p=8795"},"modified":"2024-03-30T22:13:12","modified_gmt":"2024-03-30T22:13:12","slug":"tnt-moringa-100-capsulas-moringa","status":"publish","type":"product","link":"https:\/\/vidaandinaperu.com\/es\/productos\/tnt-moringa-100-capsulas-moringa\/","title":{"rendered":"TNT Moringa (100 c\u00e1psulas) Moringa"},"content":{"rendered":"<p>TNT Moringa, es un producto con la composici\u00f3n perfecta para perder peso de manera natural y sin efectos secundarios. Adem\u00e1s ayuda a quemar grasa corporal.<\/p>\n<h4>Contenido:<\/h4>\n<p>Garcinia cambogia, caf\u00e9 verde, moringa ole\u00edfera.<\/p>\n<h4>Uso:<\/h4>\n<p>Se recomienda tomar 1 a 2 c\u00e1psulas antes de las principales comidas. Consumirse 3 veces al d\u00eda.<\/p>\n<h4>Beneficios:<\/h4>\n<ul>\n<li>Ayuda a perder peso de manera natural.<\/li>\n<li>Es un producto sin efectos secundarios.<\/li>\n<li>Quema grasa corporal.<\/li>\n<li>Ideal para personas que realizan actividad f\u00edsica.<\/li>\n<li>Reduce la ansiedad.<\/li>\n<li>Disminuye el colesterol y triglic\u00e9ridos.<\/li>\n<\/ul>\n","protected":false},"excerpt":{"rendered":"<p>TNT Moringa, es un producto con la composici\u00f3n perfecta para perder peso de manera natural y sin efectos secundarios. Adem\u00e1s ayuda a quemar grasa corporal&#8230;.<\/p>\n","protected":false},"featured_media":8796,"comment_status":"open","ping_status":"closed","template":"","meta":{"inline_featured_image":false,"_joinchat":[]},"etheme_brands":[],"product_brand":[],"product_cat":[37],"product_tag":[],"class_list":{"0":"post-8795","1":"product","2":"type-product","3":"status-publish","4":"has-post-thumbnail","6":"product_cat-capsulas","8":"first","9":"instock","10":"taxable","11":"shipping-taxable","12":"purchasable","13":"product-type-simple"},"acf":[],"_links":{"self":[{"href":"https:\/\/vidaandinaperu.com\/es\/wp-json\/wp\/v2\/product\/8795","targetHints":{"allow":["GET"]}}],"collection":[{"href":"https:\/\/vidaandinaperu.com\/es\/wp-json\/wp\/v2\/product"}],"about":[{"href":"https:\/\/vidaandinaperu.com\/es\/wp-json\/wp\/v2\/types\/product"}],"replies":[{"embeddable":true,"href":"https:\/\/vidaandinaperu.com\/es\/wp-json\/wp\/v2\/comments?post=8795"}],"version-history":[{"count":1,"href":"https:\/\/vidaandinaperu.com\/es\/wp-json\/wp\/v2\/product\/8795\/revisions"}],"predecessor-version":[{"id":8797,"href":"https:\/\/vidaandinaperu.com\/es\/wp-json\/wp\/v2\/product\/8795\/revisions\/8797"}],"wp:featuredmedia":[{"embeddable":true,"href":"https:\/\/vidaandinaperu.com\/es\/wp-json\/wp\/v2\/media\/8796"}],"wp:attachment":[{"href":"https:\/\/vidaandinaperu.com\/es\/wp-json\/wp\/v2\/media?parent=8795"}],"wp:term":[{"taxonomy":"brand","embeddable":true,"href":"https:\/\/vidaandinaperu.com\/es\/wp-json\/wp\/v2\/etheme_brands?post=8795"},{"taxonomy":"product_brand","embeddable":true,"href":"https:\/\/vidaandinaperu.com\/es\/wp-json\/wp\/v2\/product_brand?post=8795"},{"taxonomy":"product_cat","embeddable":true,"href":"https:\/\/vidaandinaperu.com\/es\/wp-json\/wp\/v2\/product_cat?post=8795"},{"taxonomy":"product_tag","embeddable":true,"href":"https:\/\/vidaandinaperu.com\/es\/wp-json\/wp\/v2\/product_tag?post=8795"}],"curies":[{"name":"wp","href":"https:\/\/api.w.org\/{rel}","templated":true}]}}