{"id":8606,"date":"2022-05-13T03:04:59","date_gmt":"2022-05-13T03:04:59","guid":{"rendered":"https:\/\/vidaandina.com\/?post_type=product&#038;p=8606"},"modified":"2025-05-20T18:33:00","modified_gmt":"2025-05-20T18:33:00","slug":"rixiomax-capsulas-kaita","status":"publish","type":"product","link":"https:\/\/vidaandinaperu.com\/es\/productos\/rixiomax-capsulas-kaita\/","title":{"rendered":"Rixiomax (100 C\u00e1psulas) &#8211; Kaita"},"content":{"rendered":"<p>Rixiomax es usado por sus grandes propiedades diur\u00e9ticas y desinflamantes de las v\u00edas urinarias, es de gran ayuda para tratar la retenci\u00f3n de l\u00edquidos y problemas renales.<\/p>\n<h4>Contenido:<\/h4>\n<p>Agua purificada, pi\u00f1a, choclo, achiote, stevia, cola de caballo, chancapiedra, huamanpinta, preservante(E202), acidulante(330)<\/p>\n<h4>Uso:<\/h4>\n<p>Se recomienda consumir 2 c\u00e1psulas despu\u00e9s de las comidas 2 o 3 veces al d\u00eda y la Bebida de 1 a 3 medidas despu\u00e9s de las comidas cada 2 o 3 veces al d\u00eda.<\/p>\n<h4>Beneficios:<\/h4>\n<ul>\n<li>Ayuda a reducir la presi\u00f3n arterial, la retenci\u00f3n de l\u00edquidos y los problemas renales.<\/li>\n<li>Contribuye a depurar el organismo.<\/li>\n<li>Gran antiinflamatorio.<\/li>\n<li>Contiene propiedades diur\u00e9ticas.<\/li>\n<li>Ayuda a desinflamar las v\u00edas urinarias.<\/li>\n<li>Elimina las toxinas de nuestro organismo, del h\u00edgado y los ri\u00f1ones.<\/li>\n<li>Antioxidante.<\/li>\n<li>Protege al h\u00edgado.<\/li>\n<\/ul>\n","protected":false},"excerpt":{"rendered":"<p>Rixiomax es usado por sus grandes propiedades diur\u00e9ticas y desinflamantes de las v\u00edas urinarias, es de gran ayuda para tratar la retenci\u00f3n de l\u00edquidos y&#8230;<\/p>\n","protected":false},"featured_media":8607,"comment_status":"open","ping_status":"closed","template":"","meta":{"inline_featured_image":false,"_joinchat":[]},"etheme_brands":[],"product_brand":[],"product_cat":[37],"product_tag":[],"class_list":{"0":"post-8606","1":"product","2":"type-product","3":"status-publish","4":"has-post-thumbnail","6":"product_cat-capsulas","8":"first","9":"instock","10":"taxable","11":"shipping-taxable","12":"purchasable","13":"product-type-simple"},"acf":[],"_links":{"self":[{"href":"https:\/\/vidaandinaperu.com\/es\/wp-json\/wp\/v2\/product\/8606","targetHints":{"allow":["GET"]}}],"collection":[{"href":"https:\/\/vidaandinaperu.com\/es\/wp-json\/wp\/v2\/product"}],"about":[{"href":"https:\/\/vidaandinaperu.com\/es\/wp-json\/wp\/v2\/types\/product"}],"replies":[{"embeddable":true,"href":"https:\/\/vidaandinaperu.com\/es\/wp-json\/wp\/v2\/comments?post=8606"}],"version-history":[{"count":1,"href":"https:\/\/vidaandinaperu.com\/es\/wp-json\/wp\/v2\/product\/8606\/revisions"}],"predecessor-version":[{"id":8608,"href":"https:\/\/vidaandinaperu.com\/es\/wp-json\/wp\/v2\/product\/8606\/revisions\/8608"}],"wp:featuredmedia":[{"embeddable":true,"href":"https:\/\/vidaandinaperu.com\/es\/wp-json\/wp\/v2\/media\/8607"}],"wp:attachment":[{"href":"https:\/\/vidaandinaperu.com\/es\/wp-json\/wp\/v2\/media?parent=8606"}],"wp:term":[{"taxonomy":"brand","embeddable":true,"href":"https:\/\/vidaandinaperu.com\/es\/wp-json\/wp\/v2\/etheme_brands?post=8606"},{"taxonomy":"product_brand","embeddable":true,"href":"https:\/\/vidaandinaperu.com\/es\/wp-json\/wp\/v2\/product_brand?post=8606"},{"taxonomy":"product_cat","embeddable":true,"href":"https:\/\/vidaandinaperu.com\/es\/wp-json\/wp\/v2\/product_cat?post=8606"},{"taxonomy":"product_tag","embeddable":true,"href":"https:\/\/vidaandinaperu.com\/es\/wp-json\/wp\/v2\/product_tag?post=8606"}],"curies":[{"name":"wp","href":"https:\/\/api.w.org\/{rel}","templated":true}]}}