{"id":8602,"date":"2022-05-13T02:55:39","date_gmt":"2022-05-13T02:55:39","guid":{"rendered":"https:\/\/vidaandina.com\/?post_type=product&#038;p=8602"},"modified":"2024-05-30T08:01:37","modified_gmt":"2024-05-30T08:01:37","slug":"pacifis-capsulas-kaita","status":"publish","type":"product","link":"https:\/\/vidaandinaperu.com\/es\/productos\/pacifis-capsulas-kaita\/","title":{"rendered":"Pacifis (100 C\u00e1psulas) &#8211; Kaita"},"content":{"rendered":"<p>Pacifis es un producto concentrado compuesta por valeriana, hojas de lechuga, hojas de guan\u00e1bana, manzanilla y hojas de naranja. Estos componentes son conocidos por sus propiedades relajantes sobre el sistema nervioso central, el estr\u00e9s y la p\u00e9rdida del sue\u00f1o.<\/p>\n<h4>Contenido:<\/h4>\n<p>Valeriana \u201cValeriana officinalis\u201d, hoja de guan\u00e1bana \u201cAnnona muricata\u201d, manzanilla \u201cChamaemelum nobile\u201d, hoja de naranja \u201cCitrus sinensis\u201d, lechuga \u201clactuca sativa\u201d.<\/p>\n<h4>Uso:<\/h4>\n<p>Se recomienda consumir 2 c\u00e1psulas despu\u00e9s de las comidas 2 o 3 veces al d\u00eda.<\/p>\n<h4>Beneficios:<\/h4>\n<ul>\n<li>Relajante natural, ayudar a relajar el sistema nervioso central.<\/li>\n<li>Contribuye a mejorar el estr\u00e9s y perdida del sue\u00f1o.<\/li>\n<li>Ayuda a calmar\u00a0la ansiedad y el nerviosismo.<\/li>\n<li>Ayuda a poder conciliar mejor el sue\u00f1o.<\/li>\n<\/ul>\n","protected":false},"excerpt":{"rendered":"<p>Pacifis es un producto concentrado compuesta por valeriana, hojas de lechuga, hojas de guan\u00e1bana, manzanilla y hojas de naranja. Estos componentes son conocidos por sus&#8230;<\/p>\n","protected":false},"featured_media":8603,"comment_status":"open","ping_status":"closed","template":"","meta":{"inline_featured_image":false,"_joinchat":[]},"etheme_brands":[],"product_brand":[],"product_cat":[37],"product_tag":[],"class_list":{"0":"post-8602","1":"product","2":"type-product","3":"status-publish","4":"has-post-thumbnail","6":"product_cat-capsulas","8":"first","9":"instock","10":"taxable","11":"shipping-taxable","12":"purchasable","13":"product-type-simple"},"acf":[],"_links":{"self":[{"href":"https:\/\/vidaandinaperu.com\/es\/wp-json\/wp\/v2\/product\/8602","targetHints":{"allow":["GET"]}}],"collection":[{"href":"https:\/\/vidaandinaperu.com\/es\/wp-json\/wp\/v2\/product"}],"about":[{"href":"https:\/\/vidaandinaperu.com\/es\/wp-json\/wp\/v2\/types\/product"}],"replies":[{"embeddable":true,"href":"https:\/\/vidaandinaperu.com\/es\/wp-json\/wp\/v2\/comments?post=8602"}],"version-history":[{"count":1,"href":"https:\/\/vidaandinaperu.com\/es\/wp-json\/wp\/v2\/product\/8602\/revisions"}],"predecessor-version":[{"id":8604,"href":"https:\/\/vidaandinaperu.com\/es\/wp-json\/wp\/v2\/product\/8602\/revisions\/8604"}],"wp:featuredmedia":[{"embeddable":true,"href":"https:\/\/vidaandinaperu.com\/es\/wp-json\/wp\/v2\/media\/8603"}],"wp:attachment":[{"href":"https:\/\/vidaandinaperu.com\/es\/wp-json\/wp\/v2\/media?parent=8602"}],"wp:term":[{"taxonomy":"brand","embeddable":true,"href":"https:\/\/vidaandinaperu.com\/es\/wp-json\/wp\/v2\/etheme_brands?post=8602"},{"taxonomy":"product_brand","embeddable":true,"href":"https:\/\/vidaandinaperu.com\/es\/wp-json\/wp\/v2\/product_brand?post=8602"},{"taxonomy":"product_cat","embeddable":true,"href":"https:\/\/vidaandinaperu.com\/es\/wp-json\/wp\/v2\/product_cat?post=8602"},{"taxonomy":"product_tag","embeddable":true,"href":"https:\/\/vidaandinaperu.com\/es\/wp-json\/wp\/v2\/product_tag?post=8602"}],"curies":[{"name":"wp","href":"https:\/\/api.w.org\/{rel}","templated":true}]}}