{"id":8597,"date":"2022-05-13T02:25:09","date_gmt":"2022-05-13T02:25:09","guid":{"rendered":"https:\/\/vidaandina.com\/?post_type=product&#038;p=8597"},"modified":"2024-03-27T12:08:42","modified_gmt":"2024-03-27T12:08:42","slug":"laximol-capsulas-kaita","status":"publish","type":"product","link":"https:\/\/vidaandinaperu.com\/es\/productos\/laximol-capsulas-kaita\/","title":{"rendered":"Laximol (100 C\u00e1psulas) &#8211; Kaita"},"content":{"rendered":"<p>Laximol es un producto utilizado como laxante natural, gracias a que permite una r\u00e1pida regularizaci\u00f3n del tr\u00e1nsito digestivo, es ideal para casos de estre\u00f1imiento moderado.<\/p>\n<h4>Contenido:<\/h4>\n<p>Ciruelas, tamarindo, salvado de trigo, achicoria.<\/p>\n<h4>Uso:<\/h4>\n<p>Se recomienda consumir 2 c\u00e1psulas despu\u00e9s de las comidas 2 o 3 veces al d\u00eda.<\/p>\n<h4>Beneficios:<\/h4>\n<ul>\n<li>Ayuda a regular r\u00e1pidamente el transito digestivo.<\/li>\n<li>Laxante natural.<\/li>\n<li>Ideal para casos de estre\u00f1imiento moderado.<\/li>\n<li>Permite el buen funcionamiento del colon.<\/li>\n<\/ul>\n","protected":false},"excerpt":{"rendered":"<p>Laximol es un producto utilizado como laxante natural, gracias a que permite una r\u00e1pida regularizaci\u00f3n del tr\u00e1nsito digestivo, es ideal para casos de estre\u00f1imiento moderado&#8230;.<\/p>\n","protected":false},"featured_media":8600,"comment_status":"open","ping_status":"closed","template":"","meta":{"inline_featured_image":false,"_joinchat":[]},"etheme_brands":[],"product_brand":[],"product_cat":[37],"product_tag":[],"class_list":{"0":"post-8597","1":"product","2":"type-product","3":"status-publish","4":"has-post-thumbnail","6":"product_cat-capsulas","8":"first","9":"instock","10":"taxable","11":"shipping-taxable","12":"purchasable","13":"product-type-simple"},"acf":[],"_links":{"self":[{"href":"https:\/\/vidaandinaperu.com\/es\/wp-json\/wp\/v2\/product\/8597","targetHints":{"allow":["GET"]}}],"collection":[{"href":"https:\/\/vidaandinaperu.com\/es\/wp-json\/wp\/v2\/product"}],"about":[{"href":"https:\/\/vidaandinaperu.com\/es\/wp-json\/wp\/v2\/types\/product"}],"replies":[{"embeddable":true,"href":"https:\/\/vidaandinaperu.com\/es\/wp-json\/wp\/v2\/comments?post=8597"}],"version-history":[{"count":2,"href":"https:\/\/vidaandinaperu.com\/es\/wp-json\/wp\/v2\/product\/8597\/revisions"}],"predecessor-version":[{"id":8601,"href":"https:\/\/vidaandinaperu.com\/es\/wp-json\/wp\/v2\/product\/8597\/revisions\/8601"}],"wp:featuredmedia":[{"embeddable":true,"href":"https:\/\/vidaandinaperu.com\/es\/wp-json\/wp\/v2\/media\/8600"}],"wp:attachment":[{"href":"https:\/\/vidaandinaperu.com\/es\/wp-json\/wp\/v2\/media?parent=8597"}],"wp:term":[{"taxonomy":"brand","embeddable":true,"href":"https:\/\/vidaandinaperu.com\/es\/wp-json\/wp\/v2\/etheme_brands?post=8597"},{"taxonomy":"product_brand","embeddable":true,"href":"https:\/\/vidaandinaperu.com\/es\/wp-json\/wp\/v2\/product_brand?post=8597"},{"taxonomy":"product_cat","embeddable":true,"href":"https:\/\/vidaandinaperu.com\/es\/wp-json\/wp\/v2\/product_cat?post=8597"},{"taxonomy":"product_tag","embeddable":true,"href":"https:\/\/vidaandinaperu.com\/es\/wp-json\/wp\/v2\/product_tag?post=8597"}],"curies":[{"name":"wp","href":"https:\/\/api.w.org\/{rel}","templated":true}]}}