{"id":8588,"date":"2022-05-13T02:15:14","date_gmt":"2022-05-13T02:15:14","guid":{"rendered":"https:\/\/vidaandina.com\/?post_type=product&#038;p=8588"},"modified":"2024-03-30T20:55:18","modified_gmt":"2024-03-30T20:55:18","slug":"hervaril-capsulas-kaita","status":"publish","type":"product","link":"https:\/\/vidaandinaperu.com\/es\/productos\/hervaril-capsulas-kaita\/","title":{"rendered":"Hervaril (100 C\u00e1psulas) &#8211; Kaita"},"content":{"rendered":"<p>Hervaril en c\u00e1psulas fortalece y tonifica el sistema venoso, gracias a ello, mejora la conducci\u00f3n de sangre de nuestro organismo al coraz\u00f3n.<\/p>\n<h4>Contenido:<\/h4>\n<p>UVA (Vitis vin\u00edfera), U\u00f1a de gato, Ortiga (Urtica dioica) Canchalagua (Schkubria pinnata)<\/p>\n<h4>Uso:<\/h4>\n<p>Se recomienda consumir 2 c\u00e1psulas despu\u00e9s de las comidas 2 o 3 veces al d\u00eda.<\/p>\n<h4>Beneficios:<\/h4>\n<ul>\n<li>Ayuda a reducir los dolores musculares y articulares.<\/li>\n<li>Ideal para tratar enfermedades inflamatorias, como la artritis o la artrosis.<\/li>\n<li>Excelente depurador.<\/li>\n<\/ul>\n","protected":false},"excerpt":{"rendered":"<p>Hervaril en c\u00e1psulas fortalece y tonifica el sistema venoso, gracias a ello, mejora la conducci\u00f3n de sangre de nuestro organismo al coraz\u00f3n. Contenido: UVA (Vitis&#8230;<\/p>\n","protected":false},"featured_media":8589,"comment_status":"open","ping_status":"closed","template":"","meta":{"inline_featured_image":false,"_joinchat":[]},"etheme_brands":[],"product_brand":[],"product_cat":[37],"product_tag":[],"class_list":{"0":"post-8588","1":"product","2":"type-product","3":"status-publish","4":"has-post-thumbnail","6":"product_cat-capsulas","8":"first","9":"instock","10":"taxable","11":"shipping-taxable","12":"purchasable","13":"product-type-simple"},"acf":[],"_links":{"self":[{"href":"https:\/\/vidaandinaperu.com\/es\/wp-json\/wp\/v2\/product\/8588","targetHints":{"allow":["GET"]}}],"collection":[{"href":"https:\/\/vidaandinaperu.com\/es\/wp-json\/wp\/v2\/product"}],"about":[{"href":"https:\/\/vidaandinaperu.com\/es\/wp-json\/wp\/v2\/types\/product"}],"replies":[{"embeddable":true,"href":"https:\/\/vidaandinaperu.com\/es\/wp-json\/wp\/v2\/comments?post=8588"}],"version-history":[{"count":1,"href":"https:\/\/vidaandinaperu.com\/es\/wp-json\/wp\/v2\/product\/8588\/revisions"}],"predecessor-version":[{"id":8590,"href":"https:\/\/vidaandinaperu.com\/es\/wp-json\/wp\/v2\/product\/8588\/revisions\/8590"}],"wp:featuredmedia":[{"embeddable":true,"href":"https:\/\/vidaandinaperu.com\/es\/wp-json\/wp\/v2\/media\/8589"}],"wp:attachment":[{"href":"https:\/\/vidaandinaperu.com\/es\/wp-json\/wp\/v2\/media?parent=8588"}],"wp:term":[{"taxonomy":"brand","embeddable":true,"href":"https:\/\/vidaandinaperu.com\/es\/wp-json\/wp\/v2\/etheme_brands?post=8588"},{"taxonomy":"product_brand","embeddable":true,"href":"https:\/\/vidaandinaperu.com\/es\/wp-json\/wp\/v2\/product_brand?post=8588"},{"taxonomy":"product_cat","embeddable":true,"href":"https:\/\/vidaandinaperu.com\/es\/wp-json\/wp\/v2\/product_cat?post=8588"},{"taxonomy":"product_tag","embeddable":true,"href":"https:\/\/vidaandinaperu.com\/es\/wp-json\/wp\/v2\/product_tag?post=8588"}],"curies":[{"name":"wp","href":"https:\/\/api.w.org\/{rel}","templated":true}]}}