{"id":7810,"date":"2022-04-20T13:11:45","date_gmt":"2022-04-20T13:11:45","guid":{"rendered":"https:\/\/vidaandina.com\/?post_type=product&#038;p=7810"},"modified":"2025-08-18T14:29:04","modified_gmt":"2025-08-18T14:29:04","slug":"ulceras-gastritis-y-helicobacter-pylori","status":"publish","type":"product","link":"https:\/\/vidaandinaperu.com\/es\/productos\/ulceras-gastritis-y-helicobacter-pylori\/","title":{"rendered":"Elimina ulceras gastritis y helicobacter pylori"},"content":{"rendered":"<ul>\n<li>\n<h4><strong>La sangre de grado<\/strong> es una resina natural con acci\u00f3n antioxidante, cicatrizante y antiinflamatoria. Usada en tratamientos contra la gastritis.<\/h4>\n<\/li>\n<li>\n<h4><strong>El Aceite de Mu\u00f1a<\/strong> es utilizada para la prevenci\u00f3n de diversos tipos de problemas respiratorios que descongestionan el sistema respiratorio.<\/h4>\n<\/li>\n<li>\n<h4><strong>Tocosh <\/strong>previene ulceras, gastritis, hemorroides, asma y bronquios y protege el sistema inmunol\u00f3gico.<\/h4>\n<\/li>\n<\/ul>\n<h5>Uso:<\/h5>\n<ul>\n<li>Tomar de 3 a 5 gotas al d\u00eda dilu\u00eddas en medio vaso de agua de nuestra mu\u00f1a y sangre de drago.<\/li>\n<li>Tomar 1 o 2 c\u00e1psulas de tocosh despu\u00e9s de alimentos, no exceder de 6 c\u00e1psulas al d\u00eda.<\/li>\n<\/ul>\n<h5>Beneficios:<\/h5>\n<ul>\n<li>Cicatrizante<\/li>\n<li>Antiinflamatorio<\/li>\n<li>Trata gastritis, \u00falceras gastrointestinales y diarreas cr\u00f3nicas, provocadas por el\u00a0<em>Helicobacter pylori.<\/em><\/li>\n<\/ul>\n<p>Para m\u00e1s informaci\u00f3n te recomendamos nuestro articulo click <a href=\"https:\/\/vidaandina.com\/es\/la-gastritis-remedios-naturales-para-combatirla\/\" target=\"_blank\" rel=\"noopener\">aqu\u00ed.<\/a><\/p>\n","protected":false},"excerpt":{"rendered":"<p>La sangre de grado es una resina natural con acci\u00f3n antioxidante, cicatrizante y antiinflamatoria. Usada en tratamientos contra la gastritis. El Aceite de Mu\u00f1a es&#8230;<\/p>\n","protected":false},"featured_media":7812,"comment_status":"open","ping_status":"closed","template":"","meta":{"inline_featured_image":false,"_joinchat":[]},"etheme_brands":[],"product_brand":[],"product_cat":[36],"product_tag":[],"class_list":{"0":"post-7810","1":"product","2":"type-product","3":"status-publish","4":"has-post-thumbnail","6":"product_cat-packs-ofertas","8":"first","9":"instock","10":"sale","11":"taxable","12":"shipping-taxable","13":"purchasable","14":"product-type-woosb"},"acf":[],"_links":{"self":[{"href":"https:\/\/vidaandinaperu.com\/es\/wp-json\/wp\/v2\/product\/7810","targetHints":{"allow":["GET"]}}],"collection":[{"href":"https:\/\/vidaandinaperu.com\/es\/wp-json\/wp\/v2\/product"}],"about":[{"href":"https:\/\/vidaandinaperu.com\/es\/wp-json\/wp\/v2\/types\/product"}],"replies":[{"embeddable":true,"href":"https:\/\/vidaandinaperu.com\/es\/wp-json\/wp\/v2\/comments?post=7810"}],"version-history":[{"count":2,"href":"https:\/\/vidaandinaperu.com\/es\/wp-json\/wp\/v2\/product\/7810\/revisions"}],"predecessor-version":[{"id":14768,"href":"https:\/\/vidaandinaperu.com\/es\/wp-json\/wp\/v2\/product\/7810\/revisions\/14768"}],"wp:featuredmedia":[{"embeddable":true,"href":"https:\/\/vidaandinaperu.com\/es\/wp-json\/wp\/v2\/media\/7812"}],"wp:attachment":[{"href":"https:\/\/vidaandinaperu.com\/es\/wp-json\/wp\/v2\/media?parent=7810"}],"wp:term":[{"taxonomy":"brand","embeddable":true,"href":"https:\/\/vidaandinaperu.com\/es\/wp-json\/wp\/v2\/etheme_brands?post=7810"},{"taxonomy":"product_brand","embeddable":true,"href":"https:\/\/vidaandinaperu.com\/es\/wp-json\/wp\/v2\/product_brand?post=7810"},{"taxonomy":"product_cat","embeddable":true,"href":"https:\/\/vidaandinaperu.com\/es\/wp-json\/wp\/v2\/product_cat?post=7810"},{"taxonomy":"product_tag","embeddable":true,"href":"https:\/\/vidaandinaperu.com\/es\/wp-json\/wp\/v2\/product_tag?post=7810"}],"curies":[{"name":"wp","href":"https:\/\/api.w.org\/{rel}","templated":true}]}}