{"id":7798,"date":"2022-04-19T22:29:37","date_gmt":"2022-04-19T22:29:37","guid":{"rendered":"https:\/\/vidaandina.com\/?post_type=product&#038;p=7798"},"modified":"2025-08-18T22:37:26","modified_gmt":"2025-08-18T22:37:26","slug":"vitamina-d3-5000-iu-sundown-naturals-150-soft","status":"publish","type":"product","link":"https:\/\/vidaandinaperu.com\/es\/productos\/vitamina-d3-5000-iu-sundown-naturals-150-soft\/","title":{"rendered":"Vitamina D3- 5000 IU &#8211; Sundown Naturals (150 Soft.)"},"content":{"rendered":"<h4>Hay que ser cauto a la hora de decantarse por una forma u otra de la vitamina D, puesto que la vitamina D3 (colecalciferol) que es de origen animal, en el sistema circulatorio es m\u00e1s eficaz que la vitamina D2 (ergocalciferol) que es de origen vegetal y es el m\u00e1s com\u00fan encontrado en los alimentos fortificados con vitamina D.<\/h4>\n<ul>\n<li>Conocida como la vitamina del sol.<\/li>\n<li>Combate la osteomalacia y la artritis.<\/li>\n<li>Fortalece el sistema inmune.<\/li>\n<li>Previene las infecciones.<\/li>\n<li>Su uso es recomendado para:Personas con trastornos autoinmunes (artritis reumatoide, enfermedad cel\u00edaca, enfermedad de Crohn, colitis ulcerativa,hipotiroidismo de Hashimoto).<\/li>\n<\/ul>\n<h5>Ingredientes:<\/h5>\n<p>Vitamina D 125 mcg \/ 5000 IU<\/p>\n<p>Uso:<br \/>\nngiera una C\u00e1psula Blanda junto con un vaso con agua preferiblemente con las comidas.<\/p>\n<p>&nbsp;<\/p>\n","protected":false},"excerpt":{"rendered":"<p>Hay que ser cauto a la hora de decantarse por una forma u otra de la vitamina D, puesto que la vitamina D3 (colecalciferol) que&#8230;<\/p>\n","protected":false},"featured_media":7799,"comment_status":"open","ping_status":"closed","template":"","meta":{"inline_featured_image":false,"_joinchat":[]},"etheme_brands":[],"product_brand":[],"product_cat":[37,43],"product_tag":[],"class_list":{"0":"post-7798","1":"product","2":"type-product","3":"status-publish","4":"has-post-thumbnail","6":"product_cat-capsulas","7":"product_cat-vitaminas-suplementos","9":"first","10":"outofstock","11":"taxable","12":"shipping-taxable","13":"purchasable","14":"product-type-simple"},"acf":[],"_links":{"self":[{"href":"https:\/\/vidaandinaperu.com\/es\/wp-json\/wp\/v2\/product\/7798","targetHints":{"allow":["GET"]}}],"collection":[{"href":"https:\/\/vidaandinaperu.com\/es\/wp-json\/wp\/v2\/product"}],"about":[{"href":"https:\/\/vidaandinaperu.com\/es\/wp-json\/wp\/v2\/types\/product"}],"replies":[{"embeddable":true,"href":"https:\/\/vidaandinaperu.com\/es\/wp-json\/wp\/v2\/comments?post=7798"}],"version-history":[{"count":2,"href":"https:\/\/vidaandinaperu.com\/es\/wp-json\/wp\/v2\/product\/7798\/revisions"}],"predecessor-version":[{"id":36967,"href":"https:\/\/vidaandinaperu.com\/es\/wp-json\/wp\/v2\/product\/7798\/revisions\/36967"}],"wp:featuredmedia":[{"embeddable":true,"href":"https:\/\/vidaandinaperu.com\/es\/wp-json\/wp\/v2\/media\/7799"}],"wp:attachment":[{"href":"https:\/\/vidaandinaperu.com\/es\/wp-json\/wp\/v2\/media?parent=7798"}],"wp:term":[{"taxonomy":"brand","embeddable":true,"href":"https:\/\/vidaandinaperu.com\/es\/wp-json\/wp\/v2\/etheme_brands?post=7798"},{"taxonomy":"product_brand","embeddable":true,"href":"https:\/\/vidaandinaperu.com\/es\/wp-json\/wp\/v2\/product_brand?post=7798"},{"taxonomy":"product_cat","embeddable":true,"href":"https:\/\/vidaandinaperu.com\/es\/wp-json\/wp\/v2\/product_cat?post=7798"},{"taxonomy":"product_tag","embeddable":true,"href":"https:\/\/vidaandinaperu.com\/es\/wp-json\/wp\/v2\/product_tag?post=7798"}],"curies":[{"name":"wp","href":"https:\/\/api.w.org\/{rel}","templated":true}]}}