{"id":7124,"date":"2022-03-30T00:59:27","date_gmt":"2022-03-30T00:59:27","guid":{"rendered":"https:\/\/vidaandina.com\/web\/?post_type=product&#038;p=7124"},"modified":"2024-04-14T15:46:03","modified_gmt":"2024-04-14T15:46:03","slug":"maiz-morado-capsulas","status":"publish","type":"product","link":"https:\/\/vidaandinaperu.com\/es\/productos\/maiz-morado-capsulas\/","title":{"rendered":"Ma\u00edz Morado en c\u00e1psulas (100 caps. x 500 mg) &#8211; Inkanat"},"content":{"rendered":"<p>El ma\u00edz morado contribuye a la prevenci\u00f3n de enfermedades cardiovasculares, retarda el envejecimiento celular, entre otros beneficios.<\/p>\n<h4>Contenido:<\/h4>\n<p>Ma\u00edz Morado en polvo(coronta y grano) al 100% puro y natural, cultivado en los andes sudamericanos, no contiene preservantes, saborizantes ni colorantes artificiales.<\/p>\n<h4>Uso:<\/h4>\n<p><strong>Adultos:<\/strong>\u00a0Consumir de 1 a 2 c\u00e1psulas acompa\u00f1ando las comidas.<\/p>\n<p><strong>Ni\u00f1os:\u00a0<\/strong>Mayores de 6 a\u00f1os, se recomienda 1 c\u00e1psula al d\u00eda acompa\u00f1ando una de las comidas.<\/p>\n<p>Embarazo y lactancia: 1 c\u00e1psula tres veces al d\u00eda.<\/p>\n<h4>Beneficios:<\/h4>\n<p><strong>Adultos:<\/strong>\u00a0Consumir de 1 a 2 c\u00e1psulas acompa\u00f1ando las comidas.<\/p>\n<p><strong>Ni\u00f1os:\u00a0<\/strong>Mayores de 6 a\u00f1os, se recomienda 1 c\u00e1psula al d\u00eda acompa\u00f1ando una de las comidas.<\/p>\n<p>Embarazo y lactancia: 1 c\u00e1psula tres veces al d\u00eda.<\/p>\n<p>&nbsp;<\/p>\n","protected":false},"excerpt":{"rendered":"<p>El ma\u00edz morado contribuye a la prevenci\u00f3n de enfermedades cardiovasculares, retarda el envejecimiento celular, entre otros beneficios. Contenido: Ma\u00edz Morado en polvo(coronta y grano) al&#8230;<\/p>\n","protected":false},"featured_media":7913,"comment_status":"open","ping_status":"closed","template":"","meta":{"inline_featured_image":false,"_joinchat":[]},"etheme_brands":[],"product_brand":[],"product_cat":[37],"product_tag":[],"class_list":{"0":"post-7124","1":"product","2":"type-product","3":"status-publish","4":"has-post-thumbnail","6":"product_cat-capsulas","8":"first","9":"instock","10":"taxable","11":"shipping-taxable","12":"purchasable","13":"product-type-simple"},"acf":[],"_links":{"self":[{"href":"https:\/\/vidaandinaperu.com\/es\/wp-json\/wp\/v2\/product\/7124","targetHints":{"allow":["GET"]}}],"collection":[{"href":"https:\/\/vidaandinaperu.com\/es\/wp-json\/wp\/v2\/product"}],"about":[{"href":"https:\/\/vidaandinaperu.com\/es\/wp-json\/wp\/v2\/types\/product"}],"replies":[{"embeddable":true,"href":"https:\/\/vidaandinaperu.com\/es\/wp-json\/wp\/v2\/comments?post=7124"}],"version-history":[{"count":1,"href":"https:\/\/vidaandinaperu.com\/es\/wp-json\/wp\/v2\/product\/7124\/revisions"}],"predecessor-version":[{"id":7914,"href":"https:\/\/vidaandinaperu.com\/es\/wp-json\/wp\/v2\/product\/7124\/revisions\/7914"}],"wp:featuredmedia":[{"embeddable":true,"href":"https:\/\/vidaandinaperu.com\/es\/wp-json\/wp\/v2\/media\/7913"}],"wp:attachment":[{"href":"https:\/\/vidaandinaperu.com\/es\/wp-json\/wp\/v2\/media?parent=7124"}],"wp:term":[{"taxonomy":"brand","embeddable":true,"href":"https:\/\/vidaandinaperu.com\/es\/wp-json\/wp\/v2\/etheme_brands?post=7124"},{"taxonomy":"product_brand","embeddable":true,"href":"https:\/\/vidaandinaperu.com\/es\/wp-json\/wp\/v2\/product_brand?post=7124"},{"taxonomy":"product_cat","embeddable":true,"href":"https:\/\/vidaandinaperu.com\/es\/wp-json\/wp\/v2\/product_cat?post=7124"},{"taxonomy":"product_tag","embeddable":true,"href":"https:\/\/vidaandinaperu.com\/es\/wp-json\/wp\/v2\/product_tag?post=7124"}],"curies":[{"name":"wp","href":"https:\/\/api.w.org\/{rel}","templated":true}]}}