{"id":6768,"date":"2022-03-27T02:44:40","date_gmt":"2022-03-27T02:44:40","guid":{"rendered":"https:\/\/vidaandina.com\/web\/?post_type=product&#038;p=6768"},"modified":"2024-03-31T12:06:13","modified_gmt":"2024-03-31T12:06:13","slug":"crema-protectora-solar","status":"publish","type":"product","link":"https:\/\/vidaandinaperu.com\/es\/productos\/crema-protectora-solar\/","title":{"rendered":"Crema Protectora Solar FPS 50 SeyTu (150 mL) &#8211; Comprar"},"content":{"rendered":"<h5>Ingredientes:<\/h5>\n<ul>\n<li>Enriquecida con extractos de aloe vera y t\u00e9 verde, prote\u00edna de trigo hidrolizada, aceite de oliva hidrolizado, alanto\u00edna, pantenol y manteca de karit\u00e9.<\/li>\n<\/ul>\n<h5>Beneficios:<\/h5>\n<ul>\n<li>Protecci\u00f3n diaria ante los rayos UVA\/UVB<\/li>\n<li>F\u00f3rmula resistente al agua.<\/li>\n<\/ul>\n","protected":false},"excerpt":{"rendered":"<p>Ingredientes: Enriquecida con extractos de aloe vera y t\u00e9 verde, prote\u00edna de trigo hidrolizada, aceite de oliva hidrolizado, alanto\u00edna, pantenol y manteca de karit\u00e9. Beneficios:&#8230;<\/p>\n","protected":false},"featured_media":7352,"comment_status":"open","ping_status":"closed","template":"","meta":{"inline_featured_image":false,"_joinchat":[]},"etheme_brands":[],"product_brand":[],"product_cat":[66,29],"product_tag":[],"class_list":{"0":"post-6768","1":"product","2":"type-product","3":"status-publish","4":"has-post-thumbnail","6":"product_cat-linea-corporal","7":"product_cat-seytu","9":"first","10":"instock","11":"taxable","12":"shipping-taxable","13":"purchasable","14":"product-type-simple"},"acf":[],"_links":{"self":[{"href":"https:\/\/vidaandinaperu.com\/es\/wp-json\/wp\/v2\/product\/6768","targetHints":{"allow":["GET"]}}],"collection":[{"href":"https:\/\/vidaandinaperu.com\/es\/wp-json\/wp\/v2\/product"}],"about":[{"href":"https:\/\/vidaandinaperu.com\/es\/wp-json\/wp\/v2\/types\/product"}],"replies":[{"embeddable":true,"href":"https:\/\/vidaandinaperu.com\/es\/wp-json\/wp\/v2\/comments?post=6768"}],"version-history":[{"count":2,"href":"https:\/\/vidaandinaperu.com\/es\/wp-json\/wp\/v2\/product\/6768\/revisions"}],"predecessor-version":[{"id":15739,"href":"https:\/\/vidaandinaperu.com\/es\/wp-json\/wp\/v2\/product\/6768\/revisions\/15739"}],"wp:featuredmedia":[{"embeddable":true,"href":"https:\/\/vidaandinaperu.com\/es\/wp-json\/wp\/v2\/media\/7352"}],"wp:attachment":[{"href":"https:\/\/vidaandinaperu.com\/es\/wp-json\/wp\/v2\/media?parent=6768"}],"wp:term":[{"taxonomy":"brand","embeddable":true,"href":"https:\/\/vidaandinaperu.com\/es\/wp-json\/wp\/v2\/etheme_brands?post=6768"},{"taxonomy":"product_brand","embeddable":true,"href":"https:\/\/vidaandinaperu.com\/es\/wp-json\/wp\/v2\/product_brand?post=6768"},{"taxonomy":"product_cat","embeddable":true,"href":"https:\/\/vidaandinaperu.com\/es\/wp-json\/wp\/v2\/product_cat?post=6768"},{"taxonomy":"product_tag","embeddable":true,"href":"https:\/\/vidaandinaperu.com\/es\/wp-json\/wp\/v2\/product_tag?post=6768"}],"curies":[{"name":"wp","href":"https:\/\/api.w.org\/{rel}","templated":true}]}}