{"id":6760,"date":"2022-03-27T02:39:36","date_gmt":"2022-03-27T02:39:36","guid":{"rendered":"https:\/\/vidaandina.com\/web\/?post_type=product&#038;p=6760"},"modified":"2024-03-31T15:38:20","modified_gmt":"2024-03-31T15:38:20","slug":"crema-para-manos","status":"publish","type":"product","link":"https:\/\/vidaandinaperu.com\/es\/productos\/crema-para-manos\/","title":{"rendered":"Crema para manos SeyTU (90 mL) &#8211; Comprar"},"content":{"rendered":"<h5>Ingredientes:<\/h5>\n<div class=\"row\">\n<div class=\"col-lg-12 col-sm-12 col-md-12 col-xs-12\">\n<div class=\"mostrar_tap\">\n<div class=\"tab-content\">\n<div id=\"conposicionxx\" class=\"tab-pane active\" role=\"tabpanel\">\n<ul>\n<li>Enriquecida\u00a0con vitamina C, extracto de vainilla, \u00e1cido glic\u00f3lico y col\u00e1geno hidrolizado.<\/li>\n<\/ul>\n<\/div>\n<\/div>\n<\/div>\n<\/div>\n<\/div>\n<h5>Beneficios:<\/h5>\n<div class=\"row\">\n<div class=\"col-lg-12 col-sm-12 col-md-12 col-xs-12\">\n<div class=\"mostrar_tap\">\n<div class=\"tab-content\">\n<div id=\"beneficios2\" class=\"tab-pane active\" role=\"tabpanel\">\n<ul>\n<li>Restaura la elasticidad y firmeza de la piel.<\/li>\n<li>Piel\u00a0 suave.<\/li>\n<\/ul>\n<\/div>\n<\/div>\n<\/div>\n<\/div>\n<\/div>\n","protected":false},"excerpt":{"rendered":"<p>Ingredientes: Enriquecida\u00a0con vitamina C, extracto de vainilla, \u00e1cido glic\u00f3lico y col\u00e1geno hidrolizado. Beneficios: Restaura la elasticidad y firmeza de la piel. Piel\u00a0 suave.<\/p>\n","protected":false},"featured_media":7346,"comment_status":"open","ping_status":"closed","template":"","meta":{"inline_featured_image":false,"_joinchat":[]},"etheme_brands":[],"product_brand":[],"product_cat":[66,29],"product_tag":[],"class_list":{"0":"post-6760","1":"product","2":"type-product","3":"status-publish","4":"has-post-thumbnail","6":"product_cat-linea-corporal","7":"product_cat-seytu","9":"first","10":"instock","11":"taxable","12":"shipping-taxable","13":"purchasable","14":"product-type-simple"},"acf":[],"_links":{"self":[{"href":"https:\/\/vidaandinaperu.com\/es\/wp-json\/wp\/v2\/product\/6760","targetHints":{"allow":["GET"]}}],"collection":[{"href":"https:\/\/vidaandinaperu.com\/es\/wp-json\/wp\/v2\/product"}],"about":[{"href":"https:\/\/vidaandinaperu.com\/es\/wp-json\/wp\/v2\/types\/product"}],"replies":[{"embeddable":true,"href":"https:\/\/vidaandinaperu.com\/es\/wp-json\/wp\/v2\/comments?post=6760"}],"version-history":[{"count":2,"href":"https:\/\/vidaandinaperu.com\/es\/wp-json\/wp\/v2\/product\/6760\/revisions"}],"predecessor-version":[{"id":15741,"href":"https:\/\/vidaandinaperu.com\/es\/wp-json\/wp\/v2\/product\/6760\/revisions\/15741"}],"wp:featuredmedia":[{"embeddable":true,"href":"https:\/\/vidaandinaperu.com\/es\/wp-json\/wp\/v2\/media\/7346"}],"wp:attachment":[{"href":"https:\/\/vidaandinaperu.com\/es\/wp-json\/wp\/v2\/media?parent=6760"}],"wp:term":[{"taxonomy":"brand","embeddable":true,"href":"https:\/\/vidaandinaperu.com\/es\/wp-json\/wp\/v2\/etheme_brands?post=6760"},{"taxonomy":"product_brand","embeddable":true,"href":"https:\/\/vidaandinaperu.com\/es\/wp-json\/wp\/v2\/product_brand?post=6760"},{"taxonomy":"product_cat","embeddable":true,"href":"https:\/\/vidaandinaperu.com\/es\/wp-json\/wp\/v2\/product_cat?post=6760"},{"taxonomy":"product_tag","embeddable":true,"href":"https:\/\/vidaandinaperu.com\/es\/wp-json\/wp\/v2\/product_tag?post=6760"}],"curies":[{"name":"wp","href":"https:\/\/api.w.org\/{rel}","templated":true}]}}