{"id":6693,"date":"2022-03-26T18:03:11","date_gmt":"2022-03-26T18:03:11","guid":{"rendered":"https:\/\/vidaandina.com\/web\/?post_type=product&#038;p=6693"},"modified":"2024-03-30T21:01:47","modified_gmt":"2024-03-30T21:01:47","slug":"delineador-ojos-penliner","status":"publish","type":"product","link":"https:\/\/vidaandinaperu.com\/es\/productos\/delineador-ojos-penliner\/","title":{"rendered":"Delineador para Ojos Penliner 1.2 mL &#8211; Comprar"},"content":{"rendered":"<p>Cons\u00edguelo con la punta tipo plum\u00f3n de nuestro Delineador para Ojos Penliner, ideal por su f\u00f3rmula resistente al agua y secado r\u00e1pido<\/p>\n<h5>Beneficios:<\/h5>\n<ul>\n<li>Resistente al agua<\/li>\n<li>No se corre<\/li>\n<li>Secado r\u00e1pido<\/li>\n<li>Larga duraci\u00f3n<\/li>\n<li>Libre de formaldeh\u00eddos<\/li>\n<\/ul>\n","protected":false},"excerpt":{"rendered":"<p>Cons\u00edguelo con la punta tipo plum\u00f3n de nuestro Delineador para Ojos Penliner, ideal por su f\u00f3rmula resistente al agua y secado r\u00e1pido Beneficios: Resistente al&#8230;<\/p>\n","protected":false},"featured_media":7310,"comment_status":"open","ping_status":"closed","template":"","meta":{"inline_featured_image":false,"_joinchat":[]},"etheme_brands":[],"product_brand":[],"product_cat":[63,29],"product_tag":[],"class_list":{"0":"post-6693","1":"product","2":"type-product","3":"status-publish","4":"has-post-thumbnail","6":"product_cat-maquillaje","7":"product_cat-seytu","9":"first","10":"instock","11":"taxable","12":"shipping-taxable","13":"purchasable","14":"product-type-simple"},"acf":[],"_links":{"self":[{"href":"https:\/\/vidaandinaperu.com\/es\/wp-json\/wp\/v2\/product\/6693","targetHints":{"allow":["GET"]}}],"collection":[{"href":"https:\/\/vidaandinaperu.com\/es\/wp-json\/wp\/v2\/product"}],"about":[{"href":"https:\/\/vidaandinaperu.com\/es\/wp-json\/wp\/v2\/types\/product"}],"replies":[{"embeddable":true,"href":"https:\/\/vidaandinaperu.com\/es\/wp-json\/wp\/v2\/comments?post=6693"}],"version-history":[{"count":2,"href":"https:\/\/vidaandinaperu.com\/es\/wp-json\/wp\/v2\/product\/6693\/revisions"}],"predecessor-version":[{"id":15754,"href":"https:\/\/vidaandinaperu.com\/es\/wp-json\/wp\/v2\/product\/6693\/revisions\/15754"}],"wp:featuredmedia":[{"embeddable":true,"href":"https:\/\/vidaandinaperu.com\/es\/wp-json\/wp\/v2\/media\/7310"}],"wp:attachment":[{"href":"https:\/\/vidaandinaperu.com\/es\/wp-json\/wp\/v2\/media?parent=6693"}],"wp:term":[{"taxonomy":"brand","embeddable":true,"href":"https:\/\/vidaandinaperu.com\/es\/wp-json\/wp\/v2\/etheme_brands?post=6693"},{"taxonomy":"product_brand","embeddable":true,"href":"https:\/\/vidaandinaperu.com\/es\/wp-json\/wp\/v2\/product_brand?post=6693"},{"taxonomy":"product_cat","embeddable":true,"href":"https:\/\/vidaandinaperu.com\/es\/wp-json\/wp\/v2\/product_cat?post=6693"},{"taxonomy":"product_tag","embeddable":true,"href":"https:\/\/vidaandinaperu.com\/es\/wp-json\/wp\/v2\/product_tag?post=6693"}],"curies":[{"name":"wp","href":"https:\/\/api.w.org\/{rel}","templated":true}]}}