{"id":6654,"date":"2022-03-26T16:48:50","date_gmt":"2022-03-26T16:48:50","guid":{"rendered":"https:\/\/vidaandina.com\/web\/?post_type=product&#038;p=6654"},"modified":"2024-03-31T09:06:15","modified_gmt":"2024-03-31T09:06:15","slug":"rimel-aprueba-agua-seytu","status":"publish","type":"product","link":"https:\/\/vidaandinaperu.com\/es\/productos\/rimel-aprueba-agua-seytu\/","title":{"rendered":"Rimel Aprueba De Agua SeyTu &#8211; Comprar"},"content":{"rendered":"<p>Este R\u00edmel SEYT\u00da dota a tus pesta\u00f1as de una belleza sin igual, porque les proporciona m\u00e1ximo alargamiento y volumen.<\/p>\n<h5>Ingredientes:<\/h5>\n<p>Keratina, vitaminas A y E, pantenol.<\/p>\n<h5>Beneficios:<\/h5>\n<ul>\n<li>Color intenso<\/li>\n<li>Secado r\u00e1pido<\/li>\n<li>M\u00e1ximo alargamiento<\/li>\n<li>Gran volumen<\/li>\n<li>F\u00e1cil de retirar<\/li>\n<\/ul>\n","protected":false},"excerpt":{"rendered":"<p>Este R\u00edmel SEYT\u00da dota a tus pesta\u00f1as de una belleza sin igual, porque les proporciona m\u00e1ximo alargamiento y volumen. Ingredientes: Keratina, vitaminas A y E,&#8230;<\/p>\n","protected":false},"featured_media":7294,"comment_status":"open","ping_status":"closed","template":"","meta":{"inline_featured_image":false,"_joinchat":[]},"etheme_brands":[],"product_brand":[],"product_cat":[29,63],"product_tag":[],"class_list":{"0":"post-6654","1":"product","2":"type-product","3":"status-publish","4":"has-post-thumbnail","6":"product_cat-seytu","7":"product_cat-maquillaje","9":"first","10":"instock","11":"taxable","12":"shipping-taxable","13":"purchasable","14":"product-type-simple"},"acf":[],"_links":{"self":[{"href":"https:\/\/vidaandinaperu.com\/es\/wp-json\/wp\/v2\/product\/6654","targetHints":{"allow":["GET"]}}],"collection":[{"href":"https:\/\/vidaandinaperu.com\/es\/wp-json\/wp\/v2\/product"}],"about":[{"href":"https:\/\/vidaandinaperu.com\/es\/wp-json\/wp\/v2\/types\/product"}],"replies":[{"embeddable":true,"href":"https:\/\/vidaandinaperu.com\/es\/wp-json\/wp\/v2\/comments?post=6654"}],"version-history":[{"count":2,"href":"https:\/\/vidaandinaperu.com\/es\/wp-json\/wp\/v2\/product\/6654\/revisions"}],"predecessor-version":[{"id":15763,"href":"https:\/\/vidaandinaperu.com\/es\/wp-json\/wp\/v2\/product\/6654\/revisions\/15763"}],"wp:featuredmedia":[{"embeddable":true,"href":"https:\/\/vidaandinaperu.com\/es\/wp-json\/wp\/v2\/media\/7294"}],"wp:attachment":[{"href":"https:\/\/vidaandinaperu.com\/es\/wp-json\/wp\/v2\/media?parent=6654"}],"wp:term":[{"taxonomy":"brand","embeddable":true,"href":"https:\/\/vidaandinaperu.com\/es\/wp-json\/wp\/v2\/etheme_brands?post=6654"},{"taxonomy":"product_brand","embeddable":true,"href":"https:\/\/vidaandinaperu.com\/es\/wp-json\/wp\/v2\/product_brand?post=6654"},{"taxonomy":"product_cat","embeddable":true,"href":"https:\/\/vidaandinaperu.com\/es\/wp-json\/wp\/v2\/product_cat?post=6654"},{"taxonomy":"product_tag","embeddable":true,"href":"https:\/\/vidaandinaperu.com\/es\/wp-json\/wp\/v2\/product_tag?post=6654"}],"curies":[{"name":"wp","href":"https:\/\/api.w.org\/{rel}","templated":true}]}}