{"id":5822,"date":"2022-03-15T02:22:27","date_gmt":"2022-03-15T02:22:27","guid":{"rendered":"https:\/\/vidaandina.com\/web\/?post_type=product&#038;p=5822"},"modified":"2024-04-23T10:30:47","modified_gmt":"2024-04-23T10:30:47","slug":"difusor-electrico-aceites-esenciales-amazon-andes","status":"publish","type":"product","link":"https:\/\/vidaandinaperu.com\/es\/productos\/difusor-electrico-aceites-esenciales-amazon-andes\/","title":{"rendered":"Difusor El\u00e9ctrico para Aceites Esenciales &#8211; Amazon Andes"},"content":{"rendered":"<p>Difusor el\u00e9ctrico ideal para usar y disfrutar de tus aceites esenciales favoritos, tama\u00f1o perfecto para llevarlo contigo a cualquier lugar en tu mochila, maleta o cartera. Tiene Larga duracion y la carga dura aproximadamente 24 horas.<\/p>\n<h5>Ingredientes:<\/h5>\n<div class=\"row\">\n<div class=\"col-lg-12 col-sm-12 col-md-12 col-xs-12\">\n<div class=\"mostrar_tap\">\n<div class=\"tab-content\">\n<div id=\"conposicionxx\" class=\"tab-pane active\" role=\"tabpanel\">\n<ul>\n<li>Madera y pl\u00e1stico.<\/li>\n<li>Tama\u00f1o: 7.2 Largo x 4.2 Ancho x 2.8 Altura.<\/li>\n<li>Voltaje: 5V.<\/li>\n<li>Este producto incluye: 1 Botella de vidrio vac\u00eda de 10 ml, 1 Enchufe, 1 Cable USB y 1 manual de instrucciones.<\/li>\n<\/ul>\n<\/div>\n<\/div>\n<\/div>\n<\/div>\n<\/div>\n<h5>Uso:<\/h5>\n<div class=\"row\">\n<div class=\"col-lg-12 col-sm-12 col-md-12 col-xs-12\">\n<div class=\"mostrar_tap\">\n<div class=\"tab-content\">\n<div id=\"uso2\" class=\"tab-pane active\" role=\"tabpanel\">\n<ul>\n<li>Colocar una botellita de aceite esencial Munay sin ejercer mucha presi\u00f3n en la entrada disponible. Es compatible con botellas de 5, 10 y 15 ml.<\/li>\n<li>Modos de difusi\u00f3n disponibles:<\/li>\n<\/ul>\n<p>-Difusi\u00f3n constante : Pulsar el bot\u00f3n de encendido una sola vez.<\/p>\n<p>-Difusi\u00f3n temporizada: 10 segundos On \/ 20 segundos Off : Pulsar 2 veces.<\/p>\n<\/div>\n<\/div>\n<\/div>\n<\/div>\n<\/div>\n<h5>Beneficios:<\/h5>\n<div class=\"row\">\n<div class=\"col-lg-12 col-sm-12 col-md-12 col-xs-12\">\n<div class=\"mostrar_tap\">\n<div class=\"tab-content\">\n<div id=\"beneficios2\" class=\"tab-pane active\" role=\"tabpanel\">\n<ul>\n<li>Ayuda a evitar que se generen problemas respiratorios principalmente para personas que se ven afectadas con enfermedades respiratorias, como alergias y asma.<\/li>\n<li>Evita que la habitaci\u00f3n tenga exceso de humedad.<\/li>\n<li>Al usar este difusor se aprovechan al 100 % las propiedades de los aceites esenciales ya que\u00a0no usa calor ni agua\u00a0para su transformaci\u00f3n y difusi\u00f3n.<\/li>\n<\/ul>\n<\/div>\n<\/div>\n<\/div>\n<\/div>\n<\/div>\n","protected":false},"excerpt":{"rendered":"<p>Difusor el\u00e9ctrico ideal para usar y disfrutar de tus aceites esenciales favoritos, tama\u00f1o perfecto para llevarlo contigo a cualquier lugar en tu mochila, maleta o&#8230;<\/p>\n","protected":false},"featured_media":6505,"comment_status":"open","ping_status":"closed","template":"","meta":{"inline_featured_image":false,"_joinchat":[]},"etheme_brands":[],"product_brand":[],"product_cat":[33,55],"product_tag":[],"class_list":{"0":"post-5822","1":"product","2":"type-product","3":"status-publish","4":"has-post-thumbnail","6":"product_cat-productos-bienestar","7":"product_cat-inciensos-aromaterapia","9":"first","10":"outofstock","11":"taxable","12":"shipping-taxable","13":"purchasable","14":"product-type-simple"},"acf":[],"_links":{"self":[{"href":"https:\/\/vidaandinaperu.com\/es\/wp-json\/wp\/v2\/product\/5822","targetHints":{"allow":["GET"]}}],"collection":[{"href":"https:\/\/vidaandinaperu.com\/es\/wp-json\/wp\/v2\/product"}],"about":[{"href":"https:\/\/vidaandinaperu.com\/es\/wp-json\/wp\/v2\/types\/product"}],"replies":[{"embeddable":true,"href":"https:\/\/vidaandinaperu.com\/es\/wp-json\/wp\/v2\/comments?post=5822"}],"version-history":[{"count":1,"href":"https:\/\/vidaandinaperu.com\/es\/wp-json\/wp\/v2\/product\/5822\/revisions"}],"predecessor-version":[{"id":8265,"href":"https:\/\/vidaandinaperu.com\/es\/wp-json\/wp\/v2\/product\/5822\/revisions\/8265"}],"wp:featuredmedia":[{"embeddable":true,"href":"https:\/\/vidaandinaperu.com\/es\/wp-json\/wp\/v2\/media\/6505"}],"wp:attachment":[{"href":"https:\/\/vidaandinaperu.com\/es\/wp-json\/wp\/v2\/media?parent=5822"}],"wp:term":[{"taxonomy":"brand","embeddable":true,"href":"https:\/\/vidaandinaperu.com\/es\/wp-json\/wp\/v2\/etheme_brands?post=5822"},{"taxonomy":"product_brand","embeddable":true,"href":"https:\/\/vidaandinaperu.com\/es\/wp-json\/wp\/v2\/product_brand?post=5822"},{"taxonomy":"product_cat","embeddable":true,"href":"https:\/\/vidaandinaperu.com\/es\/wp-json\/wp\/v2\/product_cat?post=5822"},{"taxonomy":"product_tag","embeddable":true,"href":"https:\/\/vidaandinaperu.com\/es\/wp-json\/wp\/v2\/product_tag?post=5822"}],"curies":[{"name":"wp","href":"https:\/\/api.w.org\/{rel}","templated":true}]}}