{"id":5819,"date":"2022-03-15T02:18:49","date_gmt":"2022-03-15T02:18:49","guid":{"rendered":"https:\/\/vidaandina.com\/web\/?post_type=product&#038;p=5819"},"modified":"2024-04-23T10:36:11","modified_gmt":"2024-04-23T10:36:11","slug":"palo-santo-varitas","status":"publish","type":"product","link":"https:\/\/vidaandinaperu.com\/es\/productos\/palo-santo-varitas\/","title":{"rendered":"Palo Santo en varitas (50 g) &#8211; Inkanat"},"content":{"rendered":"<p>Palo Santo incienso natural,\u00a0brinda propiedades energ\u00e9ticas de limpieza y curaci\u00f3n. Es un incienso natural que se usa para mantener las energ\u00edas limpias y claras. Crea un humo fresco y agradable que funciona bien para mantener alejados a los mosquitos y otros insectos voladores.<\/p>\n<h5>Uso:<\/h5>\n<ul>\n<li>Encender una varita de palo santo sobre un plato quemador de incienso, pasado unos segundos sacudir la varita para que se apague la llama.<\/li>\n<\/ul>\n<h5>Beneficios:<\/h5>\n<ul>\n<li dir=\"ltr\">Limpieza espiritual.<\/li>\n<li dir=\"ltr\">Curaci\u00f3n y alivio del dolor.<\/li>\n<li dir=\"ltr\">Relajaci\u00f3n.<\/li>\n<li dir=\"ltr\">Purificaci\u00f3n y desintoxicaci\u00f3n.<\/li>\n<li dir=\"ltr\">Limpiador para el hogar.<\/li>\n<\/ul>\n","protected":false},"excerpt":{"rendered":"<p>Palo Santo incienso natural,\u00a0brinda propiedades energ\u00e9ticas de limpieza y curaci\u00f3n. Es un incienso natural que se usa para mantener las energ\u00edas limpias y claras. Crea&#8230;<\/p>\n","protected":false},"featured_media":6504,"comment_status":"open","ping_status":"closed","template":"","meta":{"inline_featured_image":false,"_joinchat":[]},"etheme_brands":[],"product_brand":[],"product_cat":[33,55],"product_tag":[],"class_list":{"0":"post-5819","1":"product","2":"type-product","3":"status-publish","4":"has-post-thumbnail","6":"product_cat-productos-bienestar","7":"product_cat-inciensos-aromaterapia","9":"first","10":"instock","11":"taxable","12":"shipping-taxable","13":"purchasable","14":"product-type-simple"},"acf":[],"_links":{"self":[{"href":"https:\/\/vidaandinaperu.com\/es\/wp-json\/wp\/v2\/product\/5819","targetHints":{"allow":["GET"]}}],"collection":[{"href":"https:\/\/vidaandinaperu.com\/es\/wp-json\/wp\/v2\/product"}],"about":[{"href":"https:\/\/vidaandinaperu.com\/es\/wp-json\/wp\/v2\/types\/product"}],"replies":[{"embeddable":true,"href":"https:\/\/vidaandinaperu.com\/es\/wp-json\/wp\/v2\/comments?post=5819"}],"version-history":[{"count":2,"href":"https:\/\/vidaandinaperu.com\/es\/wp-json\/wp\/v2\/product\/5819\/revisions"}],"predecessor-version":[{"id":8264,"href":"https:\/\/vidaandinaperu.com\/es\/wp-json\/wp\/v2\/product\/5819\/revisions\/8264"}],"wp:featuredmedia":[{"embeddable":true,"href":"https:\/\/vidaandinaperu.com\/es\/wp-json\/wp\/v2\/media\/6504"}],"wp:attachment":[{"href":"https:\/\/vidaandinaperu.com\/es\/wp-json\/wp\/v2\/media?parent=5819"}],"wp:term":[{"taxonomy":"brand","embeddable":true,"href":"https:\/\/vidaandinaperu.com\/es\/wp-json\/wp\/v2\/etheme_brands?post=5819"},{"taxonomy":"product_brand","embeddable":true,"href":"https:\/\/vidaandinaperu.com\/es\/wp-json\/wp\/v2\/product_brand?post=5819"},{"taxonomy":"product_cat","embeddable":true,"href":"https:\/\/vidaandinaperu.com\/es\/wp-json\/wp\/v2\/product_cat?post=5819"},{"taxonomy":"product_tag","embeddable":true,"href":"https:\/\/vidaandinaperu.com\/es\/wp-json\/wp\/v2\/product_tag?post=5819"}],"curies":[{"name":"wp","href":"https:\/\/api.w.org\/{rel}","templated":true}]}}