{"id":5812,"date":"2022-03-15T02:08:20","date_gmt":"2022-03-15T02:08:20","guid":{"rendered":"https:\/\/vidaandina.com\/web\/?post_type=product&#038;p=5812"},"modified":"2024-05-07T14:20:18","modified_gmt":"2024-05-07T14:20:18","slug":"sal-epsom","status":"publish","type":"product","link":"https:\/\/vidaandinaperu.com\/es\/productos\/sal-epsom\/","title":{"rendered":"Sal de Epsom (250 gr.)"},"content":{"rendered":"<p>Sales de Epsom, se han usado tradicionalmente para suplir las carencias de este mineral en el organismo. El\u00a0magnesio\u00a0en el cuerpo reduce los dolores musculares y la inflamaci\u00f3n, mejora funcionamiento del coraz\u00f3n y la circulaci\u00f3n sangu\u00ednea, ayuda a eliminar las toxinas y metales pesados, mejora\u00a0la funci\u00f3n nerviosa, aumenta los niveles de serototina en el cuerpo, reduce el estr\u00e9s y eleva el estado de animo, ayuda a prevenir las migra\u00f1as, mejora el sueno y la concentraci\u00f3n y disminuye la presi\u00f3n arterial.<\/p>\n<h5>Uso:<\/h5>\n<p>Disolver en agua para ba\u00f1os de inmersi\u00f3n.<\/p>\n<h5>Beneficios:<\/h5>\n<ul>\n<li>Eliminar toxinas<\/li>\n<li>Aumentar los niveles de magnesio<\/li>\n<li>Alivia el estre\u00f1imiento<\/li>\n<li>Reduce el dolor y la inflamaci\u00f3n<\/li>\n<li>Mejora los niveles de az\u00facar en la sangre<\/li>\n<li>Revitaliza el cabello<\/li>\n<\/ul>\n","protected":false},"excerpt":{"rendered":"<p>Sales de Epsom, se han usado tradicionalmente para suplir las carencias de este mineral en el organismo. El\u00a0magnesio\u00a0en el cuerpo reduce los dolores musculares y&#8230;<\/p>\n","protected":false},"featured_media":6497,"comment_status":"open","ping_status":"closed","template":"","meta":{"inline_featured_image":false,"_joinchat":[]},"etheme_brands":[],"product_brand":[],"product_cat":[33,54],"product_tag":[],"class_list":{"0":"post-5812","1":"product","2":"type-product","3":"status-publish","4":"has-post-thumbnail","6":"product_cat-productos-bienestar","7":"product_cat-sales-bano","9":"first","10":"instock","11":"taxable","12":"shipping-taxable","13":"purchasable","14":"product-type-simple"},"acf":[],"_links":{"self":[{"href":"https:\/\/vidaandinaperu.com\/es\/wp-json\/wp\/v2\/product\/5812","targetHints":{"allow":["GET"]}}],"collection":[{"href":"https:\/\/vidaandinaperu.com\/es\/wp-json\/wp\/v2\/product"}],"about":[{"href":"https:\/\/vidaandinaperu.com\/es\/wp-json\/wp\/v2\/types\/product"}],"replies":[{"embeddable":true,"href":"https:\/\/vidaandinaperu.com\/es\/wp-json\/wp\/v2\/comments?post=5812"}],"version-history":[{"count":1,"href":"https:\/\/vidaandinaperu.com\/es\/wp-json\/wp\/v2\/product\/5812\/revisions"}],"predecessor-version":[{"id":8090,"href":"https:\/\/vidaandinaperu.com\/es\/wp-json\/wp\/v2\/product\/5812\/revisions\/8090"}],"wp:featuredmedia":[{"embeddable":true,"href":"https:\/\/vidaandinaperu.com\/es\/wp-json\/wp\/v2\/media\/6497"}],"wp:attachment":[{"href":"https:\/\/vidaandinaperu.com\/es\/wp-json\/wp\/v2\/media?parent=5812"}],"wp:term":[{"taxonomy":"brand","embeddable":true,"href":"https:\/\/vidaandinaperu.com\/es\/wp-json\/wp\/v2\/etheme_brands?post=5812"},{"taxonomy":"product_brand","embeddable":true,"href":"https:\/\/vidaandinaperu.com\/es\/wp-json\/wp\/v2\/product_brand?post=5812"},{"taxonomy":"product_cat","embeddable":true,"href":"https:\/\/vidaandinaperu.com\/es\/wp-json\/wp\/v2\/product_cat?post=5812"},{"taxonomy":"product_tag","embeddable":true,"href":"https:\/\/vidaandinaperu.com\/es\/wp-json\/wp\/v2\/product_tag?post=5812"}],"curies":[{"name":"wp","href":"https:\/\/api.w.org\/{rel}","templated":true}]}}