{"id":5626,"date":"2022-03-13T02:45:57","date_gmt":"2022-03-13T02:45:57","guid":{"rendered":"https:\/\/vidaandina.com\/web\/?post_type=product&#038;p=5626"},"modified":"2024-06-15T09:36:51","modified_gmt":"2024-06-15T09:36:51","slug":"vitamina-e-aceite-70-sundown-naturals","status":"publish","type":"product","link":"https:\/\/vidaandinaperu.com\/es\/productos\/vitamina-e-aceite-70-sundown-naturals\/","title":{"rendered":"Vitamina E Oil 70,000 Iu (75 mL) &#8211; Sundown Naturals"},"content":{"rendered":"<p>\u00c9ste intenso aceite proporciona a su piel todos los beneficios de pura vitamina E. Hidrata la piel seca a fondo y ayuda a minimizar la apariencia de l\u00edneas finas y arrugas.<\/p>\n<h5>Uso:<\/h5>\n<ul>\n<li>Aplicar 2 veces al d\u00eda con masajes circulares. Aplicar liberalmente a tu piel para nutrir e hidratar. Solo uso externo.<\/li>\n<\/ul>\n<p>No aplique sobre la piel rota, irritada o afectada por erupciones cut\u00e1neas. Deje de usar y consulte a su m\u00e9dico si se produce sensibilidad cut\u00e1nea. Evite el contacto con los ojos. No lo use en ni\u00f1os o animales.<\/p>\n<h5>Beneficios:<\/h5>\n<ul>\n<li>Promueve la producci\u00f3n del col\u00e1geno en la piel.<\/li>\n<li>Hidrata, humecta\u00a0y regenera\u00a0la piel.<\/li>\n<li>Elimina\u00a0las manchas, arrugas y l\u00edneas de expresi\u00f3n.<\/li>\n<li>Trata\u00a0cicatrices, estr\u00edas y quemaduras de sol.<\/li>\n<\/ul>\n","protected":false},"excerpt":{"rendered":"<p>\u00c9ste intenso aceite proporciona a su piel todos los beneficios de pura vitamina E. Hidrata la piel seca a fondo y ayuda a minimizar la&#8230;<\/p>\n","protected":false},"featured_media":6131,"comment_status":"open","ping_status":"closed","template":"","meta":{"inline_featured_image":false,"_joinchat":[]},"etheme_brands":[],"product_brand":[],"product_cat":[35,47],"product_tag":[],"class_list":{"0":"post-5626","1":"product","2":"type-product","3":"status-publish","4":"has-post-thumbnail","6":"product_cat-cosmetica-natural","7":"product_cat-cuidado-corporal","9":"first","10":"outofstock","11":"taxable","12":"shipping-taxable","13":"purchasable","14":"product-type-simple"},"acf":[],"_links":{"self":[{"href":"https:\/\/vidaandinaperu.com\/es\/wp-json\/wp\/v2\/product\/5626","targetHints":{"allow":["GET"]}}],"collection":[{"href":"https:\/\/vidaandinaperu.com\/es\/wp-json\/wp\/v2\/product"}],"about":[{"href":"https:\/\/vidaandinaperu.com\/es\/wp-json\/wp\/v2\/types\/product"}],"replies":[{"embeddable":true,"href":"https:\/\/vidaandinaperu.com\/es\/wp-json\/wp\/v2\/comments?post=5626"}],"version-history":[{"count":1,"href":"https:\/\/vidaandinaperu.com\/es\/wp-json\/wp\/v2\/product\/5626\/revisions"}],"predecessor-version":[{"id":8168,"href":"https:\/\/vidaandinaperu.com\/es\/wp-json\/wp\/v2\/product\/5626\/revisions\/8168"}],"wp:featuredmedia":[{"embeddable":true,"href":"https:\/\/vidaandinaperu.com\/es\/wp-json\/wp\/v2\/media\/6131"}],"wp:attachment":[{"href":"https:\/\/vidaandinaperu.com\/es\/wp-json\/wp\/v2\/media?parent=5626"}],"wp:term":[{"taxonomy":"brand","embeddable":true,"href":"https:\/\/vidaandinaperu.com\/es\/wp-json\/wp\/v2\/etheme_brands?post=5626"},{"taxonomy":"product_brand","embeddable":true,"href":"https:\/\/vidaandinaperu.com\/es\/wp-json\/wp\/v2\/product_brand?post=5626"},{"taxonomy":"product_cat","embeddable":true,"href":"https:\/\/vidaandinaperu.com\/es\/wp-json\/wp\/v2\/product_cat?post=5626"},{"taxonomy":"product_tag","embeddable":true,"href":"https:\/\/vidaandinaperu.com\/es\/wp-json\/wp\/v2\/product_tag?post=5626"}],"curies":[{"name":"wp","href":"https:\/\/api.w.org\/{rel}","templated":true}]}}