{"id":5625,"date":"2022-03-13T02:42:15","date_gmt":"2022-03-13T02:42:15","guid":{"rendered":"https:\/\/vidaandina.com\/web\/?post_type=product&#038;p=5625"},"modified":"2024-07-24T16:48:35","modified_gmt":"2024-07-24T16:48:35","slug":"manteca-de-karite","status":"publish","type":"product","link":"https:\/\/vidaandinaperu.com\/es\/productos\/manteca-de-karite\/","title":{"rendered":"Manteca de Karit\u00e9 (120 gr.)  &#8211; Comprar"},"content":{"rendered":"<h4>La manteca de karite es excelente para el cuidado de la piel de todo el cuerpo y el cabello.<\/h4>\n<h5>Ingredientes:<\/h5>\n<p>Manteca extra\u00edda de las nueces del \u00c1rbol de Karit\u00e9. La Manteca de Karit\u00e9 es un producto 100% natural y puro. No lleva aditivos qu\u00edmicos. Se obtiene por prensado, se envasa en caliente y al enfriarse se granula levemente. Su consistencia pastosa se funde a 28\u00baC dando lugar a una sustancia tipo aceitosa, transparente, lista para usar.<\/p>\n<h5>Uso:<\/h5>\n<ul>\n<li>Se debe poner un poco de pasta sobre la palma de la mano y frotarla con los dedos, directamente sobre la piel en el rostro o en el cuerpo. En el cabello masajearemos aplicando directamente el karit\u00e9, luego se envuelve la cabeza con una toalla h\u00fameda durante 15 minutos y finalmente, lavaremos el cabello.<\/li>\n<\/ul>\n<h5>Beneficios:<\/h5>\n<ul>\n<li>Excelente\u00a0humectante\u00a0para la cara y el cuerpo en general.<\/li>\n<li>Hidrata el cuero cabelludo reseco.<\/li>\n<li>Alivia las molestias de las quemaduras solares.<\/li>\n<li>Le da brillo a la piel seca.<\/li>\n<li>Es un buen calmante para las lesiones leves, como la dermatitis del pa\u00f1al.<\/li>\n<li>Elimina manchas y arrugas.<\/li>\n<li>Ablanda callos y ayuda a la curaci\u00f3n de las ampollas.<\/li>\n<li>Puede ser usada en los labios y en la piel como protector de los embates medioambientales.<\/li>\n<li>Previene las\u00a0estr\u00edas\u00a0del embarazo.<\/li>\n<li>Provee de brillo y lozan\u00eda al cabello.<\/li>\n<li>Sirve para el tratamiento del acn\u00e9.<\/li>\n<li>Suaviza el tono de la piel.<\/li>\n<li>Se utiliza en la curaci\u00f3n del eczema leve o moderado.<\/li>\n<li>Restituye la flexibilidad natural de la piel.<\/li>\n<\/ul>\n<div id=\"simple-translate\">\n<div>\n<div class=\"simple-translate-button isShow\" style=\"background-image: url('chrome-extension:\/\/ibplnjkanclpjokhdolnendpplpjiace\/icons\/512.png'); height: 22px; width: 22px; top: 46px; left: 342px;\"><\/div>\n<div class=\"simple-translate-panel \" style=\"width: 300px; height: 200px; top: 0px; left: 0px; font-size: 13px; background-color: #ffffff;\">\n<div class=\"simple-translate-result-wrapper\" style=\"overflow: hidden;\">\n<div class=\"simple-translate-move\" draggable=\"true\"><\/div>\n<div class=\"simple-translate-result-contents\">\n<p class=\"simple-translate-candidate\" dir=\"auto\" style=\"color: #737373;\">\n<\/div>\n<\/div>\n<\/div>\n<\/div>\n<\/div>\n","protected":false},"excerpt":{"rendered":"<p>La manteca de karite es excelente para el cuidado de la piel de todo el cuerpo y el cabello. Ingredientes: Manteca extra\u00edda de las nueces&#8230;<\/p>\n","protected":false},"featured_media":6129,"comment_status":"open","ping_status":"closed","template":"","meta":{"inline_featured_image":false,"_joinchat":[]},"etheme_brands":[],"product_brand":[],"product_cat":[35,46],"product_tag":[],"class_list":{"0":"post-5625","1":"product","2":"type-product","3":"status-publish","4":"has-post-thumbnail","6":"product_cat-cosmetica-natural","7":"product_cat-cremas","9":"first","10":"instock","11":"taxable","12":"shipping-taxable","13":"purchasable","14":"product-type-simple"},"acf":[],"_links":{"self":[{"href":"https:\/\/vidaandinaperu.com\/es\/wp-json\/wp\/v2\/product\/5625","targetHints":{"allow":["GET"]}}],"collection":[{"href":"https:\/\/vidaandinaperu.com\/es\/wp-json\/wp\/v2\/product"}],"about":[{"href":"https:\/\/vidaandinaperu.com\/es\/wp-json\/wp\/v2\/types\/product"}],"replies":[{"embeddable":true,"href":"https:\/\/vidaandinaperu.com\/es\/wp-json\/wp\/v2\/comments?post=5625"}],"version-history":[{"count":2,"href":"https:\/\/vidaandinaperu.com\/es\/wp-json\/wp\/v2\/product\/5625\/revisions"}],"predecessor-version":[{"id":15006,"href":"https:\/\/vidaandinaperu.com\/es\/wp-json\/wp\/v2\/product\/5625\/revisions\/15006"}],"wp:featuredmedia":[{"embeddable":true,"href":"https:\/\/vidaandinaperu.com\/es\/wp-json\/wp\/v2\/media\/6129"}],"wp:attachment":[{"href":"https:\/\/vidaandinaperu.com\/es\/wp-json\/wp\/v2\/media?parent=5625"}],"wp:term":[{"taxonomy":"brand","embeddable":true,"href":"https:\/\/vidaandinaperu.com\/es\/wp-json\/wp\/v2\/etheme_brands?post=5625"},{"taxonomy":"product_brand","embeddable":true,"href":"https:\/\/vidaandinaperu.com\/es\/wp-json\/wp\/v2\/product_brand?post=5625"},{"taxonomy":"product_cat","embeddable":true,"href":"https:\/\/vidaandinaperu.com\/es\/wp-json\/wp\/v2\/product_cat?post=5625"},{"taxonomy":"product_tag","embeddable":true,"href":"https:\/\/vidaandinaperu.com\/es\/wp-json\/wp\/v2\/product_tag?post=5625"}],"curies":[{"name":"wp","href":"https:\/\/api.w.org\/{rel}","templated":true}]}}