{"id":5615,"date":"2022-03-13T02:04:46","date_gmt":"2022-03-13T02:04:46","guid":{"rendered":"https:\/\/vidaandina.com\/web\/?post_type=product&#038;p=5615"},"modified":"2024-07-01T14:12:53","modified_gmt":"2024-07-01T14:12:53","slug":"aceite-rosa-mosqueta-prensado-frio","status":"publish","type":"product","link":"https:\/\/vidaandinaperu.com\/es\/productos\/aceite-rosa-mosqueta-prensado-frio\/","title":{"rendered":"Aceite de Rosa Mosqueta prensado en fr\u00edo (30 mL)"},"content":{"rendered":"<h4><span style=\"vertical-align: inherit;\"><span style=\"vertical-align: inherit;\">Aceite de Rosa Mosqueta prensado en fr\u00edo,\u00a0importado directamente de los Andes de Chile, principal fuente para uso cosm\u00e9tico, es extra\u00eddo de las semillas del fruto de la Rosa Mosqueta.<\/span><\/span><\/h4>\n<h5><span style=\"vertical-align: inherit;\"><span style=\"vertical-align: inherit;\">Ingredientes:<\/span><\/span><\/h5>\n<p><span style=\"vertical-align: inherit;\"><span style=\"vertical-align: inherit;\">Aceite de Rosa Mosqueta 100% puro y natural.<\/span><\/span><\/p>\n<p><strong><span style=\"vertical-align: inherit;\"><span style=\"vertical-align: inherit;\">Propiedades<\/span><\/span><\/strong><br \/>\n<span style=\"vertical-align: inherit;\"><span style=\"vertical-align: inherit;\">Contiene altos niveles de \u00c1cidos grasos esenciales poliinsaturados, Linol\u00e9ico, Ol\u00e9ico y Linol\u00e9nico.<\/span><\/span><\/p>\n<h5><span style=\"vertical-align: inherit;\"><span style=\"vertical-align: inherit;\">Uso:<\/span><\/span><\/h5>\n<p><span style=\"vertical-align: inherit;\"><span style=\"vertical-align: inherit;\">Aplicar en las ma\u00f1anas en el rostro limpio antes del maquillaje y en la noche luego de realizar la limpieza de cutis, si desea puede aplicarlo de 3 a 4 veces al d\u00eda, todos los d\u00edas.<\/span><\/span><\/p>\n<p><strong><span style=\"vertical-align: inherit;\"><span style=\"vertical-align: inherit;\">Precauci\u00f3n<\/span><\/span><\/strong><br \/>\n<span style=\"vertical-align: inherit;\"><span style=\"vertical-align: inherit;\">Mantener el envase bien cerrado. Conservar en lugar fresco y seco. Proteger de la luz. Susp\u00e9ndase su uso al observar alguna reacci\u00f3n. No se recomienda el uso de la crema en personas que tengan un tipo de piel ros\u00e1cea o cutis con acn\u00e9 en pleno proceso infeccioso.<\/span><\/span><\/p>\n<h5><span style=\"vertical-align: inherit;\"><span style=\"vertical-align: inherit;\">Beneficios:<\/span><\/span><\/h5>\n<ul>\n<li><span style=\"vertical-align: inherit;\"><span style=\"vertical-align: inherit;\">Beneficia la eliminaci\u00f3n de cicatrices, manchas y estr\u00edas producidas por la edad, cirug\u00edas\u00a0o\u00a0el embarazo.<\/span><\/span><\/li>\n<li><span style=\"vertical-align: inherit;\"><span style=\"vertical-align: inherit;\">Ayuda a prevenir y tratar las\u00a0varices.<\/span><\/span><\/li>\n<li><span style=\"vertical-align: inherit;\"><span style=\"vertical-align: inherit;\">Rejuvenece y regenera en gran manera\u00a0la piel.<\/span><\/span><\/li>\n<li><span style=\"vertical-align: inherit;\"><span style=\"vertical-align: inherit;\">Aten\u00faa l\u00edneas de expresi\u00f3n y arrugas.<\/span><\/span><\/li>\n<li><span style=\"vertical-align: inherit;\"><span style=\"vertical-align: inherit;\">Hidrata y suaviza la piel.<\/span><\/span><\/li>\n<li><span style=\"vertical-align: inherit;\"><span style=\"vertical-align: inherit;\">Tiene efecto\u00a0antiarrugas, anti bolsas y anti ojeras.<\/span><\/span><\/li>\n<li><span style=\"vertical-align: inherit;\"><span style=\"vertical-align: inherit;\">Retarda los signos del envejecimiento<\/span><\/span><\/li>\n<\/ul>\n<div id=\"simple-translate\">\n<div>\n<div class=\"simple-translate-button isShow\" style=\"background-image: url('chrome-extension:\/\/ibplnjkanclpjokhdolnendpplpjiace\/icons\/512.png'); height: 22px; width: 22px; top: 31px; left: 13px;\"><\/div>\n<div class=\"simple-translate-panel \" style=\"width: 300px; height: 200px; top: 0px; left: 0px; font-size: 13px; background-color: #ffffff;\">\n<div class=\"simple-translate-result-wrapper\" style=\"overflow: hidden;\">\n<div class=\"simple-translate-move\" draggable=\"true\"><\/div>\n<div class=\"simple-translate-result-contents\">\n<p class=\"simple-translate-candidate\" dir=\"auto\" style=\"color: #737373;\">\n<\/div>\n<\/div>\n<\/div>\n<\/div>\n<\/div>\n","protected":false},"excerpt":{"rendered":"<p>Aceite de Rosa Mosqueta prensado en fr\u00edo,\u00a0importado directamente de los Andes de Chile, principal fuente para uso cosm\u00e9tico, es extra\u00eddo de las semillas del fruto&#8230;<\/p>\n","protected":false},"featured_media":6119,"comment_status":"open","ping_status":"closed","template":"","meta":{"inline_featured_image":false,"_joinchat":[]},"etheme_brands":[],"product_brand":[],"product_cat":[35,45],"product_tag":[],"class_list":{"0":"post-5615","1":"product","2":"type-product","3":"status-publish","4":"has-post-thumbnail","6":"product_cat-cosmetica-natural","7":"product_cat-aceites-naturales","9":"first","10":"instock","11":"taxable","12":"shipping-taxable","13":"purchasable","14":"product-type-simple"},"acf":[],"_links":{"self":[{"href":"https:\/\/vidaandinaperu.com\/es\/wp-json\/wp\/v2\/product\/5615","targetHints":{"allow":["GET"]}}],"collection":[{"href":"https:\/\/vidaandinaperu.com\/es\/wp-json\/wp\/v2\/product"}],"about":[{"href":"https:\/\/vidaandinaperu.com\/es\/wp-json\/wp\/v2\/types\/product"}],"replies":[{"embeddable":true,"href":"https:\/\/vidaandinaperu.com\/es\/wp-json\/wp\/v2\/comments?post=5615"}],"version-history":[{"count":2,"href":"https:\/\/vidaandinaperu.com\/es\/wp-json\/wp\/v2\/product\/5615\/revisions"}],"predecessor-version":[{"id":7728,"href":"https:\/\/vidaandinaperu.com\/es\/wp-json\/wp\/v2\/product\/5615\/revisions\/7728"}],"wp:featuredmedia":[{"embeddable":true,"href":"https:\/\/vidaandinaperu.com\/es\/wp-json\/wp\/v2\/media\/6119"}],"wp:attachment":[{"href":"https:\/\/vidaandinaperu.com\/es\/wp-json\/wp\/v2\/media?parent=5615"}],"wp:term":[{"taxonomy":"brand","embeddable":true,"href":"https:\/\/vidaandinaperu.com\/es\/wp-json\/wp\/v2\/etheme_brands?post=5615"},{"taxonomy":"product_brand","embeddable":true,"href":"https:\/\/vidaandinaperu.com\/es\/wp-json\/wp\/v2\/product_brand?post=5615"},{"taxonomy":"product_cat","embeddable":true,"href":"https:\/\/vidaandinaperu.com\/es\/wp-json\/wp\/v2\/product_cat?post=5615"},{"taxonomy":"product_tag","embeddable":true,"href":"https:\/\/vidaandinaperu.com\/es\/wp-json\/wp\/v2\/product_tag?post=5615"}],"curies":[{"name":"wp","href":"https:\/\/api.w.org\/{rel}","templated":true}]}}