{"id":5580,"date":"2022-03-13T00:50:31","date_gmt":"2022-03-13T00:50:31","guid":{"rendered":"https:\/\/vidaandina.com\/web\/?post_type=product&#038;p=5580"},"modified":"2024-04-25T08:09:57","modified_gmt":"2024-04-25T08:09:57","slug":"aceite-copaiba-amazon-andes","status":"publish","type":"product","link":"https:\/\/vidaandinaperu.com\/es\/productos\/aceite-copaiba-amazon-andes\/","title":{"rendered":"Aceite de copaiba Amazon Andes (30 ml)"},"content":{"rendered":"<p>Aceite de Copaiba es una resina natural con acci\u00f3n antioxidante y antiinflamatoria. Los \u00e1rboles de copaiba producen naturalmente la resina de copaiba. Esto se extrae del \u00e1rbol haciendo un agujero en el tronco. Luego se inserta una tuber\u00eda en la corteza, permitiendo que la resina\u00a0 fluya.<\/p>\n<h5>Ingredientes:<\/h5>\n<p>100% puro resina de copaiba<\/p>\n<h5>Uso:<\/h5>\n<ul>\n<li>Diluir 3 gotas de l\u00e1tex en un vaso grande de agua. Tomar 30 minutos antes de las comidas 3 veces al d\u00eda.<\/li>\n<\/ul>\n<h5>Beneficios:<\/h5>\n<ul>\n<li>Antioxidante.<\/li>\n<li>Antiinflamatorio.<\/li>\n<li>Efecto antimicrobiano y antif\u00fangico.<\/li>\n<li>Cicatrizante.<\/li>\n<li>Utilizado contra varices y hemorroides.<\/li>\n<\/ul>\n","protected":false},"excerpt":{"rendered":"<p>Aceite de Copaiba es una resina natural con acci\u00f3n antioxidante y antiinflamatoria. Los \u00e1rboles de copaiba producen naturalmente la resina de copaiba. Esto se extrae&#8230;<\/p>\n","protected":false},"featured_media":6082,"comment_status":"open","ping_status":"closed","template":"","meta":{"inline_featured_image":false,"_joinchat":[]},"etheme_brands":[],"product_brand":[],"product_cat":[35,45],"product_tag":[],"class_list":{"0":"post-5580","1":"product","2":"type-product","3":"status-publish","4":"has-post-thumbnail","6":"product_cat-cosmetica-natural","7":"product_cat-aceites-naturales","9":"first","10":"instock","11":"taxable","12":"shipping-taxable","13":"purchasable","14":"product-type-simple"},"acf":[],"_links":{"self":[{"href":"https:\/\/vidaandinaperu.com\/es\/wp-json\/wp\/v2\/product\/5580","targetHints":{"allow":["GET"]}}],"collection":[{"href":"https:\/\/vidaandinaperu.com\/es\/wp-json\/wp\/v2\/product"}],"about":[{"href":"https:\/\/vidaandinaperu.com\/es\/wp-json\/wp\/v2\/types\/product"}],"replies":[{"embeddable":true,"href":"https:\/\/vidaandinaperu.com\/es\/wp-json\/wp\/v2\/comments?post=5580"}],"version-history":[{"count":1,"href":"https:\/\/vidaandinaperu.com\/es\/wp-json\/wp\/v2\/product\/5580\/revisions"}],"predecessor-version":[{"id":8145,"href":"https:\/\/vidaandinaperu.com\/es\/wp-json\/wp\/v2\/product\/5580\/revisions\/8145"}],"wp:featuredmedia":[{"embeddable":true,"href":"https:\/\/vidaandinaperu.com\/es\/wp-json\/wp\/v2\/media\/6082"}],"wp:attachment":[{"href":"https:\/\/vidaandinaperu.com\/es\/wp-json\/wp\/v2\/media?parent=5580"}],"wp:term":[{"taxonomy":"brand","embeddable":true,"href":"https:\/\/vidaandinaperu.com\/es\/wp-json\/wp\/v2\/etheme_brands?post=5580"},{"taxonomy":"product_brand","embeddable":true,"href":"https:\/\/vidaandinaperu.com\/es\/wp-json\/wp\/v2\/product_brand?post=5580"},{"taxonomy":"product_cat","embeddable":true,"href":"https:\/\/vidaandinaperu.com\/es\/wp-json\/wp\/v2\/product_cat?post=5580"},{"taxonomy":"product_tag","embeddable":true,"href":"https:\/\/vidaandinaperu.com\/es\/wp-json\/wp\/v2\/product_tag?post=5580"}],"curies":[{"name":"wp","href":"https:\/\/api.w.org\/{rel}","templated":true}]}}