{"id":5579,"date":"2022-03-13T00:47:40","date_gmt":"2022-03-13T00:47:40","guid":{"rendered":"https:\/\/vidaandina.com\/web\/?post_type=product&#038;p=5579"},"modified":"2024-03-31T03:29:55","modified_gmt":"2024-03-31T03:29:55","slug":"aceite-coco-organico","status":"publish","type":"product","link":"https:\/\/vidaandinaperu.com\/es\/productos\/aceite-coco-organico\/","title":{"rendered":"Aceite de Coco Org\u00e1nico (680ml) &#8211; Candela"},"content":{"rendered":"<p>Aceite de coco 100% org\u00e1nico y libre de gluten,\u00a0extra\u00eddo de la pulpa del coco a trav\u00e9s del proceso de\u00a0prensado al fr\u00edo, contiene \u00e1cidos grasos que contribuyen a reducir el almacenamiento de la grasa corporal. Es ideal para usarlo en la cocina, para saltear verduras, hornear, reposter\u00eda o comerlo con el pan, tambi\u00e9n es utilizado para el cuidado personal.<\/p>\n<h5>Ingredientes:<\/h5>\n<p>Coco deshidratado org\u00e1nico.<\/p>\n<h5>Uso:<\/h5>\n<ul>\n<li>Para saltear verduras, hornear, fre\u00edr, preparar dulces o comerlo con el pan. Tambi\u00e9n para uso cosm\u00e9tico.<\/li>\n<\/ul>\n<p>&#8211;\u00a0<strong>CONDICIONES DE CONSERVACI\u00d3N:\u00a0<\/strong><\/p>\n<p>Conservar a temperatura ambiente, en un lugar fresco y seco, libre de olores intensos. Protegido de la luz. En verano se recomienda refrigerarlo. (se solidifica a menos de\u00a023\u00a0<b>\u00b0C).<\/b><\/p>\n<p>Mantener alejado de los ni\u00f1os.<\/p>\n<h5>Beneficios:<\/h5>\n<div class=\"row\">\n<div class=\"col-lg-12 col-sm-12 col-md-12 col-xs-12\">\n<div class=\"mostrar_tap\">\n<div class=\"tab-content\">\n<div id=\"beneficios2\" class=\"tab-pane active\" role=\"tabpanel\">\n<ul>\n<li>Contribuye a perder peso mientras incrementa tu salud.<\/li>\n<li>Tiene propiedades de filtro solar.<\/li>\n<li>Hidratante para la piel de todo el cuerpo.<\/li>\n<li>Deja tu piel suave y sedosa.<\/li>\n<li>Excelente para el cuidado del cabello y u\u00f1as.<\/li>\n<li>Tiene propiedades antiv\u00edricas, antibacterianas y antimic\u00f3ticas.<\/li>\n<\/ul>\n<\/div>\n<\/div>\n<\/div>\n<\/div>\n<\/div>\n<div class=\"row\">\n<hr \/>\n<div class=\"item\">\n<div class=\"lSSlideOuter noPager\">\n<div class=\"lSSlideWrapper usingCss\"><\/div>\n<\/div>\n<\/div>\n<\/div>\n","protected":false},"excerpt":{"rendered":"<p>Aceite de coco 100% org\u00e1nico y libre de gluten,\u00a0extra\u00eddo de la pulpa del coco a trav\u00e9s del proceso de\u00a0prensado al fr\u00edo, contiene \u00e1cidos grasos que&#8230;<\/p>\n","protected":false},"featured_media":6080,"comment_status":"open","ping_status":"closed","template":"","meta":{"inline_featured_image":false,"_joinchat":[]},"etheme_brands":[],"product_brand":[],"product_cat":[35,45],"product_tag":[],"class_list":{"0":"post-5579","1":"product","2":"type-product","3":"status-publish","4":"has-post-thumbnail","6":"product_cat-cosmetica-natural","7":"product_cat-aceites-naturales","9":"first","10":"instock","11":"taxable","12":"shipping-taxable","13":"purchasable","14":"product-type-simple"},"acf":[],"_links":{"self":[{"href":"https:\/\/vidaandinaperu.com\/es\/wp-json\/wp\/v2\/product\/5579","targetHints":{"allow":["GET"]}}],"collection":[{"href":"https:\/\/vidaandinaperu.com\/es\/wp-json\/wp\/v2\/product"}],"about":[{"href":"https:\/\/vidaandinaperu.com\/es\/wp-json\/wp\/v2\/types\/product"}],"replies":[{"embeddable":true,"href":"https:\/\/vidaandinaperu.com\/es\/wp-json\/wp\/v2\/comments?post=5579"}],"version-history":[{"count":1,"href":"https:\/\/vidaandinaperu.com\/es\/wp-json\/wp\/v2\/product\/5579\/revisions"}],"predecessor-version":[{"id":8144,"href":"https:\/\/vidaandinaperu.com\/es\/wp-json\/wp\/v2\/product\/5579\/revisions\/8144"}],"wp:featuredmedia":[{"embeddable":true,"href":"https:\/\/vidaandinaperu.com\/es\/wp-json\/wp\/v2\/media\/6080"}],"wp:attachment":[{"href":"https:\/\/vidaandinaperu.com\/es\/wp-json\/wp\/v2\/media?parent=5579"}],"wp:term":[{"taxonomy":"brand","embeddable":true,"href":"https:\/\/vidaandinaperu.com\/es\/wp-json\/wp\/v2\/etheme_brands?post=5579"},{"taxonomy":"product_brand","embeddable":true,"href":"https:\/\/vidaandinaperu.com\/es\/wp-json\/wp\/v2\/product_brand?post=5579"},{"taxonomy":"product_cat","embeddable":true,"href":"https:\/\/vidaandinaperu.com\/es\/wp-json\/wp\/v2\/product_cat?post=5579"},{"taxonomy":"product_tag","embeddable":true,"href":"https:\/\/vidaandinaperu.com\/es\/wp-json\/wp\/v2\/product_tag?post=5579"}],"curies":[{"name":"wp","href":"https:\/\/api.w.org\/{rel}","templated":true}]}}