{"id":5578,"date":"2022-03-13T00:35:31","date_gmt":"2022-03-13T00:35:31","guid":{"rendered":"https:\/\/vidaandina.com\/web\/?post_type=product&#038;p=5578"},"modified":"2024-04-23T13:11:00","modified_gmt":"2024-04-23T13:11:00","slug":"aceite-pepita-uva-inkanat","status":"publish","type":"product","link":"https:\/\/vidaandinaperu.com\/es\/productos\/aceite-pepita-uva-inkanat\/","title":{"rendered":"Aceite de Pepita de Uva (30 ml) Inkanat"},"content":{"rendered":"<p>Seg\u00fan los historiadores, la vid es originaria de mar Caspio, y despu\u00e9s de extendi\u00f3 por otros continentes.Su fruto, hojas y ramas han sido utilizados desde la antig\u00fcedad.<\/p>\n<p>Es un aceite vegetal extra\u00eddo de las pepitas (semillas)de la uva (fruto de la vida).<\/p>\n<h5>Ingredientes:<\/h5>\n<p>Aceite de pepita de Uva 100% . Parte utilizada: Semillas<\/p>\n<h5>Uso:<\/h5>\n<p>En el rostro: Aplicar el aceite de pepita de uva con un algod\u00f3n sobre el rostro.<\/p>\n<p>Tambi\u00e9n puede usarse tambi\u00e9n como un buen desmaquillador.<\/p>\n<p>En el cuerpo: Aplicar en todo el cuerpo dando suaves masajes de forma circular para su mejor<\/p>\n<p>absorci\u00f3n.<\/p>\n<h5>Beneficios:<\/h5>\n<ul>\n<li>Proporciona notables beneficios a la piel contra el envejecimiento, porque desacelera la formaci\u00f3n\u00a0de arrugas.<\/li>\n<li>Tiene alto contenido de vitamina E y bioflavonoides que nutren la piel, es de textura ligera, no deja la piel grasosa ya que se absorbe f\u00e1cilmente.<\/li>\n<li>Utilizado para masajes corporales, deja la piel suave, tersa, nutrida sin dejar sensaci\u00f3n grasa.<\/li>\n<li>Combate la flacidez y tonifica la piel del cuerpo.<\/li>\n<\/ul>\n","protected":false},"excerpt":{"rendered":"<p>Seg\u00fan los historiadores, la vid es originaria de mar Caspio, y despu\u00e9s de extendi\u00f3 por otros continentes.Su fruto, hojas y ramas han sido utilizados desde&#8230;<\/p>\n","protected":false},"featured_media":6078,"comment_status":"open","ping_status":"closed","template":"","meta":{"inline_featured_image":false,"_joinchat":[]},"etheme_brands":[],"product_brand":[],"product_cat":[35,45],"product_tag":[],"class_list":{"0":"post-5578","1":"product","2":"type-product","3":"status-publish","4":"has-post-thumbnail","6":"product_cat-cosmetica-natural","7":"product_cat-aceites-naturales","9":"first","10":"instock","11":"taxable","12":"shipping-taxable","13":"purchasable","14":"product-type-simple"},"acf":[],"_links":{"self":[{"href":"https:\/\/vidaandinaperu.com\/es\/wp-json\/wp\/v2\/product\/5578","targetHints":{"allow":["GET"]}}],"collection":[{"href":"https:\/\/vidaandinaperu.com\/es\/wp-json\/wp\/v2\/product"}],"about":[{"href":"https:\/\/vidaandinaperu.com\/es\/wp-json\/wp\/v2\/types\/product"}],"replies":[{"embeddable":true,"href":"https:\/\/vidaandinaperu.com\/es\/wp-json\/wp\/v2\/comments?post=5578"}],"version-history":[{"count":1,"href":"https:\/\/vidaandinaperu.com\/es\/wp-json\/wp\/v2\/product\/5578\/revisions"}],"predecessor-version":[{"id":8143,"href":"https:\/\/vidaandinaperu.com\/es\/wp-json\/wp\/v2\/product\/5578\/revisions\/8143"}],"wp:featuredmedia":[{"embeddable":true,"href":"https:\/\/vidaandinaperu.com\/es\/wp-json\/wp\/v2\/media\/6078"}],"wp:attachment":[{"href":"https:\/\/vidaandinaperu.com\/es\/wp-json\/wp\/v2\/media?parent=5578"}],"wp:term":[{"taxonomy":"brand","embeddable":true,"href":"https:\/\/vidaandinaperu.com\/es\/wp-json\/wp\/v2\/etheme_brands?post=5578"},{"taxonomy":"product_brand","embeddable":true,"href":"https:\/\/vidaandinaperu.com\/es\/wp-json\/wp\/v2\/product_brand?post=5578"},{"taxonomy":"product_cat","embeddable":true,"href":"https:\/\/vidaandinaperu.com\/es\/wp-json\/wp\/v2\/product_cat?post=5578"},{"taxonomy":"product_tag","embeddable":true,"href":"https:\/\/vidaandinaperu.com\/es\/wp-json\/wp\/v2\/product_tag?post=5578"}],"curies":[{"name":"wp","href":"https:\/\/api.w.org\/{rel}","templated":true}]}}