{"id":5556,"date":"2022-03-13T00:03:27","date_gmt":"2022-03-13T00:03:27","guid":{"rendered":"https:\/\/vidaandina.com\/web\/?post_type=product&#038;p=5556"},"modified":"2024-04-14T04:37:06","modified_gmt":"2024-04-14T04:37:06","slug":"ganoderma-lucidum-reishi-capsulas","status":"publish","type":"product","link":"https:\/\/vidaandinaperu.com\/es\/productos\/ganoderma-lucidum-reishi-capsulas\/","title":{"rendered":"Ganoderma &#8211; Reishi en capsulas (90 caps. x 350 mg) &#8211; Amazon Andes"},"content":{"rendered":"<p>El\u00a0<strong>Reishi o Ganoderma<\/strong>\u00a0es un hongo que fue y es en la actualidad un<strong>\u00a0alimento muy apreciado\u00a0<\/strong>por las diferentes culturas a nivel mundial.<\/p>\n<p>Los japoneses lo denominaron Hongo Reishi (hongo espiritual), tambi\u00e9n conocido como el hongo de la buena fortuna.<\/p>\n<p>El h\u00e1bitat del hongo; vive y se nutre de las maderas muertas que aparecen en las bases de los troncos que presentan alguna herida o grieta. En la actualidad existen diferentes m\u00e9todos de cultivo para el desarrollo de esta variedad de hongo que\u00a0<strong>posee muchos beneficios en la salud de quienes la consumen.\u00a0<\/strong><\/p>\n<p>Se encuentran diferentes estudios relacionados a los beneficios del Ganoderma, donde indican que\u00a0<strong>contiene numerosos compuestos bioactivos,<\/strong>\u00a0de los cuales muchos de estos compuestos tienen<strong>\u00a0propiedades antitumorales<\/strong>,\u00a0<strong>antioxidantes,<\/strong>\u00a0que se ve reflejado en un aumento del\u00a0<strong>sistema inmunol\u00f3gico.<\/strong><\/p>\n<h5>Ingredientes:<\/h5>\n<p>100% Ganoderma Lucidum en polvo<\/p>\n<p>Sin preservantes ni aditivos.<\/p>\n<h5>Uso:<\/h5>\n<ul>\n<li>Ni\u00f1os Mayores de 12 a\u00f1os: 2 c\u00e1psulas al d\u00eda (Ma\u00f1ana y\u00a0 tarde).<\/li>\n<li>Adultos: Consumir 3 c\u00e1psulas al d\u00eda (recomendado despu\u00e9s de cada comida).<\/li>\n<\/ul>\n<h5>Beneficios:<\/h5>\n<ul>\n<li>Diferentes estudios realizados en laboratorio, han demostrado que su consumo\u00a0<strong>evita la formaci\u00f3n de tumores en el organismo.<\/strong><\/li>\n<li><strong>Posee actividad antiinflamatoria<\/strong><\/li>\n<li>Por ser<strong>\u00a0antioxidante,\u00a0<\/strong>el consumo\u00a0<strong>promueve la longevidad y protege el sistema inmunol\u00f3gico.<\/strong><\/li>\n<li>El Reishi posee<strong>\u00a0potencial nutraceutico<\/strong>\u00a0para la prevenci\u00f3n de males como la<strong>\u00a0diabetes, problemas hep\u00e1ticos<\/strong>, mediante la<strong>\u00a0reducci\u00f3n del envejecimiento celular.<\/strong><\/li>\n<li>Su consumo\u00a0<strong>protege el sistema inmunol\u00f3gico,\u00a0<\/strong>desarrollando anticuerpos que evitan el contagio por\u00a0<strong>bacterias y virus.<\/strong><\/li>\n<li>Su consumo<strong>\u00a0evita desarrollar enfermedades neurodegenerativas<\/strong>\u00a0como es el caso del\u00a0<strong>Alzheimer.<\/strong><\/li>\n<\/ul>\n","protected":false},"excerpt":{"rendered":"<p>El\u00a0Reishi o Ganoderma\u00a0es un hongo que fue y es en la actualidad un\u00a0alimento muy apreciado\u00a0por las diferentes culturas a nivel mundial. Los japoneses lo denominaron&#8230;<\/p>\n","protected":false},"featured_media":6058,"comment_status":"open","ping_status":"closed","template":"","meta":{"inline_featured_image":false,"_joinchat":[]},"etheme_brands":[],"product_brand":[],"product_cat":[37,43],"product_tag":[],"class_list":{"0":"post-5556","1":"product","2":"type-product","3":"status-publish","4":"has-post-thumbnail","6":"product_cat-capsulas","7":"product_cat-vitaminas-suplementos","9":"first","10":"outofstock","11":"taxable","12":"shipping-taxable","13":"purchasable","14":"product-type-simple"},"acf":[],"_links":{"self":[{"href":"https:\/\/vidaandinaperu.com\/es\/wp-json\/wp\/v2\/product\/5556","targetHints":{"allow":["GET"]}}],"collection":[{"href":"https:\/\/vidaandinaperu.com\/es\/wp-json\/wp\/v2\/product"}],"about":[{"href":"https:\/\/vidaandinaperu.com\/es\/wp-json\/wp\/v2\/types\/product"}],"replies":[{"embeddable":true,"href":"https:\/\/vidaandinaperu.com\/es\/wp-json\/wp\/v2\/comments?post=5556"}],"version-history":[{"count":2,"href":"https:\/\/vidaandinaperu.com\/es\/wp-json\/wp\/v2\/product\/5556\/revisions"}],"predecessor-version":[{"id":7823,"href":"https:\/\/vidaandinaperu.com\/es\/wp-json\/wp\/v2\/product\/5556\/revisions\/7823"}],"wp:featuredmedia":[{"embeddable":true,"href":"https:\/\/vidaandinaperu.com\/es\/wp-json\/wp\/v2\/media\/6058"}],"wp:attachment":[{"href":"https:\/\/vidaandinaperu.com\/es\/wp-json\/wp\/v2\/media?parent=5556"}],"wp:term":[{"taxonomy":"brand","embeddable":true,"href":"https:\/\/vidaandinaperu.com\/es\/wp-json\/wp\/v2\/etheme_brands?post=5556"},{"taxonomy":"product_brand","embeddable":true,"href":"https:\/\/vidaandinaperu.com\/es\/wp-json\/wp\/v2\/product_brand?post=5556"},{"taxonomy":"product_cat","embeddable":true,"href":"https:\/\/vidaandinaperu.com\/es\/wp-json\/wp\/v2\/product_cat?post=5556"},{"taxonomy":"product_tag","embeddable":true,"href":"https:\/\/vidaandinaperu.com\/es\/wp-json\/wp\/v2\/product_tag?post=5556"}],"curies":[{"name":"wp","href":"https:\/\/api.w.org\/{rel}","templated":true}]}}