{"id":5549,"date":"2022-03-12T23:45:45","date_gmt":"2022-03-12T23:45:45","guid":{"rendered":"https:\/\/vidaandina.com\/web\/?post_type=product&#038;p=5549"},"modified":"2024-04-13T15:01:18","modified_gmt":"2024-04-13T15:01:18","slug":"camu-camu-capsulas-inkanat","status":"publish","type":"product","link":"https:\/\/vidaandinaperu.com\/es\/productos\/camu-camu-capsulas-inkanat\/","title":{"rendered":"Camu Camu en c\u00e1psulas (100 caps. x 500 mg.) Inkanat"},"content":{"rendered":"<p>El\u00a0<strong>Camu Camu<\/strong>\u00a0es un alimento funcional con vitamina C que es buena porque ayuda a sintetizar el\u00a0<strong>col\u00e1geno<\/strong>\u00a0en el cuerpo, act\u00faa como un fuerte antioxidante, puede promover la s\u00edntesis hormonal, acelerando la cicatrizaci\u00f3n, la absorci\u00f3n de hierro as\u00ed como la normal replicaci\u00f3n de las c\u00e9lulas en el tracto gastro intestinal.<\/p>\n<h5>Ingredientes:<\/h5>\n<p><strong>Nombre Cient\u00edfico:\u00a0<\/strong>Myrciaria Dubia<\/p>\n<p><strong>Propiedades<\/strong>: Contiene alta concentraci\u00f3n de vitamina C natural.<strong>Composici\u00f3n:<\/strong><\/p>\n<p>Camu camu 100% puro y natural sin aditivos ni preservantes, contiene m\u00e1s de 7,000 mg de vitamina C por cada 100 gr.<\/p>\n<h5>Uso:<\/h5>\n<p><strong><u>Adultos:<\/u><\/strong>\u00a0Consumir de 1 a 2 capsulas acompa\u00f1ando las comidas.<\/p>\n<p><strong><u>Ni\u00f1os:<\/u><\/strong>\u00a0Mayores de 6 a\u00f1os, se recomienda 1 capsula al d\u00eda acompa\u00f1ando una de las comidas.<\/p>\n<p><strong>Embarazo y Lactancia:\u00a0<\/strong>1 c\u00e1psula tres veces al d\u00eda.<\/p>\n<h5>Beneficios:<\/h5>\n<ul>\n<li>Potente antioxidante.<\/li>\n<li>Fortalece el sistema inmunol\u00f3gico<\/li>\n<li>Beneficia en gran manera\u00a0el sistema nervioso.<\/li>\n<li>Facilita la absorci\u00f3n del hierro.<\/li>\n<li>Ayuda en la mejora\u00a0en cuadros depresivos y de ansiedad.<\/li>\n<li>Previene\u00a0enfermedades cardiovasculares.<\/li>\n<li>Aumenta el estado de \u00e1nimo y la energ\u00eda.<\/li>\n<li>Reduce el colesterol malo.<\/li>\n<\/ul>\n","protected":false},"excerpt":{"rendered":"<p>El\u00a0Camu Camu\u00a0es un alimento funcional con vitamina C que es buena porque ayuda a sintetizar el\u00a0col\u00e1geno\u00a0en el cuerpo, act\u00faa como un fuerte antioxidante, puede promover&#8230;<\/p>\n","protected":false},"featured_media":6042,"comment_status":"open","ping_status":"closed","template":"","meta":{"inline_featured_image":false,"_joinchat":[]},"etheme_brands":[],"product_brand":[],"product_cat":[37,43],"product_tag":[],"class_list":{"0":"post-5549","1":"product","2":"type-product","3":"status-publish","4":"has-post-thumbnail","6":"product_cat-capsulas","7":"product_cat-vitaminas-suplementos","9":"first","10":"instock","11":"taxable","12":"shipping-taxable","13":"purchasable","14":"product-type-simple"},"acf":[],"_links":{"self":[{"href":"https:\/\/vidaandinaperu.com\/es\/wp-json\/wp\/v2\/product\/5549","targetHints":{"allow":["GET"]}}],"collection":[{"href":"https:\/\/vidaandinaperu.com\/es\/wp-json\/wp\/v2\/product"}],"about":[{"href":"https:\/\/vidaandinaperu.com\/es\/wp-json\/wp\/v2\/types\/product"}],"replies":[{"embeddable":true,"href":"https:\/\/vidaandinaperu.com\/es\/wp-json\/wp\/v2\/comments?post=5549"}],"version-history":[{"count":1,"href":"https:\/\/vidaandinaperu.com\/es\/wp-json\/wp\/v2\/product\/5549\/revisions"}],"predecessor-version":[{"id":8134,"href":"https:\/\/vidaandinaperu.com\/es\/wp-json\/wp\/v2\/product\/5549\/revisions\/8134"}],"wp:featuredmedia":[{"embeddable":true,"href":"https:\/\/vidaandinaperu.com\/es\/wp-json\/wp\/v2\/media\/6042"}],"wp:attachment":[{"href":"https:\/\/vidaandinaperu.com\/es\/wp-json\/wp\/v2\/media?parent=5549"}],"wp:term":[{"taxonomy":"brand","embeddable":true,"href":"https:\/\/vidaandinaperu.com\/es\/wp-json\/wp\/v2\/etheme_brands?post=5549"},{"taxonomy":"product_brand","embeddable":true,"href":"https:\/\/vidaandinaperu.com\/es\/wp-json\/wp\/v2\/product_brand?post=5549"},{"taxonomy":"product_cat","embeddable":true,"href":"https:\/\/vidaandinaperu.com\/es\/wp-json\/wp\/v2\/product_cat?post=5549"},{"taxonomy":"product_tag","embeddable":true,"href":"https:\/\/vidaandinaperu.com\/es\/wp-json\/wp\/v2\/product_tag?post=5549"}],"curies":[{"name":"wp","href":"https:\/\/api.w.org\/{rel}","templated":true}]}}