{"id":5546,"date":"2022-03-12T23:38:06","date_gmt":"2022-03-12T23:38:06","guid":{"rendered":"https:\/\/vidaandina.com\/web\/?post_type=product&#038;p=5546"},"modified":"2025-08-18T21:45:38","modified_gmt":"2025-08-18T21:45:38","slug":"noni-capsulas","status":"publish","type":"product","link":"https:\/\/vidaandinaperu.com\/es\/productos\/noni-capsulas\/","title":{"rendered":"Noni en c\u00e1psulas (100 caps. x 500 mg) Inkanat &#8211; Comprar"},"content":{"rendered":"<h4>La planta (Morinda citrifolia L) Noni es originario del sureste asi\u00e1tico hasta Australia, y son cultivadas en diferentes pa\u00edses como India, Polinesia, M\u00e9xico y parte de Am\u00e9rica del Sur. El fruto tiene una pulpa jugosa y amarga, de color amarillo opaco o blanco con un aspecto gelatinoso, presenta numerosas cavidades de color marr\u00f3n rojizo los cuales contienen cuatro semillas.<\/h4>\n<p>Seg\u00fan la medicina tradicional la fruta es<strong>\u00a0recomendada para prevenir y combatir diferentes problemas de salud<\/strong><em>.<\/em>\u00a0Mayormente es\u00a0<strong>utilizado para mejorar el sistema inmune.<\/strong><\/p>\n<h5>Ingredientes:<\/h5>\n<p>100% \u00a0fruto de Noni en polvo (en c\u00e1psula de 500mg). Sin preservantes ni aditivos.<\/p>\n<h5>Uso:<\/h5>\n<ul>\n<li><strong>Adultos:\u00a0<\/strong>Consumir de 1 a 2 c\u00e1psulas al d\u00eda (acompa\u00f1ado\u00a0 de las comidas).<\/li>\n<li><strong>Ni\u00f1os mayores de 12 a\u00f1os:\u00a0<\/strong>1 c\u00e1psula al d\u00eda (acompa\u00f1ado\u00a0 de las comidas).<\/li>\n<li><strong>Embarazo y lactancia:\u00a0<\/strong>1 c\u00e1psula tres veces al d\u00eda.<\/li>\n<\/ul>\n<h5>Beneficios:<\/h5>\n<ul>\n<li>Posee<strong>\u00a0actividad antioxidante<\/strong>, evita la formaci\u00f3n de radicales libres, previniendo as\u00ed la degeneraci\u00f3n celular.<\/li>\n<li>Tiene\u00a0<strong>efecto antimicrobiano<\/strong>, porque<strong>\u00a0inhibe el crecimiento de bacterias\u00a0<\/strong>como\u00a0<em>Staphylococcus aureus, Bacillus subtilus, Escherichia coli, Salmonella y Shigella.<\/em><\/li>\n<li><strong>Mejora la digesti\u00f3n<\/strong>,\u00a0<strong>previene formaci\u00f3n de \u00falceras y la gastritis.<\/strong><\/li>\n<li><strong>Analg\u00e9sico e inflamatorio natural<\/strong>, utilizado para\u00a0<strong>calmar el dolor de golpes, heridas y fiebre.<\/strong><\/li>\n<li>Recomendado para r<strong>educir el colesterol malo y los triglic\u00e9ridos<\/strong>\u00a0en la sangre.<\/li>\n<li><strong>Recomendado para prevenir la diabetes.<\/strong><\/li>\n<li><strong>Regula el nivel de az\u00facar en la sangre.<\/strong><\/li>\n<\/ul>\n<div id=\"simple-translate\">\n<div>\n<div class=\"simple-translate-button isShow\" style=\"background-image: url('chrome-extension:\/\/ibplnjkanclpjokhdolnendpplpjiace\/icons\/512.png'); height: 22px; width: 22px; top: 513px; left: 877px;\"><\/div>\n<div class=\"simple-translate-panel \" style=\"width: 300px; height: 200px; top: 0px; left: 0px; font-size: 13px; background-color: #ffffff;\">\n<div class=\"simple-translate-result-wrapper\" style=\"overflow: hidden;\">\n<div class=\"simple-translate-move\" draggable=\"true\"><\/div>\n<div class=\"simple-translate-result-contents\">\n<p class=\"simple-translate-candidate\" dir=\"auto\" style=\"color: #737373;\">\n<\/div>\n<\/div>\n<\/div>\n<\/div>\n<\/div>\n","protected":false},"excerpt":{"rendered":"<p>La planta (Morinda citrifolia L) Noni es originario del sureste asi\u00e1tico hasta Australia, y son cultivadas en diferentes pa\u00edses como India, Polinesia, M\u00e9xico y parte&#8230;<\/p>\n","protected":false},"featured_media":6030,"comment_status":"open","ping_status":"closed","template":"","meta":{"inline_featured_image":false,"_joinchat":[]},"etheme_brands":[],"product_brand":[],"product_cat":[37,43],"product_tag":[],"class_list":{"0":"post-5546","1":"product","2":"type-product","3":"status-publish","4":"has-post-thumbnail","6":"product_cat-capsulas","7":"product_cat-vitaminas-suplementos","9":"first","10":"outofstock","11":"taxable","12":"shipping-taxable","13":"purchasable","14":"product-type-simple"},"acf":[],"_links":{"self":[{"href":"https:\/\/vidaandinaperu.com\/es\/wp-json\/wp\/v2\/product\/5546","targetHints":{"allow":["GET"]}}],"collection":[{"href":"https:\/\/vidaandinaperu.com\/es\/wp-json\/wp\/v2\/product"}],"about":[{"href":"https:\/\/vidaandinaperu.com\/es\/wp-json\/wp\/v2\/types\/product"}],"replies":[{"embeddable":true,"href":"https:\/\/vidaandinaperu.com\/es\/wp-json\/wp\/v2\/comments?post=5546"}],"version-history":[{"count":2,"href":"https:\/\/vidaandinaperu.com\/es\/wp-json\/wp\/v2\/product\/5546\/revisions"}],"predecessor-version":[{"id":8132,"href":"https:\/\/vidaandinaperu.com\/es\/wp-json\/wp\/v2\/product\/5546\/revisions\/8132"}],"wp:featuredmedia":[{"embeddable":true,"href":"https:\/\/vidaandinaperu.com\/es\/wp-json\/wp\/v2\/media\/6030"}],"wp:attachment":[{"href":"https:\/\/vidaandinaperu.com\/es\/wp-json\/wp\/v2\/media?parent=5546"}],"wp:term":[{"taxonomy":"brand","embeddable":true,"href":"https:\/\/vidaandinaperu.com\/es\/wp-json\/wp\/v2\/etheme_brands?post=5546"},{"taxonomy":"product_brand","embeddable":true,"href":"https:\/\/vidaandinaperu.com\/es\/wp-json\/wp\/v2\/product_brand?post=5546"},{"taxonomy":"product_cat","embeddable":true,"href":"https:\/\/vidaandinaperu.com\/es\/wp-json\/wp\/v2\/product_cat?post=5546"},{"taxonomy":"product_tag","embeddable":true,"href":"https:\/\/vidaandinaperu.com\/es\/wp-json\/wp\/v2\/product_tag?post=5546"}],"curies":[{"name":"wp","href":"https:\/\/api.w.org\/{rel}","templated":true}]}}