{"id":5544,"date":"2022-03-12T23:33:18","date_gmt":"2022-03-12T23:33:18","guid":{"rendered":"https:\/\/vidaandina.com\/web\/?post_type=product&#038;p=5544"},"modified":"2024-04-16T13:40:05","modified_gmt":"2024-04-16T13:40:05","slug":"una-gato-capsulas","status":"publish","type":"product","link":"https:\/\/vidaandinaperu.com\/es\/productos\/una-gato-capsulas\/","title":{"rendered":"U\u00f1a de Gato en C\u00e1psulas (60 caps. x 300 mg) &#8211; Inkanat"},"content":{"rendered":"<p>La<strong>\u00a0u\u00f1a de gato<\/strong>\u00a0(<em>Uncaria tomentosa)\u00a0<\/em>crece en la parte selva de Per\u00fa, Colombia y Bolivia. Es una planta trepadora y rastrera de aproximadamente 40 metros de longitud. Tambi\u00e9n se le conoce con el nombre com\u00fan de\u00a0 garabato amarillo.<\/p>\n<p>Diferentes estudios qu\u00edmicos\u00a0 y farmacol\u00f3gicos indican que se han aislado varios tipos de alcaloides y componentes fen\u00f3licos muchos de ellos con propiedades medicinales.<\/p>\n<p>Principalmente se utiliza como medicina tradicional la ra\u00edz y la corteza de la planta por sus\u00a0<strong>propiedades antiinflamatorias, antivirales y antiulcerosas.<\/strong><\/p>\n<h5>Ingredientes:<\/h5>\n<p>100% \u00a0U\u00f1a de gato (extracto en polvo). Sin preservantes ni aditivos.<\/p>\n<h5>Uso:<\/h5>\n<ul>\n<li>Consumir de 1 a 2 \u00a0c\u00e1psulas al d\u00eda. Recomendado 30 minutos antes de cada comida (consumir por un periodo de 3 meses, descansar por 1 semana para continuar con su consumo)<\/li>\n<\/ul>\n<h5>Beneficios:<\/h5>\n<ul>\n<li>La<strong>\u00a0actividad antioxidante<\/strong>\u00a0evita la formaci\u00f3n de radicales libres, previniendo as\u00ed la degeneraci\u00f3n celular.<\/li>\n<li>Por su\u00a0<strong>propiedad antiinflamatoria\u00a0<\/strong>es<strong>\u00a0utilizado para calmar el dolor de golpes y heridas internas y externas del organismo<\/strong>, como\u00a0<strong>dolores menstruales, articulares, dolor de muelas,<\/strong>\u00a0etc.<\/li>\n<li>Su consumo<strong>\u00a0favorece a fortalecer el sistema inmunitario<\/strong>, evita el contagio de enfermedades.<\/li>\n<li><strong>Posee actividad cicatrizante de heridas<\/strong>\u00a0internas (antiulcerosas)<\/li>\n<li><strong>Previene todo tipo de alergias.<\/strong><\/li>\n<li>Por su<strong>\u00a0propiedad inmunol\u00f3gica, combate el herpes<\/strong>\u00a0(genital y zoster).<\/li>\n<li>Su consumo\u00a0<strong>mejora el funcionamiento del sistema digestivo.<\/strong><\/li>\n<\/ul>\n","protected":false},"excerpt":{"rendered":"<p>La\u00a0u\u00f1a de gato\u00a0(Uncaria tomentosa)\u00a0crece en la parte selva de Per\u00fa, Colombia y Bolivia. Es una planta trepadora y rastrera de aproximadamente 40 metros de longitud&#8230;.<\/p>\n","protected":false},"featured_media":6029,"comment_status":"open","ping_status":"closed","template":"","meta":{"inline_featured_image":false,"_joinchat":[]},"etheme_brands":[],"product_brand":[],"product_cat":[37,43],"product_tag":[],"class_list":{"0":"post-5544","1":"product","2":"type-product","3":"status-publish","4":"has-post-thumbnail","6":"product_cat-capsulas","7":"product_cat-vitaminas-suplementos","9":"first","10":"instock","11":"taxable","12":"shipping-taxable","13":"purchasable","14":"product-type-simple"},"acf":[],"_links":{"self":[{"href":"https:\/\/vidaandinaperu.com\/es\/wp-json\/wp\/v2\/product\/5544","targetHints":{"allow":["GET"]}}],"collection":[{"href":"https:\/\/vidaandinaperu.com\/es\/wp-json\/wp\/v2\/product"}],"about":[{"href":"https:\/\/vidaandinaperu.com\/es\/wp-json\/wp\/v2\/types\/product"}],"replies":[{"embeddable":true,"href":"https:\/\/vidaandinaperu.com\/es\/wp-json\/wp\/v2\/comments?post=5544"}],"version-history":[{"count":2,"href":"https:\/\/vidaandinaperu.com\/es\/wp-json\/wp\/v2\/product\/5544\/revisions"}],"predecessor-version":[{"id":10510,"href":"https:\/\/vidaandinaperu.com\/es\/wp-json\/wp\/v2\/product\/5544\/revisions\/10510"}],"wp:featuredmedia":[{"embeddable":true,"href":"https:\/\/vidaandinaperu.com\/es\/wp-json\/wp\/v2\/media\/6029"}],"wp:attachment":[{"href":"https:\/\/vidaandinaperu.com\/es\/wp-json\/wp\/v2\/media?parent=5544"}],"wp:term":[{"taxonomy":"brand","embeddable":true,"href":"https:\/\/vidaandinaperu.com\/es\/wp-json\/wp\/v2\/etheme_brands?post=5544"},{"taxonomy":"product_brand","embeddable":true,"href":"https:\/\/vidaandinaperu.com\/es\/wp-json\/wp\/v2\/product_brand?post=5544"},{"taxonomy":"product_cat","embeddable":true,"href":"https:\/\/vidaandinaperu.com\/es\/wp-json\/wp\/v2\/product_cat?post=5544"},{"taxonomy":"product_tag","embeddable":true,"href":"https:\/\/vidaandinaperu.com\/es\/wp-json\/wp\/v2\/product_tag?post=5544"}],"curies":[{"name":"wp","href":"https:\/\/api.w.org\/{rel}","templated":true}]}}