{"id":5543,"date":"2022-03-12T23:28:53","date_gmt":"2022-03-12T23:28:53","guid":{"rendered":"https:\/\/vidaandina.com\/web\/?post_type=product&#038;p=5543"},"modified":"2024-04-14T12:14:32","modified_gmt":"2024-04-14T12:14:32","slug":"huanarpo-macho-en-capsulas","status":"publish","type":"product","link":"https:\/\/vidaandinaperu.com\/es\/productos\/huanarpo-macho-en-capsulas\/","title":{"rendered":"Huanarpo Macho en C\u00e1psulas (100 caps. x 400 mg) &#8211; Inkanat"},"content":{"rendered":"<p>La planta\u00a0<strong>Huanarpo macho<\/strong>, es originaria de Per\u00fa, y se distribuye en los departamentos de Ancash, Arequipa, Cajamarca, Hu\u00e1nuco, La Libertad y Lima. Para crecer no necesitan de suelo agr\u00edcola, se desarrollan en suelos \u00e1ridos o semi\u00e1ridos.<\/p>\n<p>La parte utilizada es el tallo y la corteza. Por sus siguientes componentes activos como alcaloides, antocianinas, saponinas y flavonoides, el huanarpo macho ha sido utilizado por nuestros antepasados principalmente para mejorar la disfunci\u00f3n er\u00e9ctil y como energizante para mitigar el cansancio de las faenas agr\u00edcolas.<\/p>\n<h5>Ingredientes:<\/h5>\n<p>100%\u00a0 Huanarpo Macho en polvo (Tallo y corteza). Sin preservantes ni aditivos.<\/p>\n<h5>Uso:<\/h5>\n<p><strong>USO RECOMENDADO:<\/strong><\/p>\n<p>Adultos: Consumir de 2 a 3 c\u00e1psulas al d\u00eda. Recomendado antes de cada comida.<\/p>\n<p>&nbsp;<\/p>\n<p><strong>&#8211; CONDICIONES DE CONSERVACI\u00d3N:<\/strong><\/p>\n<p>Conservar a temperatura ambiente, en un lugar fresco y seco. Protegido de la luz.<\/p>\n<p>Mantener alejado de los ni\u00f1os.<\/p>\n<p>&#8211;\u00a0<strong>PRECAUCIONES:<\/strong><\/p>\n<p>No hay estudios concluyentes donde demuestren alg\u00fan efecto secundario.<\/p>\n<p>Se recomienda su consumo de manera moderada.<\/p>\n<h5>Beneficios:<\/h5>\n<ul>\n<li>Tiene la propiedad de<strong>\u00a0mejorar la impotencia sexual en los hombres.<\/strong><\/li>\n<li><strong>Utilizado como energizante<\/strong>,\u00a0<strong>aumenta la vitalidad.<\/strong><\/li>\n<li><strong>Recomendado para combatir la eyaculaci\u00f3n precoz.<\/strong><\/li>\n<li>Su consumo<strong>\u00a0aumenta el l\u00edbido y el deseo sexual.<\/strong><\/li>\n<li>Posee<strong>\u00a0actividad antioxidante<\/strong>\u00a0que evita la formaci\u00f3n de radicales libres, previniendo as\u00ed la degeneraci\u00f3n celular.<\/li>\n<\/ul>\n","protected":false},"excerpt":{"rendered":"<p>La planta\u00a0Huanarpo macho, es originaria de Per\u00fa, y se distribuye en los departamentos de Ancash, Arequipa, Cajamarca, Hu\u00e1nuco, La Libertad y Lima. Para crecer no&#8230;<\/p>\n","protected":false},"featured_media":6027,"comment_status":"open","ping_status":"closed","template":"","meta":{"inline_featured_image":false,"_joinchat":[]},"etheme_brands":[],"product_brand":[],"product_cat":[37,43],"product_tag":[],"class_list":{"0":"post-5543","1":"product","2":"type-product","3":"status-publish","4":"has-post-thumbnail","6":"product_cat-capsulas","7":"product_cat-vitaminas-suplementos","9":"first","10":"instock","11":"taxable","12":"shipping-taxable","13":"purchasable","14":"product-type-simple"},"acf":[],"_links":{"self":[{"href":"https:\/\/vidaandinaperu.com\/es\/wp-json\/wp\/v2\/product\/5543","targetHints":{"allow":["GET"]}}],"collection":[{"href":"https:\/\/vidaandinaperu.com\/es\/wp-json\/wp\/v2\/product"}],"about":[{"href":"https:\/\/vidaandinaperu.com\/es\/wp-json\/wp\/v2\/types\/product"}],"replies":[{"embeddable":true,"href":"https:\/\/vidaandinaperu.com\/es\/wp-json\/wp\/v2\/comments?post=5543"}],"version-history":[{"count":2,"href":"https:\/\/vidaandinaperu.com\/es\/wp-json\/wp\/v2\/product\/5543\/revisions"}],"predecessor-version":[{"id":15675,"href":"https:\/\/vidaandinaperu.com\/es\/wp-json\/wp\/v2\/product\/5543\/revisions\/15675"}],"wp:featuredmedia":[{"embeddable":true,"href":"https:\/\/vidaandinaperu.com\/es\/wp-json\/wp\/v2\/media\/6027"}],"wp:attachment":[{"href":"https:\/\/vidaandinaperu.com\/es\/wp-json\/wp\/v2\/media?parent=5543"}],"wp:term":[{"taxonomy":"brand","embeddable":true,"href":"https:\/\/vidaandinaperu.com\/es\/wp-json\/wp\/v2\/etheme_brands?post=5543"},{"taxonomy":"product_brand","embeddable":true,"href":"https:\/\/vidaandinaperu.com\/es\/wp-json\/wp\/v2\/product_brand?post=5543"},{"taxonomy":"product_cat","embeddable":true,"href":"https:\/\/vidaandinaperu.com\/es\/wp-json\/wp\/v2\/product_cat?post=5543"},{"taxonomy":"product_tag","embeddable":true,"href":"https:\/\/vidaandinaperu.com\/es\/wp-json\/wp\/v2\/product_tag?post=5543"}],"curies":[{"name":"wp","href":"https:\/\/api.w.org\/{rel}","templated":true}]}}