{"id":5541,"date":"2022-03-12T23:17:20","date_gmt":"2022-03-12T23:17:20","guid":{"rendered":"https:\/\/vidaandina.com\/web\/?post_type=product&#038;p=5541"},"modified":"2024-04-14T04:27:30","modified_gmt":"2024-04-14T04:27:30","slug":"capsulas-espirulina-noni","status":"publish","type":"product","link":"https:\/\/vidaandinaperu.com\/es\/productos\/capsulas-espirulina-noni\/","title":{"rendered":"Espirulina con noni (120 caps x 500 mg)"},"content":{"rendered":"<p>La\u00a0<strong>Spirulina<\/strong>\u00a0considerada como un superalimento,\u00a0<strong>\u00a0es una microalga de alto contenido proteico, \u00e1cidos grasos esenciales, minerales y vitaminas.<\/strong><\/p>\n<p>Su cultivo es ideal para zonas des\u00e9rticas. Crece en medios acuosos alcalinos y salobres, y esto hace que presente pocas posibilidades de contaminarse.<\/p>\n<p>La planta del\u00a0<strong>Noni<\/strong>\u00a0(<em>Morinda citrifolia L<\/em>) es originario del sureste asi\u00e1tico hasta Australia, y son cultivadas en diferentes pa\u00edses como India, Polinesia, M\u00e9xico y parte de Am\u00e9rica del Sur. El fruto tiene una pulpa jugosa y amarga, de color amarillo opaco o blanco con un aspecto gelatinoso, presenta numerosas cavidades de color marr\u00f3n rojizo los cuales contienen cuatro semillas.<\/p>\n<p>Seg\u00fan la medicina tradicional la fruta\u00a0<strong>es recomendada para prevenir y combatir diferentes problemas de salud<\/strong>. Mayormente es utilizado para mejorar el sistema inmune.<\/p>\n<h5>Ingredientes:<\/h5>\n<p>&#8211; 95% espirulina org\u00e1nica en polvo + 5% fruto de Noni en polvo (en c\u00e1psula vegetal de 500mg) Sin preservantes ni aditivos.<\/p>\n<p>&#8211;\u00a0100% Noni Fruit seleccionada, libre de aromas artificiales, sabores o colorantes.<\/p>\n<h5>Uso:<\/h5>\n<ul>\n<li>Adultos: Consumir\u00a0 4 c\u00e1psulas al d\u00eda (acompa\u00f1ado\u00a0 de las comidas).<\/li>\n<\/ul>\n<h5>Beneficios:<\/h5>\n<ul>\n<li>Se recomienda su consumo para<strong>\u00a0fortalecer el sistema inmunol\u00f3gico.<\/strong><\/li>\n<li>Posee\u00a0<strong>propiedad antioxidante<\/strong>\u00a0que evita la formaci\u00f3n de radicales libres, previniendo as\u00ed la degeneraci\u00f3n celular.<\/li>\n<li><strong>Previene y reduce la Hipertensi\u00f3n arterial.<\/strong><\/li>\n<li>Tiene\u00a0<strong>efecto antimicrobiano<\/strong>, porque\u00a0<strong>inhibe el crecimiento de bacterias<\/strong>\u00a0como<strong>\u00a0<em>Staphylococcus aureus, Bacillus subtilus, Escherichia coli, Salmonella y Shigella.<\/em><\/strong><\/li>\n<li><strong>Mejora la digesti\u00f3n, previene formaci\u00f3n de \u00falceras y la gastritis.<\/strong><\/li>\n<li>Recomendado para\u00a0<strong>reducir el colesterol malo y los triglic\u00e9ridos\u00a0<\/strong>en la sangre.<\/li>\n<li><strong>Recomendado para prevenir la diabetes<\/strong>.\u00a0<strong>Regula el nivel de az\u00facar en la sangre.<\/strong><\/li>\n<\/ul>\n","protected":false},"excerpt":{"rendered":"<p>La\u00a0Spirulina\u00a0considerada como un superalimento,\u00a0\u00a0es una microalga de alto contenido proteico, \u00e1cidos grasos esenciales, minerales y vitaminas. Su cultivo es ideal para zonas des\u00e9rticas. Crece en&#8230;<\/p>\n","protected":false},"featured_media":6021,"comment_status":"open","ping_status":"closed","template":"","meta":{"inline_featured_image":false,"_joinchat":[]},"etheme_brands":[],"product_brand":[],"product_cat":[37,43],"product_tag":[],"class_list":{"0":"post-5541","1":"product","2":"type-product","3":"status-publish","4":"has-post-thumbnail","6":"product_cat-capsulas","7":"product_cat-vitaminas-suplementos","9":"first","10":"outofstock","11":"taxable","12":"shipping-taxable","13":"purchasable","14":"product-type-simple"},"acf":[],"_links":{"self":[{"href":"https:\/\/vidaandinaperu.com\/es\/wp-json\/wp\/v2\/product\/5541","targetHints":{"allow":["GET"]}}],"collection":[{"href":"https:\/\/vidaandinaperu.com\/es\/wp-json\/wp\/v2\/product"}],"about":[{"href":"https:\/\/vidaandinaperu.com\/es\/wp-json\/wp\/v2\/types\/product"}],"replies":[{"embeddable":true,"href":"https:\/\/vidaandinaperu.com\/es\/wp-json\/wp\/v2\/comments?post=5541"}],"version-history":[{"count":3,"href":"https:\/\/vidaandinaperu.com\/es\/wp-json\/wp\/v2\/product\/5541\/revisions"}],"predecessor-version":[{"id":8614,"href":"https:\/\/vidaandinaperu.com\/es\/wp-json\/wp\/v2\/product\/5541\/revisions\/8614"}],"wp:featuredmedia":[{"embeddable":true,"href":"https:\/\/vidaandinaperu.com\/es\/wp-json\/wp\/v2\/media\/6021"}],"wp:attachment":[{"href":"https:\/\/vidaandinaperu.com\/es\/wp-json\/wp\/v2\/media?parent=5541"}],"wp:term":[{"taxonomy":"brand","embeddable":true,"href":"https:\/\/vidaandinaperu.com\/es\/wp-json\/wp\/v2\/etheme_brands?post=5541"},{"taxonomy":"product_brand","embeddable":true,"href":"https:\/\/vidaandinaperu.com\/es\/wp-json\/wp\/v2\/product_brand?post=5541"},{"taxonomy":"product_cat","embeddable":true,"href":"https:\/\/vidaandinaperu.com\/es\/wp-json\/wp\/v2\/product_cat?post=5541"},{"taxonomy":"product_tag","embeddable":true,"href":"https:\/\/vidaandinaperu.com\/es\/wp-json\/wp\/v2\/product_tag?post=5541"}],"curies":[{"name":"wp","href":"https:\/\/api.w.org\/{rel}","templated":true}]}}