{"id":5531,"date":"2022-03-12T20:09:48","date_gmt":"2022-03-12T20:09:48","guid":{"rendered":"https:\/\/vidaandina.com\/web\/?post_type=product&#038;p=5531"},"modified":"2024-06-15T10:33:19","modified_gmt":"2024-06-15T10:33:19","slug":"ishield-sundown-naturals","status":"publish","type":"product","link":"https:\/\/vidaandinaperu.com\/es\/productos\/ishield-sundown-naturals\/","title":{"rendered":"iShield Sundown Naturals (60 caps. x 20 mg)"},"content":{"rendered":"<p>El producto IShield de Sundown Naturals est\u00e1 elaborado a base de diferentes componentes que ayudan a prevenir, mejorar y proteger la salud Ocular. Por tanto\u00a0 la\u00a0 funci\u00f3n principal es proteger al ojo frente a reacciones fotoqu\u00edmicas debido a la capacidad antioxidante que posee. Los ingredientes como el extracto de cal\u00e9ndula, que aporta\u00a0betacaroteno, lute\u00edna, zeaxantina y \u00f3xido de zinc, proteje de la luz azul emitida por dispositivos digitales, computadoras, tel\u00e9fonos inteligentes, y luz LED.<\/p>\n<h5>Ingredientes:<\/h5>\n<p>Vitamin A (as Beta-Carotene), Zinc (as Zinc Oxide), Lutein (as Lutemax 2020), Zeaxanthin Isomers (as Lutemax 2020).<\/p>\n<h5>Uso:<\/h5>\n<ul>\n<li>Adultos: Consumir 1 c\u00e1psula al d\u00eda.<\/li>\n<\/ul>\n<h5>Beneficios:<\/h5>\n<ul>\n<li>Su consumo\u00a0<strong>previene y protege de la sequedad ocular.<\/strong><\/li>\n<li><strong>Previene, protege y retarda la aparici\u00f3n de cataratas y degeneraci\u00f3n macular.<\/strong><\/li>\n<li>Recomendado para<strong>\u00a0proteger los tejidos de la retina.<\/strong><\/li>\n<li>Su consumo\u00a0<strong>ayuda a mantener la agudeza visual y la presi\u00f3n ocular en niveles normales.<\/strong><\/li>\n<li>Por su propiedad\u00a0<strong>antioxidante,<\/strong>\u00a0Evita la formaci\u00f3n de radicales libres y mol\u00e9culas oxidativas en los tejidos oculares, previniendo el envejecimiento celular acelerado.<\/li>\n<li>Por su composici\u00f3n\u00a0<strong>ayuda a la liberaci\u00f3n de vitamina A y el correcto funcionamiento de la retina.<\/strong><\/li>\n<\/ul>\n","protected":false},"excerpt":{"rendered":"<p>El producto IShield de Sundown Naturals est\u00e1 elaborado a base de diferentes componentes que ayudan a prevenir, mejorar y proteger la salud Ocular. Por tanto\u00a0&#8230;<\/p>\n","protected":false},"featured_media":6009,"comment_status":"open","ping_status":"closed","template":"","meta":{"inline_featured_image":false,"_joinchat":[]},"etheme_brands":[],"product_brand":[],"product_cat":[37,43],"product_tag":[],"class_list":{"0":"post-5531","1":"product","2":"type-product","3":"status-publish","4":"has-post-thumbnail","6":"product_cat-capsulas","7":"product_cat-vitaminas-suplementos","9":"first","10":"outofstock","11":"taxable","12":"shipping-taxable","13":"purchasable","14":"product-type-simple"},"acf":[],"_links":{"self":[{"href":"https:\/\/vidaandinaperu.com\/es\/wp-json\/wp\/v2\/product\/5531","targetHints":{"allow":["GET"]}}],"collection":[{"href":"https:\/\/vidaandinaperu.com\/es\/wp-json\/wp\/v2\/product"}],"about":[{"href":"https:\/\/vidaandinaperu.com\/es\/wp-json\/wp\/v2\/types\/product"}],"replies":[{"embeddable":true,"href":"https:\/\/vidaandinaperu.com\/es\/wp-json\/wp\/v2\/comments?post=5531"}],"version-history":[{"count":1,"href":"https:\/\/vidaandinaperu.com\/es\/wp-json\/wp\/v2\/product\/5531\/revisions"}],"predecessor-version":[{"id":8123,"href":"https:\/\/vidaandinaperu.com\/es\/wp-json\/wp\/v2\/product\/5531\/revisions\/8123"}],"wp:featuredmedia":[{"embeddable":true,"href":"https:\/\/vidaandinaperu.com\/es\/wp-json\/wp\/v2\/media\/6009"}],"wp:attachment":[{"href":"https:\/\/vidaandinaperu.com\/es\/wp-json\/wp\/v2\/media?parent=5531"}],"wp:term":[{"taxonomy":"brand","embeddable":true,"href":"https:\/\/vidaandinaperu.com\/es\/wp-json\/wp\/v2\/etheme_brands?post=5531"},{"taxonomy":"product_brand","embeddable":true,"href":"https:\/\/vidaandinaperu.com\/es\/wp-json\/wp\/v2\/product_brand?post=5531"},{"taxonomy":"product_cat","embeddable":true,"href":"https:\/\/vidaandinaperu.com\/es\/wp-json\/wp\/v2\/product_cat?post=5531"},{"taxonomy":"product_tag","embeddable":true,"href":"https:\/\/vidaandinaperu.com\/es\/wp-json\/wp\/v2\/product_tag?post=5531"}],"curies":[{"name":"wp","href":"https:\/\/api.w.org\/{rel}","templated":true}]}}