{"id":5530,"date":"2022-03-12T20:07:57","date_gmt":"2022-03-12T20:07:57","guid":{"rendered":"https:\/\/vidaandina.com\/web\/?post_type=product&#038;p=5530"},"modified":"2025-08-18T21:40:33","modified_gmt":"2025-08-18T21:40:33","slug":"garcinia-cambogia-sundown-naturals","status":"publish","type":"product","link":"https:\/\/vidaandinaperu.com\/es\/productos\/garcinia-cambogia-sundown-naturals\/","title":{"rendered":"Garcinia Cambogia (90 caps. x 1000 mg) &#8211; Sundown Naturals"},"content":{"rendered":"<p>Garcinia Cambogia es un arbusto originario de los bosques h\u00famedos del sur de la India, donde se utilizan sus frutos para elaborar especias, ya que proporciona un sabor \u00e1cido peculiar y\u00a0<strong>se emplea tradicionalmente en el tratamiento de diversas afecciones como edemas, estre\u00f1imiento y trastornos intestinales.<\/strong><\/p>\n<p>La Garcinia Cambogia es un vegetal nativo de la India cuyos frutos contienen \u00a0un 20 \u2013 30% de \u00e1cido hydroxicitrico (HCA), responsable de impedir la formaci\u00f3n de \u00e1cidos grasos a partir de glucosa, fen\u00f3meno que se produce cuando se ingiere una dieta rica en hidratos de carbono. Por tanto este fruto<strong>\u00a0es recomendado en el tratamiento de sobrepeso y obesidad.<\/strong><\/p>\n<h5>Ingredientes:<\/h5>\n<p>&#8211; Sin GMO, sin Lactosa, sin Gluten<br \/>\n&#8211; FORMULA VEGETARIANA<\/p>\n<h5>Uso:<\/h5>\n<ul>\n<li>Consumir 2 c\u00e1psulas al d\u00eda (de preferencia 1 hora antes de las comidas).<\/li>\n<\/ul>\n<h5>Beneficios:<\/h5>\n<ul>\n<li>Recomendado para\u00a0<strong>controlar y perder peso.<\/strong><\/li>\n<li><strong>Regula los niveles de colesterol y triglic\u00e9ridos<\/strong>.<\/li>\n<li>Recomendado a\u00a0<strong>deportistas<\/strong>, ya que permite el almacenamiento de gluc\u00f3geno como reserva energ\u00e9tica, por tanto<strong>\u00a0aumenta la resistencia durante el ejercicio.<\/strong><\/li>\n<li><strong>Disminuci\u00f3n del apetito.<\/strong><\/li>\n<li>A<strong>yuda a tonificar la masa muscular, evitando la flacidez.<\/strong><\/li>\n<\/ul>\n","protected":false},"excerpt":{"rendered":"<p>Garcinia Cambogia es un arbusto originario de los bosques h\u00famedos del sur de la India, donde se utilizan sus frutos para elaborar especias, ya que&#8230;<\/p>\n","protected":false},"featured_media":6007,"comment_status":"open","ping_status":"closed","template":"","meta":{"inline_featured_image":false,"_joinchat":[]},"etheme_brands":[],"product_brand":[],"product_cat":[37,43],"product_tag":[],"class_list":{"0":"post-5530","1":"product","2":"type-product","3":"status-publish","4":"has-post-thumbnail","6":"product_cat-capsulas","7":"product_cat-vitaminas-suplementos","9":"first","10":"outofstock","11":"taxable","12":"shipping-taxable","13":"purchasable","14":"product-type-simple"},"acf":[],"_links":{"self":[{"href":"https:\/\/vidaandinaperu.com\/es\/wp-json\/wp\/v2\/product\/5530","targetHints":{"allow":["GET"]}}],"collection":[{"href":"https:\/\/vidaandinaperu.com\/es\/wp-json\/wp\/v2\/product"}],"about":[{"href":"https:\/\/vidaandinaperu.com\/es\/wp-json\/wp\/v2\/types\/product"}],"replies":[{"embeddable":true,"href":"https:\/\/vidaandinaperu.com\/es\/wp-json\/wp\/v2\/comments?post=5530"}],"version-history":[{"count":1,"href":"https:\/\/vidaandinaperu.com\/es\/wp-json\/wp\/v2\/product\/5530\/revisions"}],"predecessor-version":[{"id":8122,"href":"https:\/\/vidaandinaperu.com\/es\/wp-json\/wp\/v2\/product\/5530\/revisions\/8122"}],"wp:featuredmedia":[{"embeddable":true,"href":"https:\/\/vidaandinaperu.com\/es\/wp-json\/wp\/v2\/media\/6007"}],"wp:attachment":[{"href":"https:\/\/vidaandinaperu.com\/es\/wp-json\/wp\/v2\/media?parent=5530"}],"wp:term":[{"taxonomy":"brand","embeddable":true,"href":"https:\/\/vidaandinaperu.com\/es\/wp-json\/wp\/v2\/etheme_brands?post=5530"},{"taxonomy":"product_brand","embeddable":true,"href":"https:\/\/vidaandinaperu.com\/es\/wp-json\/wp\/v2\/product_brand?post=5530"},{"taxonomy":"product_cat","embeddable":true,"href":"https:\/\/vidaandinaperu.com\/es\/wp-json\/wp\/v2\/product_cat?post=5530"},{"taxonomy":"product_tag","embeddable":true,"href":"https:\/\/vidaandinaperu.com\/es\/wp-json\/wp\/v2\/product_tag?post=5530"}],"curies":[{"name":"wp","href":"https:\/\/api.w.org\/{rel}","templated":true}]}}