{"id":5522,"date":"2022-03-12T19:57:54","date_gmt":"2022-03-12T19:57:54","guid":{"rendered":"https:\/\/vidaandina.com\/web\/?post_type=product&#038;p=5522"},"modified":"2025-08-18T21:43:09","modified_gmt":"2025-08-18T21:43:09","slug":"arginina-sundown-naturals","status":"publish","type":"product","link":"https:\/\/vidaandinaperu.com\/es\/productos\/arginina-sundown-naturals\/","title":{"rendered":"L &#8211; Arginina (90 caps. x 500 mg) &#8211; Sundown Naturals"},"content":{"rendered":"<p>La L- arginina es un amino\u00e1cido que se obtiene a partir de la alimentaci\u00f3n y es necesaria para el cuerpo para elaborar las prote\u00ednas. Se encuentra en la carne roja, carne de aves y productos l\u00e1cteos.<\/p>\n<p>Asimismo, se dice que la L-arginina tiene un efecto estimulante y vasodilatador, tambi\u00e9n permite aumentar la masa muscular ya que mejora el suministro de nutrientes a los m\u00fasculos y act\u00faa como fortalecedor del sistema inmune.<\/p>\n<h5>Uso:<\/h5>\n<ul>\n<li>Consumir 2 c\u00e1psulas al d\u00eda.<\/li>\n<\/ul>\n<h5>Beneficios:<\/h5>\n<ul>\n<li>Recomendado para deportistas,\u00a0<strong>mejora el rendimiento f\u00edsico e incrementa la masa muscular.<\/strong><\/li>\n<li><strong>Fortalece el sistema inmunitario.<\/strong><\/li>\n<li>Su consumo<strong>\u00a0regula y mejora la densidad \u00f3sea.<\/strong><\/li>\n<li>Se recomienda su consumo para<strong>\u00a0aumentar la formaci\u00f3n de col\u00e1geno en la cicatrizaci\u00f3n de las heridas.<\/strong><\/li>\n<li>Su consumo\u00a0<strong>mejora la liberaci\u00f3n y producci\u00f3n de \u00e1cido n\u00edtrico.<\/strong><\/li>\n<\/ul>\n","protected":false},"excerpt":{"rendered":"<p>La L- arginina es un amino\u00e1cido que se obtiene a partir de la alimentaci\u00f3n y es necesaria para el cuerpo para elaborar las prote\u00ednas. Se&#8230;<\/p>\n","protected":false},"featured_media":6003,"comment_status":"open","ping_status":"closed","template":"","meta":{"inline_featured_image":false,"_joinchat":[]},"etheme_brands":[],"product_brand":[],"product_cat":[37,43],"product_tag":[],"class_list":{"0":"post-5522","1":"product","2":"type-product","3":"status-publish","4":"has-post-thumbnail","6":"product_cat-capsulas","7":"product_cat-vitaminas-suplementos","9":"first","10":"outofstock","11":"taxable","12":"shipping-taxable","13":"purchasable","14":"product-type-simple"},"acf":[],"_links":{"self":[{"href":"https:\/\/vidaandinaperu.com\/es\/wp-json\/wp\/v2\/product\/5522","targetHints":{"allow":["GET"]}}],"collection":[{"href":"https:\/\/vidaandinaperu.com\/es\/wp-json\/wp\/v2\/product"}],"about":[{"href":"https:\/\/vidaandinaperu.com\/es\/wp-json\/wp\/v2\/types\/product"}],"replies":[{"embeddable":true,"href":"https:\/\/vidaandinaperu.com\/es\/wp-json\/wp\/v2\/comments?post=5522"}],"version-history":[{"count":1,"href":"https:\/\/vidaandinaperu.com\/es\/wp-json\/wp\/v2\/product\/5522\/revisions"}],"predecessor-version":[{"id":8119,"href":"https:\/\/vidaandinaperu.com\/es\/wp-json\/wp\/v2\/product\/5522\/revisions\/8119"}],"wp:featuredmedia":[{"embeddable":true,"href":"https:\/\/vidaandinaperu.com\/es\/wp-json\/wp\/v2\/media\/6003"}],"wp:attachment":[{"href":"https:\/\/vidaandinaperu.com\/es\/wp-json\/wp\/v2\/media?parent=5522"}],"wp:term":[{"taxonomy":"brand","embeddable":true,"href":"https:\/\/vidaandinaperu.com\/es\/wp-json\/wp\/v2\/etheme_brands?post=5522"},{"taxonomy":"product_brand","embeddable":true,"href":"https:\/\/vidaandinaperu.com\/es\/wp-json\/wp\/v2\/product_brand?post=5522"},{"taxonomy":"product_cat","embeddable":true,"href":"https:\/\/vidaandinaperu.com\/es\/wp-json\/wp\/v2\/product_cat?post=5522"},{"taxonomy":"product_tag","embeddable":true,"href":"https:\/\/vidaandinaperu.com\/es\/wp-json\/wp\/v2\/product_tag?post=5522"}],"curies":[{"name":"wp","href":"https:\/\/api.w.org\/{rel}","templated":true}]}}