{"id":5520,"date":"2022-03-12T19:53:25","date_gmt":"2022-03-12T19:53:25","guid":{"rendered":"https:\/\/vidaandina.com\/web\/?post_type=product&#038;p=5520"},"modified":"2025-08-18T21:40:38","modified_gmt":"2025-08-18T21:40:38","slug":"fibra-vitamina-gummies-sundown-naturals","status":"publish","type":"product","link":"https:\/\/vidaandinaperu.com\/es\/productos\/fibra-vitamina-gummies-sundown-naturals\/","title":{"rendered":"Fibra con vitamina D3 Gummies (50 gomitas) &#8211; Sundown Naturals"},"content":{"rendered":"<p>La combinaci\u00f3n de fibra y vitamina D3 (colecalciferol) est\u00e1 ideada para mejorar la funci\u00f3n del sistema tracto digestivo. La fibra que contiene ayuda a combatir el estre\u00f1imiento y en consecuencia mejorar la absorci\u00f3n de los alimentos. Por su contenido en Vitamina D3, ayuda a absorber mejor el calcio en el organismo.<\/p>\n<h5>Ingredientes:<\/h5>\n<div class=\"row\">\n<div class=\"col-lg-12 col-sm-12 col-md-12 col-xs-12\">\n<div class=\"mostrar_tap\">\n<div class=\"tab-content\">\n<div id=\"conposicionxx\" class=\"tab-pane active\" role=\"tabpanel\">\n<p>Gomitas masticables con sabor a naranja, cereza, uva, manzana, lim\u00f3n y fresa.<\/p>\n<\/div>\n<\/div>\n<\/div>\n<\/div>\n<\/div>\n<h5>Uso:<\/h5>\n<ul>\n<li>Recomendado consumir 2 gomitas al d\u00eda, de preferencia en las comidas.<\/li>\n<\/ul>\n<h5>Beneficios:<\/h5>\n<ul>\n<li>Su consumo\u00a0<strong>refuerza el sistema inmunol\u00f3gico<\/strong>,<strong>\u00a0favorece la absorci\u00f3n intestinal de calcio y f\u00f3sforo.<\/strong><\/li>\n<li>Act\u00faa como<strong>\u00a0laxante natural por su alto contenido de fibra.<\/strong><\/li>\n<li>Recomendado para\u00a0<strong>mejorar la funci\u00f3n intestinal y mantenerlo saludable.<\/strong><\/li>\n<li>Por su contenido de fibra prebi\u00f3tica,\u00a0<strong>favorece a mejorar el funcionamiento de la flora intestinal, mejorando as\u00ed la absorci\u00f3n de los alimentos.<\/strong><\/li>\n<li><strong>Recomendado para combatir el estre\u00f1imiento.<\/strong><\/li>\n<\/ul>\n","protected":false},"excerpt":{"rendered":"<p>La combinaci\u00f3n de fibra y vitamina D3 (colecalciferol) est\u00e1 ideada para mejorar la funci\u00f3n del sistema tracto digestivo. La fibra que contiene ayuda a combatir&#8230;<\/p>\n","protected":false},"featured_media":6001,"comment_status":"open","ping_status":"closed","template":"","meta":{"inline_featured_image":false,"_joinchat":[]},"etheme_brands":[],"product_brand":[],"product_cat":[37,43],"product_tag":[],"class_list":{"0":"post-5520","1":"product","2":"type-product","3":"status-publish","4":"has-post-thumbnail","6":"product_cat-capsulas","7":"product_cat-vitaminas-suplementos","9":"first","10":"outofstock","11":"taxable","12":"shipping-taxable","13":"purchasable","14":"product-type-simple"},"acf":[],"_links":{"self":[{"href":"https:\/\/vidaandinaperu.com\/es\/wp-json\/wp\/v2\/product\/5520","targetHints":{"allow":["GET"]}}],"collection":[{"href":"https:\/\/vidaandinaperu.com\/es\/wp-json\/wp\/v2\/product"}],"about":[{"href":"https:\/\/vidaandinaperu.com\/es\/wp-json\/wp\/v2\/types\/product"}],"replies":[{"embeddable":true,"href":"https:\/\/vidaandinaperu.com\/es\/wp-json\/wp\/v2\/comments?post=5520"}],"version-history":[{"count":1,"href":"https:\/\/vidaandinaperu.com\/es\/wp-json\/wp\/v2\/product\/5520\/revisions"}],"predecessor-version":[{"id":8117,"href":"https:\/\/vidaandinaperu.com\/es\/wp-json\/wp\/v2\/product\/5520\/revisions\/8117"}],"wp:featuredmedia":[{"embeddable":true,"href":"https:\/\/vidaandinaperu.com\/es\/wp-json\/wp\/v2\/media\/6001"}],"wp:attachment":[{"href":"https:\/\/vidaandinaperu.com\/es\/wp-json\/wp\/v2\/media?parent=5520"}],"wp:term":[{"taxonomy":"brand","embeddable":true,"href":"https:\/\/vidaandinaperu.com\/es\/wp-json\/wp\/v2\/etheme_brands?post=5520"},{"taxonomy":"product_brand","embeddable":true,"href":"https:\/\/vidaandinaperu.com\/es\/wp-json\/wp\/v2\/product_brand?post=5520"},{"taxonomy":"product_cat","embeddable":true,"href":"https:\/\/vidaandinaperu.com\/es\/wp-json\/wp\/v2\/product_cat?post=5520"},{"taxonomy":"product_tag","embeddable":true,"href":"https:\/\/vidaandinaperu.com\/es\/wp-json\/wp\/v2\/product_tag?post=5520"}],"curies":[{"name":"wp","href":"https:\/\/api.w.org\/{rel}","templated":true}]}}