{"id":5514,"date":"2022-03-12T19:44:06","date_gmt":"2022-03-12T19:44:06","guid":{"rendered":"https:\/\/vidaandina.com\/web\/?post_type=product&#038;p=5514"},"modified":"2024-06-15T09:40:33","modified_gmt":"2024-06-15T09:40:33","slug":"echinacea-sistema-inmune-sundown-naturals","status":"publish","type":"product","link":"https:\/\/vidaandinaperu.com\/es\/productos\/echinacea-sistema-inmune-sundown-naturals\/","title":{"rendered":"Equin\u00e1cea o Echinacea (100 caps. x 400 mg) &#8211; Sundown Naturals"},"content":{"rendered":"<p>La Equinacea es una planta originaria de los estados unidos, donde crece en las praderas. Los nativos americanos fueron los primeros en utilizar la planta por sus propiedades curativas.<\/p>\n<p>Sus principales componentes de la planta son polisac\u00e1ridos, \u00e1cidos fen\u00f3licos libres, flavonoides y alcaloides. Asimismo\u00a0<strong>es alta en fibra, vitamina C y B, betacarotenos y minerales como hierro, sodio, magnesio y calcio.<\/strong><\/p>\n<h5>Uso:<\/h5>\n<ul>\n<li>Se recomienda consumir 1\u00a0 c\u00e1psula diaria.<\/li>\n<\/ul>\n<h5>Beneficios:<\/h5>\n<ul>\n<li>Se recomienda su consumo para\u00a0<strong>fortalecer el sistema inmunol\u00f3gico.<\/strong><\/li>\n<li>Activan determinados mecanismos de protecci\u00f3n frente a agentes extra\u00f1os, es por ello que\u00a0<strong>tiene efecto antiviral y antibacterial.<\/strong><\/li>\n<li><strong>Recomendado para aliviar el resfr\u00edo, dolores de garganta, sinusitis, bronquitis, faringitis y la inflamaci\u00f3n de am\u00edgdala<\/strong>. As\u00ed como tambi\u00e9n a otras enfermedades del sistema respiratorio, facilitando y apresurando el proceso de recuperaci\u00f3n.<\/li>\n<li>Su consumo\u00a0<strong>mejora la producci\u00f3n de gl\u00f3bulos blancos.<\/strong><\/li>\n<\/ul>\n","protected":false},"excerpt":{"rendered":"<p>La Equinacea es una planta originaria de los estados unidos, donde crece en las praderas. Los nativos americanos fueron los primeros en utilizar la planta&#8230;<\/p>\n","protected":false},"featured_media":5994,"comment_status":"open","ping_status":"closed","template":"","meta":{"inline_featured_image":false,"_joinchat":[]},"etheme_brands":[],"product_brand":[],"product_cat":[37,43],"product_tag":[],"class_list":{"0":"post-5514","1":"product","2":"type-product","3":"status-publish","4":"has-post-thumbnail","6":"product_cat-capsulas","7":"product_cat-vitaminas-suplementos","9":"first","10":"outofstock","11":"taxable","12":"shipping-taxable","13":"purchasable","14":"product-type-simple"},"acf":[],"_links":{"self":[{"href":"https:\/\/vidaandinaperu.com\/es\/wp-json\/wp\/v2\/product\/5514","targetHints":{"allow":["GET"]}}],"collection":[{"href":"https:\/\/vidaandinaperu.com\/es\/wp-json\/wp\/v2\/product"}],"about":[{"href":"https:\/\/vidaandinaperu.com\/es\/wp-json\/wp\/v2\/types\/product"}],"replies":[{"embeddable":true,"href":"https:\/\/vidaandinaperu.com\/es\/wp-json\/wp\/v2\/comments?post=5514"}],"version-history":[{"count":1,"href":"https:\/\/vidaandinaperu.com\/es\/wp-json\/wp\/v2\/product\/5514\/revisions"}],"predecessor-version":[{"id":8112,"href":"https:\/\/vidaandinaperu.com\/es\/wp-json\/wp\/v2\/product\/5514\/revisions\/8112"}],"wp:featuredmedia":[{"embeddable":true,"href":"https:\/\/vidaandinaperu.com\/es\/wp-json\/wp\/v2\/media\/5994"}],"wp:attachment":[{"href":"https:\/\/vidaandinaperu.com\/es\/wp-json\/wp\/v2\/media?parent=5514"}],"wp:term":[{"taxonomy":"brand","embeddable":true,"href":"https:\/\/vidaandinaperu.com\/es\/wp-json\/wp\/v2\/etheme_brands?post=5514"},{"taxonomy":"product_brand","embeddable":true,"href":"https:\/\/vidaandinaperu.com\/es\/wp-json\/wp\/v2\/product_brand?post=5514"},{"taxonomy":"product_cat","embeddable":true,"href":"https:\/\/vidaandinaperu.com\/es\/wp-json\/wp\/v2\/product_cat?post=5514"},{"taxonomy":"product_tag","embeddable":true,"href":"https:\/\/vidaandinaperu.com\/es\/wp-json\/wp\/v2\/product_tag?post=5514"}],"curies":[{"name":"wp","href":"https:\/\/api.w.org\/{rel}","templated":true}]}}