{"id":5509,"date":"2022-03-12T19:04:41","date_gmt":"2022-03-12T19:04:41","guid":{"rendered":"https:\/\/vidaandina.com\/web\/?post_type=product&#038;p=5509"},"modified":"2024-06-15T10:40:26","modified_gmt":"2024-06-15T10:40:26","slug":"hierro-sundown-naturals","status":"publish","type":"product","link":"https:\/\/vidaandinaperu.com\/es\/productos\/hierro-sundown-naturals\/","title":{"rendered":"Hierro (120 tabletas. x 65 mg.) &#8211; Sundown Naturals"},"content":{"rendered":"<p>El<strong>\u00a0hierro<\/strong>\u00a0como componente esencial de cientos de prote\u00ednas y enzimas,\u00a0<strong>es un mineral indispensable para la formaci\u00f3n de la hemoglobina<\/strong>, que es la encargada de transportar el ox\u00edgeno a todas las c\u00e9lulas del cuerpo a trav\u00e9s de la sangre. Asimismo e<strong>l hierro en conjunto con el ox\u00edgeno es necesario para la producci\u00f3n de energ\u00eda en las c\u00e9lulas del cuerpo.<\/strong><\/p>\n<p>El consumo de suplemento de h<strong>ierro es ideal para gestantes<\/strong>, porque\u00a0<strong>favorece el correcto crecimiento y desarrollo del embri\u00f3n y ayuda a combatir la anemia.<\/strong><\/p>\n<h5>Uso:<\/h5>\n<ul>\n<li>Se recomienda consumir 1\u00a0 tableta diaria (de preferencia con la comida y con abundante agua).<\/li>\n<\/ul>\n<p>&nbsp;<\/p>\n<p>&#8211;\u00a0<strong>CONDICIONES DE CONSERVACI\u00d3N:<\/strong><\/p>\n<p>Conservar a temperatura ambiente, en un lugar fresco y seco. Protegido de la luz.<\/p>\n<p>Mantener alejado de los ni\u00f1os.<\/p>\n<p>&#8211;\u00a0<strong>PRECAUCIONES:<\/strong><\/p>\n<p>Consumir de manera moderada.<\/p>\n<p>Mantener alejado de los ni\u00f1os.<\/p>\n<p>Consulta con tu m\u00e9dico ante cualquier duda sobre intolerancias, alergias o incompatibilidades.<\/p>\n<h5>Beneficios:<\/h5>\n<ul>\n<li>Se recomienda su consumo para\u00a0<strong>combatir y prevenir la anemia.<\/strong><\/li>\n<li>Contribuye a la\u00a0<strong>formaci\u00f3n normal de gl\u00f3bulos rojos y hemoglobina.<\/strong><\/li>\n<li>Recomendado\u00a0<strong>para mujeres embarazadas hasta el posparto.<\/strong><\/li>\n<li>Su consumo regular<strong>\u00a0previene las enfermedades degenerativas como la demencia y el Alzheimer.<\/strong><\/li>\n<li>Contribuye al funcionamiento normal del metabolismo,\u00a0<strong>produciendo energ\u00eda<\/strong>. Por tanto\u00a0<strong>reduce la fatiga y debilidad.\u00a0<\/strong><\/li>\n<li>Su uso es recomendado para<strong>\u00a0evitar trastornos del sue\u00f1o como la apnea.<\/strong><\/li>\n<li>Recomendado para<strong>\u00a0reducir os s\u00edntomas y malestares del periodo menstrual.<\/strong><\/li>\n<\/ul>\n","protected":false},"excerpt":{"rendered":"<p>El\u00a0hierro\u00a0como componente esencial de cientos de prote\u00ednas y enzimas,\u00a0es un mineral indispensable para la formaci\u00f3n de la hemoglobina, que es la encargada de transportar el&#8230;<\/p>\n","protected":false},"featured_media":5988,"comment_status":"open","ping_status":"closed","template":"","meta":{"inline_featured_image":false,"_joinchat":[]},"etheme_brands":[],"product_brand":[],"product_cat":[37,43],"product_tag":[],"class_list":{"0":"post-5509","1":"product","2":"type-product","3":"status-publish","4":"has-post-thumbnail","6":"product_cat-capsulas","7":"product_cat-vitaminas-suplementos","9":"first","10":"outofstock","11":"taxable","12":"shipping-taxable","13":"purchasable","14":"product-type-simple"},"acf":[],"_links":{"self":[{"href":"https:\/\/vidaandinaperu.com\/es\/wp-json\/wp\/v2\/product\/5509","targetHints":{"allow":["GET"]}}],"collection":[{"href":"https:\/\/vidaandinaperu.com\/es\/wp-json\/wp\/v2\/product"}],"about":[{"href":"https:\/\/vidaandinaperu.com\/es\/wp-json\/wp\/v2\/types\/product"}],"replies":[{"embeddable":true,"href":"https:\/\/vidaandinaperu.com\/es\/wp-json\/wp\/v2\/comments?post=5509"}],"version-history":[{"count":1,"href":"https:\/\/vidaandinaperu.com\/es\/wp-json\/wp\/v2\/product\/5509\/revisions"}],"predecessor-version":[{"id":36962,"href":"https:\/\/vidaandinaperu.com\/es\/wp-json\/wp\/v2\/product\/5509\/revisions\/36962"}],"wp:featuredmedia":[{"embeddable":true,"href":"https:\/\/vidaandinaperu.com\/es\/wp-json\/wp\/v2\/media\/5988"}],"wp:attachment":[{"href":"https:\/\/vidaandinaperu.com\/es\/wp-json\/wp\/v2\/media?parent=5509"}],"wp:term":[{"taxonomy":"brand","embeddable":true,"href":"https:\/\/vidaandinaperu.com\/es\/wp-json\/wp\/v2\/etheme_brands?post=5509"},{"taxonomy":"product_brand","embeddable":true,"href":"https:\/\/vidaandinaperu.com\/es\/wp-json\/wp\/v2\/product_brand?post=5509"},{"taxonomy":"product_cat","embeddable":true,"href":"https:\/\/vidaandinaperu.com\/es\/wp-json\/wp\/v2\/product_cat?post=5509"},{"taxonomy":"product_tag","embeddable":true,"href":"https:\/\/vidaandinaperu.com\/es\/wp-json\/wp\/v2\/product_tag?post=5509"}],"curies":[{"name":"wp","href":"https:\/\/api.w.org\/{rel}","templated":true}]}}