{"id":5506,"date":"2022-03-12T18:56:31","date_gmt":"2022-03-12T18:56:31","guid":{"rendered":"https:\/\/vidaandina.com\/web\/?post_type=product&#038;p=5506"},"modified":"2025-08-18T21:46:08","modified_gmt":"2025-08-18T21:46:08","slug":"omega-completo-salmon-alaska-sundown-naturals","status":"publish","type":"product","link":"https:\/\/vidaandinaperu.com\/es\/productos\/omega-completo-salmon-alaska-sundown-naturals\/","title":{"rendered":"Omega completo de Salm\u00f3n de Alaska (90 Softg. x 1400 mg) &#8211; Sundown Naturals"},"content":{"rendered":"<p><strong>El omega completo de Salm\u00f3n de Alaska contiene diferentes Omegas<\/strong>, dentro ellos, como<strong>\u00a0los m\u00e1s principales son el 3, 6 y 9<\/strong>.\u00a0<strong>Son \u00e1cidos grasos esenciales para el desarrollo cerebral y diferentes actividades en el organismo,<\/strong>\u00a0porque adem\u00e1s cumplen funciones energ\u00e9ticas y de reserva metab\u00f3lica forman la estructura b\u00e1sica de algunas hormonas y de las sales biliares.<\/p>\n<p><strong>Asimismo la ingesta de \u00e1cidos grasos durante el embarazo y la lactancia es fundamental para el desarrollo neurol\u00f3gico y crecimiento adecuado del neonato.<\/strong><\/p>\n<h5>Ingredientes:<\/h5>\n<p>F\u00f3rmula a base de puro\u00a0salm\u00f3n de Alaska.<\/p>\n<h5>Uso:<\/h5>\n<ul>\n<li>Se recomienda consumir 2 c\u00e1psulas sofgels al d\u00eda.<\/li>\n<\/ul>\n<p>&nbsp;<\/p>\n<p>&#8211;\u00a0<strong>CONDICIONES DE CONSERVACI\u00d3N:<\/strong><\/p>\n<p>Conservar a temperatura ambiente, en un lugar fresco y seco. Protegido de la luz.<\/p>\n<p>Mantener alejado de los ni\u00f1os.<\/p>\n<p>&#8211;\u00a0<strong>PRECAUCIONES:<\/strong><\/p>\n<p>Consumir de manera moderada.<\/p>\n<p>Mantener alejado de los ni\u00f1os.<\/p>\n<p>Consulta con tu m\u00e9dico ante cualquier duda sobre intolerancias, alergias o incompatibilidades.<\/p>\n<h5>Beneficios:<\/h5>\n<ul>\n<li>Por su contenido en \u00e1cido grasos<strong>\u00a0ayuda a prevenir y disminuir el riesgo cardiovascular al mejorar el perfil lip\u00eddico\u00a0<\/strong>(reduce la concentraci\u00f3n de triglic\u00e9ridos en sangre).<\/li>\n<li>Recomendado para\u00a0<strong>prevenir la aparici\u00f3n de arritmias y la muerte s\u00fabita y reducen la presi\u00f3n arterial.\u00a0<\/strong>Adem\u00e1s producen vasodilataci\u00f3n.<\/li>\n<li>Consumir de manera equilibrada los \u00e1cidos grasos a<strong>yuda a prevenir enfermedades como las antiinflamatorias, la artritis reumatoide, neumon\u00eda bacteriana, inflamaci\u00f3n intestinal y enfermedades de la piel (eczema y psoriasis).<\/strong><\/li>\n<li><strong>En las etapas de gestaci\u00f3n y lactancia se recomiend<\/strong>a consumir por sus diferentes\u00a0<strong>beneficios tanto en la madre como al lactante por sus diferentes valores nutricionales, as\u00ed como el mejor desarrollo cerebral en los reci\u00e9n nacidos.<\/strong><\/li>\n<\/ul>\n","protected":false},"excerpt":{"rendered":"<p>El omega completo de Salm\u00f3n de Alaska contiene diferentes Omegas, dentro ellos, como\u00a0los m\u00e1s principales son el 3, 6 y 9.\u00a0Son \u00e1cidos grasos esenciales para&#8230;<\/p>\n","protected":false},"featured_media":5985,"comment_status":"open","ping_status":"closed","template":"","meta":{"inline_featured_image":false,"_joinchat":[]},"etheme_brands":[],"product_brand":[],"product_cat":[37,43],"product_tag":[],"class_list":{"0":"post-5506","1":"product","2":"type-product","3":"status-publish","4":"has-post-thumbnail","6":"product_cat-capsulas","7":"product_cat-vitaminas-suplementos","9":"first","10":"outofstock","11":"taxable","12":"shipping-taxable","13":"purchasable","14":"product-type-simple"},"acf":[],"_links":{"self":[{"href":"https:\/\/vidaandinaperu.com\/es\/wp-json\/wp\/v2\/product\/5506","targetHints":{"allow":["GET"]}}],"collection":[{"href":"https:\/\/vidaandinaperu.com\/es\/wp-json\/wp\/v2\/product"}],"about":[{"href":"https:\/\/vidaandinaperu.com\/es\/wp-json\/wp\/v2\/types\/product"}],"replies":[{"embeddable":true,"href":"https:\/\/vidaandinaperu.com\/es\/wp-json\/wp\/v2\/comments?post=5506"}],"version-history":[{"count":2,"href":"https:\/\/vidaandinaperu.com\/es\/wp-json\/wp\/v2\/product\/5506\/revisions"}],"predecessor-version":[{"id":8106,"href":"https:\/\/vidaandinaperu.com\/es\/wp-json\/wp\/v2\/product\/5506\/revisions\/8106"}],"wp:featuredmedia":[{"embeddable":true,"href":"https:\/\/vidaandinaperu.com\/es\/wp-json\/wp\/v2\/media\/5985"}],"wp:attachment":[{"href":"https:\/\/vidaandinaperu.com\/es\/wp-json\/wp\/v2\/media?parent=5506"}],"wp:term":[{"taxonomy":"brand","embeddable":true,"href":"https:\/\/vidaandinaperu.com\/es\/wp-json\/wp\/v2\/etheme_brands?post=5506"},{"taxonomy":"product_brand","embeddable":true,"href":"https:\/\/vidaandinaperu.com\/es\/wp-json\/wp\/v2\/product_brand?post=5506"},{"taxonomy":"product_cat","embeddable":true,"href":"https:\/\/vidaandinaperu.com\/es\/wp-json\/wp\/v2\/product_cat?post=5506"},{"taxonomy":"product_tag","embeddable":true,"href":"https:\/\/vidaandinaperu.com\/es\/wp-json\/wp\/v2\/product_tag?post=5506"}],"curies":[{"name":"wp","href":"https:\/\/api.w.org\/{rel}","templated":true}]}}