{"id":5503,"date":"2022-03-12T18:18:35","date_gmt":"2022-03-12T18:18:35","guid":{"rendered":"https:\/\/vidaandina.com\/web\/?post_type=product&#038;p=5503"},"modified":"2025-03-08T23:07:29","modified_gmt":"2025-03-08T23:07:29","slug":"melatonina-gummies-sundown-naturals","status":"publish","type":"product","link":"https:\/\/vidaandinaperu.com\/es\/productos\/melatonina-gummies-sundown-naturals\/","title":{"rendered":"Melatonina Gummies (60 gomitas) &#8211; Sundown NaturalsMelatonina Gummies (60 gomitas) &#8211; Sundown Naturals"},"content":{"rendered":"<p><strong>La melatonina (MLT) es una hormona que est\u00e1 presente en el organismo.<\/strong>\u00a0Se le ha atribuido un gran n\u00famero de propiedades terap\u00e9uticas; sin embargo, s\u00f3lo\u00a0<strong>se ha comprobado su utilidad en el tratamiento del insomnio, la descompensaci\u00f3n horaria y su propiedad como antioxidante.<\/strong><\/p>\n<p>En las personas tanto el sue\u00f1o como la vigilia son regulados por ritmos biol\u00f3gicos, entre los que destaca la secreci\u00f3n de MLT y el funcionamiento correcto, tanto del n\u00facleo supraquiasm\u00e1tico como el de la gl\u00e1ndula pineal. Es por ello que<strong>\u00a0la melatonina como complemento es muy recomendada para las personas que presentan alteraciones del sue\u00f1o.<\/strong><\/p>\n<p>Deliciosas gomitas masticables con sabor a fresa.<\/p>\n<h5>Uso:<\/h5>\n<ul>\n<li>Se recomienda consumir 2 gomitas antes de acostarse.<\/li>\n<\/ul>\n<p>&nbsp;<\/p>\n<p>&#8211;\u00a0<strong>CONDICIONES DE CONSERVACI\u00d3N:<\/strong><\/p>\n<p>Conservar a temperatura ambiente, en un lugar fresco y seco. Protegido de la luz.<\/p>\n<p>Mantener alejado de los ni\u00f1os.<\/p>\n<p>&#8211;\u00a0<strong>PRECAUCIONES:<\/strong><\/p>\n<p>Consulta con tu m\u00e9dico ante cualquier duda sobre intolerancias, alergias o incompatibilidades.<\/p>\n<p>Si est\u00e1 embarazada, lactando, tomando alg\u00fan medicamento o tiene alguna condici\u00f3n m\u00e9dica, consulte a su m\u00e9dico antes de usar. Suspenda su uso y consulte a su m\u00e9dico si se producen reacciones adversas<\/p>\n<p>Consumir de manera moderada.<\/p>\n<p>Mantener alejado de los ni\u00f1os.<\/p>\n<h5>Beneficios:<\/h5>\n<ul>\n<li>Se recomienda su consumo por ser<strong>\u00a0efectivo contra el insomnio.<\/strong>\u00a0La utilidad de la melatonina contra el insomnio se atribuye a la reducci\u00f3n que \u00e9sta genera del tiempo de latencia del sue\u00f1o, de los despertares nocturnos y a que adem\u00e1s\u00a0<strong>promueve y prolonga la duraci\u00f3n y calidad del mismo.<\/strong><\/li>\n<li>La recomendaci\u00f3n de su consumo como\u00a0<strong>antioxidante<\/strong>, se debe a la activaci\u00f3n de m\u00faltiples enzimas antioxidantes, como la super\u00f3xido dismutasa, glutati\u00f3n peroxidasa y glutati\u00f3n reductasa, que son los responsables de neutralizar los radicales libres.<\/li>\n<\/ul>\n","protected":false},"excerpt":{"rendered":"<p>La melatonina (MLT) es una hormona que est\u00e1 presente en el organismo.\u00a0Se le ha atribuido un gran n\u00famero de propiedades terap\u00e9uticas; sin embargo, s\u00f3lo\u00a0se ha&#8230;<\/p>\n","protected":false},"featured_media":5982,"comment_status":"open","ping_status":"closed","template":"","meta":{"inline_featured_image":false,"_joinchat":[]},"etheme_brands":[],"product_brand":[],"product_cat":[37,43],"product_tag":[],"class_list":{"0":"post-5503","1":"product","2":"type-product","3":"status-publish","4":"has-post-thumbnail","6":"product_cat-capsulas","7":"product_cat-vitaminas-suplementos","9":"first","10":"outofstock","11":"taxable","12":"shipping-taxable","13":"purchasable","14":"product-type-simple"},"acf":[],"_links":{"self":[{"href":"https:\/\/vidaandinaperu.com\/es\/wp-json\/wp\/v2\/product\/5503","targetHints":{"allow":["GET"]}}],"collection":[{"href":"https:\/\/vidaandinaperu.com\/es\/wp-json\/wp\/v2\/product"}],"about":[{"href":"https:\/\/vidaandinaperu.com\/es\/wp-json\/wp\/v2\/types\/product"}],"replies":[{"embeddable":true,"href":"https:\/\/vidaandinaperu.com\/es\/wp-json\/wp\/v2\/comments?post=5503"}],"version-history":[{"count":2,"href":"https:\/\/vidaandinaperu.com\/es\/wp-json\/wp\/v2\/product\/5503\/revisions"}],"predecessor-version":[{"id":8104,"href":"https:\/\/vidaandinaperu.com\/es\/wp-json\/wp\/v2\/product\/5503\/revisions\/8104"}],"wp:featuredmedia":[{"embeddable":true,"href":"https:\/\/vidaandinaperu.com\/es\/wp-json\/wp\/v2\/media\/5982"}],"wp:attachment":[{"href":"https:\/\/vidaandinaperu.com\/es\/wp-json\/wp\/v2\/media?parent=5503"}],"wp:term":[{"taxonomy":"brand","embeddable":true,"href":"https:\/\/vidaandinaperu.com\/es\/wp-json\/wp\/v2\/etheme_brands?post=5503"},{"taxonomy":"product_brand","embeddable":true,"href":"https:\/\/vidaandinaperu.com\/es\/wp-json\/wp\/v2\/product_brand?post=5503"},{"taxonomy":"product_cat","embeddable":true,"href":"https:\/\/vidaandinaperu.com\/es\/wp-json\/wp\/v2\/product_cat?post=5503"},{"taxonomy":"product_tag","embeddable":true,"href":"https:\/\/vidaandinaperu.com\/es\/wp-json\/wp\/v2\/product_tag?post=5503"}],"curies":[{"name":"wp","href":"https:\/\/api.w.org\/{rel}","templated":true}]}}