{"id":5479,"date":"2022-03-12T16:23:10","date_gmt":"2022-03-12T16:23:10","guid":{"rendered":"https:\/\/vidaandina.com\/web\/?post_type=product&#038;p=5479"},"modified":"2025-08-18T21:24:29","modified_gmt":"2025-08-18T21:24:29","slug":"alcachofa-capsulas","status":"publish","type":"product","link":"https:\/\/vidaandinaperu.com\/es\/productos\/alcachofa-capsulas\/","title":{"rendered":"Alcachofa en c\u00e1psulas (100 Caps.) &#8211; Inkanat"},"content":{"rendered":"<h5>Ingredientes:<\/h5>\n<p>Alcachofa deshidratada al 100% pura y natural.<\/p>\n<h5>Uso:<\/h5>\n<div class=\"row\">\n<div class=\"col-lg-12 col-sm-12 col-md-12 col-xs-12\">\n<div class=\"mostrar_tap\">\n<div class=\"tab-content\">\n<div id=\"uso2\" class=\"tab-pane active\" role=\"tabpanel\">\n<p>Tomar 2 a 3 c\u00e1psulas al d\u00eda con los alimentos.<\/p>\n<\/div>\n<\/div>\n<\/div>\n<\/div>\n<\/div>\n<h5>Beneficios:<\/h5>\n<div class=\"row\">\n<div class=\"col-lg-12 col-sm-12 col-md-12 col-xs-12\">\n<div class=\"mostrar_tap\">\n<div class=\"tab-content\">\n<div id=\"beneficios2\" class=\"tab-pane active\" role=\"tabpanel\">\n<ul>\n<li>Rico en cinarina y cinaropicrina, protectores del h\u00edgado.<\/li>\n<li>Ayuda a mantener un peso saludable y una buena digesti\u00f3n.<\/li>\n<li>Ayuda a favorece la eliminaci\u00f3n del colesterol, az\u00facares y \u00e1cido \u00farico.<\/li>\n<li>Regula la secreci\u00f3n biliar.<\/li>\n<li>Regenera las c\u00e9lulas hep\u00e1ticas.<\/li>\n<li>Expulsa toxinas del organismo.<\/li>\n<li>Ideal en dietas de adelgazamiento.<\/li>\n<li>Previene el estre\u00f1imiento.<\/li>\n<li>Es un diur\u00e9tico natural.<\/li>\n<li>Previene algunos tipos de c\u00e1ncer.<\/li>\n<li>Ayuda a controlar el apetito.<\/li>\n<li>Diur\u00e9tico.<\/li>\n<\/ul>\n<\/div>\n<\/div>\n<\/div>\n<\/div>\n<\/div>\n","protected":false},"excerpt":{"rendered":"<p>Ingredientes: Alcachofa deshidratada al 100% pura y natural. Uso: Tomar 2 a 3 c\u00e1psulas al d\u00eda con los alimentos. Beneficios: Rico en cinarina y cinaropicrina,&#8230;<\/p>\n","protected":false},"featured_media":5954,"comment_status":"open","ping_status":"closed","template":"","meta":{"inline_featured_image":false,"_joinchat":[]},"etheme_brands":[],"product_brand":[],"product_cat":[37,43],"product_tag":[],"class_list":{"0":"post-5479","1":"product","2":"type-product","3":"status-publish","4":"has-post-thumbnail","6":"product_cat-capsulas","7":"product_cat-vitaminas-suplementos","9":"first","10":"outofstock","11":"taxable","12":"shipping-taxable","13":"purchasable","14":"product-type-simple"},"acf":[],"_links":{"self":[{"href":"https:\/\/vidaandinaperu.com\/es\/wp-json\/wp\/v2\/product\/5479","targetHints":{"allow":["GET"]}}],"collection":[{"href":"https:\/\/vidaandinaperu.com\/es\/wp-json\/wp\/v2\/product"}],"about":[{"href":"https:\/\/vidaandinaperu.com\/es\/wp-json\/wp\/v2\/types\/product"}],"replies":[{"embeddable":true,"href":"https:\/\/vidaandinaperu.com\/es\/wp-json\/wp\/v2\/comments?post=5479"}],"version-history":[{"count":2,"href":"https:\/\/vidaandinaperu.com\/es\/wp-json\/wp\/v2\/product\/5479\/revisions"}],"predecessor-version":[{"id":8867,"href":"https:\/\/vidaandinaperu.com\/es\/wp-json\/wp\/v2\/product\/5479\/revisions\/8867"}],"wp:featuredmedia":[{"embeddable":true,"href":"https:\/\/vidaandinaperu.com\/es\/wp-json\/wp\/v2\/media\/5954"}],"wp:attachment":[{"href":"https:\/\/vidaandinaperu.com\/es\/wp-json\/wp\/v2\/media?parent=5479"}],"wp:term":[{"taxonomy":"brand","embeddable":true,"href":"https:\/\/vidaandinaperu.com\/es\/wp-json\/wp\/v2\/etheme_brands?post=5479"},{"taxonomy":"product_brand","embeddable":true,"href":"https:\/\/vidaandinaperu.com\/es\/wp-json\/wp\/v2\/product_brand?post=5479"},{"taxonomy":"product_cat","embeddable":true,"href":"https:\/\/vidaandinaperu.com\/es\/wp-json\/wp\/v2\/product_cat?post=5479"},{"taxonomy":"product_tag","embeddable":true,"href":"https:\/\/vidaandinaperu.com\/es\/wp-json\/wp\/v2\/product_tag?post=5479"}],"curies":[{"name":"wp","href":"https:\/\/api.w.org\/{rel}","templated":true}]}}