{"id":5474,"date":"2022-03-12T16:07:51","date_gmt":"2022-03-12T16:07:51","guid":{"rendered":"https:\/\/vidaandina.com\/web\/?post_type=product&#038;p=5474"},"modified":"2025-08-18T21:44:42","modified_gmt":"2025-08-18T21:44:42","slug":"aguaje-maca-ginseng-alcachofa-arandano-bionaturista","status":"publish","type":"product","link":"https:\/\/vidaandinaperu.com\/es\/productos\/aguaje-maca-ginseng-alcachofa-arandano-bionaturista\/","title":{"rendered":"Natural Power en c\u00e1psulas &#8211; Damas (120 Caps.)"},"content":{"rendered":"<div class=\"row\">\n<div class=\"col-lg-12 col-sm-12 col-md-12 col-xs-12\">\n<div class=\"mostrar_tap\">\n<div class=\"tab-content\">\n<div id=\"detallexx\" class=\"tab-pane active\" role=\"tabpanel\">\n<p>Es una f\u00f3rmula ideal para mujeres, brinda energ\u00eda y nutrientes necesarios para todos sus d\u00edas, rico en fitohormonas naturales.<\/p>\n<\/div>\n<\/div>\n<\/div>\n<\/div>\n<\/div>\n<div class=\"row\">\n<h5>Ingredientes:<\/h5>\n<div class=\"row\">\n<div class=\"col-lg-12 col-sm-12 col-md-12 col-xs-12\">\n<div class=\"mostrar_tap\">\n<div class=\"tab-content\">\n<div id=\"conposicionxx\" class=\"tab-pane active\" role=\"tabpanel\">\n<p>Combinaci\u00f3n perfecta de polvo de aguaje, maca, ginseng, alcachofa y ar\u00e1ndano. Reforzado con calcio, magnesio, zinc, hierro y vitaminas: A, C, D, B3, B6 y B12.<\/p>\n<\/div>\n<\/div>\n<\/div>\n<\/div>\n<\/div>\n<h5>Uso:<\/h5>\n<div class=\"row\">\n<div class=\"col-lg-12 col-sm-12 col-md-12 col-xs-12\">\n<div class=\"mostrar_tap\">\n<div class=\"tab-content\">\n<div id=\"uso2\" class=\"tab-pane active\" role=\"tabpanel\">\n<ul>\n<li>Se recomienda consumir con los alimentos 2 c\u00e1psulas (2 o 3 veces al d\u00eda).<\/li>\n<\/ul>\n<\/div>\n<\/div>\n<\/div>\n<\/div>\n<\/div>\n<h5>Beneficios:<\/h5>\n<div class=\"row\">\n<div class=\"col-lg-12 col-sm-12 col-md-12 col-xs-12\">\n<div class=\"mostrar_tap\">\n<div class=\"tab-content\">\n<div id=\"beneficios2\" class=\"tab-pane active\" role=\"tabpanel\">\n<ul>\n<li>Rico en fitohormonas naturales.<\/li>\n<li>Ideal para la salud y vitalidad femenina.<\/li>\n<li>Contribuye a tener huesos fuertes.<\/li>\n<li>Facilita la digesti\u00f3n.<\/li>\n<li>Colabora en retrasar el proceso de envejecimiento.<\/li>\n<\/ul>\n<\/div>\n<\/div>\n<\/div>\n<\/div>\n<\/div>\n<\/div>\n","protected":false},"excerpt":{"rendered":"<p>Es una f\u00f3rmula ideal para mujeres, brinda energ\u00eda y nutrientes necesarios para todos sus d\u00edas, rico en fitohormonas naturales. Ingredientes: Combinaci\u00f3n perfecta de polvo de&#8230;<\/p>\n","protected":false},"featured_media":5945,"comment_status":"open","ping_status":"closed","template":"","meta":{"inline_featured_image":false,"_joinchat":[]},"etheme_brands":[],"product_brand":[],"product_cat":[37,43],"product_tag":[],"class_list":{"0":"post-5474","1":"product","2":"type-product","3":"status-publish","4":"has-post-thumbnail","6":"product_cat-capsulas","7":"product_cat-vitaminas-suplementos","9":"first","10":"outofstock","11":"taxable","12":"shipping-taxable","13":"purchasable","14":"product-type-simple"},"acf":[],"_links":{"self":[{"href":"https:\/\/vidaandinaperu.com\/es\/wp-json\/wp\/v2\/product\/5474","targetHints":{"allow":["GET"]}}],"collection":[{"href":"https:\/\/vidaandinaperu.com\/es\/wp-json\/wp\/v2\/product"}],"about":[{"href":"https:\/\/vidaandinaperu.com\/es\/wp-json\/wp\/v2\/types\/product"}],"replies":[{"embeddable":true,"href":"https:\/\/vidaandinaperu.com\/es\/wp-json\/wp\/v2\/comments?post=5474"}],"version-history":[{"count":1,"href":"https:\/\/vidaandinaperu.com\/es\/wp-json\/wp\/v2\/product\/5474\/revisions"}],"predecessor-version":[{"id":8036,"href":"https:\/\/vidaandinaperu.com\/es\/wp-json\/wp\/v2\/product\/5474\/revisions\/8036"}],"wp:featuredmedia":[{"embeddable":true,"href":"https:\/\/vidaandinaperu.com\/es\/wp-json\/wp\/v2\/media\/5945"}],"wp:attachment":[{"href":"https:\/\/vidaandinaperu.com\/es\/wp-json\/wp\/v2\/media?parent=5474"}],"wp:term":[{"taxonomy":"brand","embeddable":true,"href":"https:\/\/vidaandinaperu.com\/es\/wp-json\/wp\/v2\/etheme_brands?post=5474"},{"taxonomy":"product_brand","embeddable":true,"href":"https:\/\/vidaandinaperu.com\/es\/wp-json\/wp\/v2\/product_brand?post=5474"},{"taxonomy":"product_cat","embeddable":true,"href":"https:\/\/vidaandinaperu.com\/es\/wp-json\/wp\/v2\/product_cat?post=5474"},{"taxonomy":"product_tag","embeddable":true,"href":"https:\/\/vidaandinaperu.com\/es\/wp-json\/wp\/v2\/product_tag?post=5474"}],"curies":[{"name":"wp","href":"https:\/\/api.w.org\/{rel}","templated":true}]}}