{"id":5473,"date":"2022-03-12T16:05:55","date_gmt":"2022-03-12T16:05:55","guid":{"rendered":"https:\/\/vidaandina.com\/web\/?post_type=product&#038;p=5473"},"modified":"2025-08-18T21:39:53","modified_gmt":"2025-08-18T21:39:53","slug":"factor-bionaturista","status":"publish","type":"product","link":"https:\/\/vidaandinaperu.com\/es\/productos\/factor-bionaturista\/","title":{"rendered":"Factor X en c\u00e1psulas (120 Caps.)"},"content":{"rendered":"<h5>Beneficios:<\/h5>\n<ul>\n<li>F\u00f3rmula exclusiva elaborada con algas marinas, caf\u00e9 verde, jengibre, garcinia cambogia y Lcarnitina.<\/li>\n<li>Excelente en la reducci\u00f3n de medidas, frente al sobrepeso y la obesidad.<\/li>\n<li>Reforzado con L-carnitina, amino\u00e1cido que oxida las grasas.<\/li>\n<\/ul>\n","protected":false},"excerpt":{"rendered":"<p>Beneficios: F\u00f3rmula exclusiva elaborada con algas marinas, caf\u00e9 verde, jengibre, garcinia cambogia y Lcarnitina. Excelente en la reducci\u00f3n de medidas, frente al sobrepeso y la&#8230;<\/p>\n","protected":false},"featured_media":5943,"comment_status":"open","ping_status":"closed","template":"","meta":{"inline_featured_image":false,"_joinchat":[]},"etheme_brands":[],"product_brand":[],"product_cat":[37,43],"product_tag":[],"class_list":{"0":"post-5473","1":"product","2":"type-product","3":"status-publish","4":"has-post-thumbnail","6":"product_cat-capsulas","7":"product_cat-vitaminas-suplementos","9":"first","10":"outofstock","11":"taxable","12":"shipping-taxable","13":"purchasable","14":"product-type-simple"},"acf":[],"_links":{"self":[{"href":"https:\/\/vidaandinaperu.com\/es\/wp-json\/wp\/v2\/product\/5473","targetHints":{"allow":["GET"]}}],"collection":[{"href":"https:\/\/vidaandinaperu.com\/es\/wp-json\/wp\/v2\/product"}],"about":[{"href":"https:\/\/vidaandinaperu.com\/es\/wp-json\/wp\/v2\/types\/product"}],"replies":[{"embeddable":true,"href":"https:\/\/vidaandinaperu.com\/es\/wp-json\/wp\/v2\/comments?post=5473"}],"version-history":[{"count":1,"href":"https:\/\/vidaandinaperu.com\/es\/wp-json\/wp\/v2\/product\/5473\/revisions"}],"predecessor-version":[{"id":15765,"href":"https:\/\/vidaandinaperu.com\/es\/wp-json\/wp\/v2\/product\/5473\/revisions\/15765"}],"wp:featuredmedia":[{"embeddable":true,"href":"https:\/\/vidaandinaperu.com\/es\/wp-json\/wp\/v2\/media\/5943"}],"wp:attachment":[{"href":"https:\/\/vidaandinaperu.com\/es\/wp-json\/wp\/v2\/media?parent=5473"}],"wp:term":[{"taxonomy":"brand","embeddable":true,"href":"https:\/\/vidaandinaperu.com\/es\/wp-json\/wp\/v2\/etheme_brands?post=5473"},{"taxonomy":"product_brand","embeddable":true,"href":"https:\/\/vidaandinaperu.com\/es\/wp-json\/wp\/v2\/product_brand?post=5473"},{"taxonomy":"product_cat","embeddable":true,"href":"https:\/\/vidaandinaperu.com\/es\/wp-json\/wp\/v2\/product_cat?post=5473"},{"taxonomy":"product_tag","embeddable":true,"href":"https:\/\/vidaandinaperu.com\/es\/wp-json\/wp\/v2\/product_tag?post=5473"}],"curies":[{"name":"wp","href":"https:\/\/api.w.org\/{rel}","templated":true}]}}