{"id":5471,"date":"2022-03-12T16:03:51","date_gmt":"2022-03-12T16:03:51","guid":{"rendered":"https:\/\/vidaandina.com\/web\/?post_type=product&#038;p=5471"},"modified":"2025-08-18T21:40:41","modified_gmt":"2025-08-18T21:40:41","slug":"gano-vida-capsulas-bionaturista","status":"publish","type":"product","link":"https:\/\/vidaandinaperu.com\/es\/productos\/gano-vida-capsulas-bionaturista\/","title":{"rendered":"Gano Vida en c\u00e1psulas (120 Caps.)"},"content":{"rendered":"<h5>Ingredientes:<\/h5>\n<div class=\"row\">\n<div class=\"col-lg-12 col-sm-12 col-md-12 col-xs-12\">\n<div class=\"mostrar_tap\">\n<div class=\"tab-content\">\n<div id=\"conposicionxx\" class=\"tab-pane active\" role=\"tabpanel\">\n<p>M\u00e1s de 100 distintos triterpenos oxigenados (como el \u00e1cido ganod\u00e9rico, el lucidumol B, ganodermanondiol y el \u00e1cido alfa ganoluc\u00eddico), betaglucanos, polisac\u00e1ridos y poliglucop\u00e9ptidos, \u00e1cidos grasos, adenosina, esteroles, alcaloides biol\u00f3gicos, amino\u00e1cidos polipept\u00eddicos, derivados fur\u00e1nicos, superoxidodismutasa, vitaminas (B1, C, D, E) y minerales (germanio, magnesio, potasio, selenio).<\/p>\n<\/div>\n<\/div>\n<\/div>\n<\/div>\n<\/div>\n<h5>Uso:<\/h5>\n<div class=\"row\">\n<div class=\"col-lg-12 col-sm-12 col-md-12 col-xs-12\">\n<div class=\"mostrar_tap\">\n<div class=\"tab-content\">\n<div id=\"uso2\" class=\"tab-pane active\" role=\"tabpanel\">\n<p>Se recomienda tomar con los alimentos 2 o 3 veces al d\u00eda: 2 c\u00e1psulas<\/p>\n<\/div>\n<\/div>\n<\/div>\n<\/div>\n<\/div>\n<h5>Beneficios:<\/h5>\n<div class=\"row\">\n<div class=\"col-lg-12 col-sm-12 col-md-12 col-xs-12\">\n<div class=\"mostrar_tap\">\n<div class=\"tab-content\">\n<div id=\"beneficios2\" class=\"tab-pane active\" role=\"tabpanel\">\n<ul>\n<li>Ayuda a fortalecer las defensas y oxigenar el organismo.<\/li>\n<li>Contribuye a regenerar las c\u00e9lulas y brindar energ\u00eda.<\/li>\n<li>Rico en antioxidantes naturales.<\/li>\n<li>Cuida\u00a0el colon, evita\u00a0el estre\u00f1imiento y contribuye en una buena digesti\u00f3n.<\/li>\n<li>Desintoxicante natural.<\/li>\n<\/ul>\n<\/div>\n<\/div>\n<\/div>\n<\/div>\n<\/div>\n","protected":false},"excerpt":{"rendered":"<p>Ingredientes: M\u00e1s de 100 distintos triterpenos oxigenados (como el \u00e1cido ganod\u00e9rico, el lucidumol B, ganodermanondiol y el \u00e1cido alfa ganoluc\u00eddico), betaglucanos, polisac\u00e1ridos y poliglucop\u00e9ptidos, \u00e1cidos&#8230;<\/p>\n","protected":false},"featured_media":5941,"comment_status":"open","ping_status":"closed","template":"","meta":{"inline_featured_image":false,"_joinchat":[]},"etheme_brands":[],"product_brand":[],"product_cat":[37,43],"product_tag":[],"class_list":{"0":"post-5471","1":"product","2":"type-product","3":"status-publish","4":"has-post-thumbnail","6":"product_cat-capsulas","7":"product_cat-vitaminas-suplementos","9":"first","10":"outofstock","11":"taxable","12":"shipping-taxable","13":"purchasable","14":"product-type-simple"},"acf":[],"_links":{"self":[{"href":"https:\/\/vidaandinaperu.com\/es\/wp-json\/wp\/v2\/product\/5471","targetHints":{"allow":["GET"]}}],"collection":[{"href":"https:\/\/vidaandinaperu.com\/es\/wp-json\/wp\/v2\/product"}],"about":[{"href":"https:\/\/vidaandinaperu.com\/es\/wp-json\/wp\/v2\/types\/product"}],"replies":[{"embeddable":true,"href":"https:\/\/vidaandinaperu.com\/es\/wp-json\/wp\/v2\/comments?post=5471"}],"version-history":[{"count":1,"href":"https:\/\/vidaandinaperu.com\/es\/wp-json\/wp\/v2\/product\/5471\/revisions"}],"predecessor-version":[{"id":15766,"href":"https:\/\/vidaandinaperu.com\/es\/wp-json\/wp\/v2\/product\/5471\/revisions\/15766"}],"wp:featuredmedia":[{"embeddable":true,"href":"https:\/\/vidaandinaperu.com\/es\/wp-json\/wp\/v2\/media\/5941"}],"wp:attachment":[{"href":"https:\/\/vidaandinaperu.com\/es\/wp-json\/wp\/v2\/media?parent=5471"}],"wp:term":[{"taxonomy":"brand","embeddable":true,"href":"https:\/\/vidaandinaperu.com\/es\/wp-json\/wp\/v2\/etheme_brands?post=5471"},{"taxonomy":"product_brand","embeddable":true,"href":"https:\/\/vidaandinaperu.com\/es\/wp-json\/wp\/v2\/product_brand?post=5471"},{"taxonomy":"product_cat","embeddable":true,"href":"https:\/\/vidaandinaperu.com\/es\/wp-json\/wp\/v2\/product_cat?post=5471"},{"taxonomy":"product_tag","embeddable":true,"href":"https:\/\/vidaandinaperu.com\/es\/wp-json\/wp\/v2\/product_tag?post=5471"}],"curies":[{"name":"wp","href":"https:\/\/api.w.org\/{rel}","templated":true}]}}