{"id":5468,"date":"2022-03-12T15:57:05","date_gmt":"2022-03-12T15:57:05","guid":{"rendered":"https:\/\/vidaandina.com\/web\/?post_type=product&#038;p=5468"},"modified":"2025-08-18T21:43:21","modified_gmt":"2025-08-18T21:43:21","slug":"lecisoya-capsulas-bionaturista","status":"publish","type":"product","link":"https:\/\/vidaandinaperu.com\/es\/productos\/lecisoya-capsulas-bionaturista\/","title":{"rendered":"Lecisoya en c\u00e1psulas (120 Caps.)"},"content":{"rendered":"<p>La lecitina de soya es un derivado de la semilla de soya. Es considerado un complemento diet\u00e9tico por sus caracter\u00edsticas nutricionales, este suplemento natural ayuda a emulsificar las grasas en exceso, controlando naturalmente los niveles de colesterol en sangre, contribuye tambi\u00e9n en la p\u00e9rdida de peso.<\/p>\n<h5>Ingredientes:<\/h5>\n<p>Se extrae a partir de las semillas de soya. Fospol\u00edpidos ricos en grasas buenas para la salud constituyentes de membranas celulares, vitaminas del grupo B, vitamina E con funci\u00f3n antioxidante, f\u00f3sforo, colina e inositol, sustancias importantes para el organismo.<\/p>\n<h5>Uso:<\/h5>\n<div class=\"row\">\n<div class=\"col-lg-12 col-sm-12 col-md-12 col-xs-12\">\n<div class=\"mostrar_tap\">\n<div class=\"tab-content\">\n<div id=\"uso2\" class=\"tab-pane active\" role=\"tabpanel\">\n<p>Se recomienda tomar antes de los alimentos 2 o 3 veces al d\u00eda: 2 c\u00e1psulas.<\/p>\n<\/div>\n<\/div>\n<\/div>\n<\/div>\n<\/div>\n<h5>Beneficios:<\/h5>\n<div class=\"row\">\n<div class=\"col-lg-12 col-sm-12 col-md-12 col-xs-12\">\n<div class=\"mostrar_tap\">\n<div class=\"tab-content\">\n<div id=\"beneficios2\" class=\"tab-pane active\" role=\"tabpanel\">\n<ul>\n<li>Fuente de fosfol\u00edpidos que ayudan a metabolizar las grasas.<\/li>\n<li>Permite mantener las arterias libre de coleteros\u00a0y triglic\u00e9ridos.<\/li>\n<li>Favorece la salud del coraz\u00f3n y el h\u00edgado de manera natural.<\/li>\n<li>\u00datil en el tratamiento de enfermedades cardiovasculares.<\/li>\n<li>Antioxidante natural.<\/li>\n<li>Favorece el desarrollo fetal y de lactantes.<\/li>\n<li>Es diur\u00e9tico, lo cual ayuda a contrarrestar la retenci\u00f3n de l\u00edquidos, eliminando el exceso de agua del organismo.<\/li>\n<li>Es depurativo, ayuda a mejorar el estre\u00f1imiento.<\/li>\n<\/ul>\n<\/div>\n<\/div>\n<\/div>\n<\/div>\n<\/div>\n<div class=\"row\">\n<div class=\"item\"><\/div>\n<\/div>\n","protected":false},"excerpt":{"rendered":"<p>La lecitina de soya es un derivado de la semilla de soya. Es considerado un complemento diet\u00e9tico por sus caracter\u00edsticas nutricionales, este suplemento natural ayuda&#8230;<\/p>\n","protected":false},"featured_media":5937,"comment_status":"open","ping_status":"closed","template":"","meta":{"inline_featured_image":false,"_joinchat":[]},"etheme_brands":[],"product_brand":[],"product_cat":[37,43],"product_tag":[],"class_list":{"0":"post-5468","1":"product","2":"type-product","3":"status-publish","4":"has-post-thumbnail","6":"product_cat-capsulas","7":"product_cat-vitaminas-suplementos","9":"first","10":"outofstock","11":"taxable","12":"shipping-taxable","13":"purchasable","14":"product-type-simple"},"acf":[],"_links":{"self":[{"href":"https:\/\/vidaandinaperu.com\/es\/wp-json\/wp\/v2\/product\/5468","targetHints":{"allow":["GET"]}}],"collection":[{"href":"https:\/\/vidaandinaperu.com\/es\/wp-json\/wp\/v2\/product"}],"about":[{"href":"https:\/\/vidaandinaperu.com\/es\/wp-json\/wp\/v2\/types\/product"}],"replies":[{"embeddable":true,"href":"https:\/\/vidaandinaperu.com\/es\/wp-json\/wp\/v2\/comments?post=5468"}],"version-history":[{"count":1,"href":"https:\/\/vidaandinaperu.com\/es\/wp-json\/wp\/v2\/product\/5468\/revisions"}],"predecessor-version":[{"id":8034,"href":"https:\/\/vidaandinaperu.com\/es\/wp-json\/wp\/v2\/product\/5468\/revisions\/8034"}],"wp:featuredmedia":[{"embeddable":true,"href":"https:\/\/vidaandinaperu.com\/es\/wp-json\/wp\/v2\/media\/5937"}],"wp:attachment":[{"href":"https:\/\/vidaandinaperu.com\/es\/wp-json\/wp\/v2\/media?parent=5468"}],"wp:term":[{"taxonomy":"brand","embeddable":true,"href":"https:\/\/vidaandinaperu.com\/es\/wp-json\/wp\/v2\/etheme_brands?post=5468"},{"taxonomy":"product_brand","embeddable":true,"href":"https:\/\/vidaandinaperu.com\/es\/wp-json\/wp\/v2\/product_brand?post=5468"},{"taxonomy":"product_cat","embeddable":true,"href":"https:\/\/vidaandinaperu.com\/es\/wp-json\/wp\/v2\/product_cat?post=5468"},{"taxonomy":"product_tag","embeddable":true,"href":"https:\/\/vidaandinaperu.com\/es\/wp-json\/wp\/v2\/product_tag?post=5468"}],"curies":[{"name":"wp","href":"https:\/\/api.w.org\/{rel}","templated":true}]}}