{"id":5467,"date":"2022-03-12T15:54:38","date_gmt":"2022-03-12T15:54:38","guid":{"rendered":"https:\/\/vidaandina.com\/web\/?post_type=product&#038;p=5467"},"modified":"2025-08-18T21:43:24","modified_gmt":"2025-08-18T21:43:24","slug":"levadura-cerveza-capsulas-bionaturista","status":"publish","type":"product","link":"https:\/\/vidaandinaperu.com\/es\/productos\/levadura-cerveza-capsulas-bionaturista\/","title":{"rendered":"Levadura de Cerveza en c\u00e1psulas (120 Caps.)"},"content":{"rendered":"<p>Suplemento natural rico en prote\u00ednas y vitaminas del complejo B, es una gran fuente de energ\u00eda para el organismo, ideal en la alimentaci\u00f3n balanceada de los deportistas y de personas que cuidan su salud de manera natural.<\/p>\n<h5>Ingredientes:<\/h5>\n<p>Prote\u00ednas (pr\u00f3tidos y amino\u00e1cidos), vitaminas del grupo B (B2, B3, B5, B6, B12 o cobalamina o cianocobalamina), minerales (cobre, calcio, azufre, f\u00f3sforo, potasio, hierro, magnesio).<\/p>\n<h5>Uso:<\/h5>\n<div class=\"row\">\n<div class=\"col-lg-12 col-sm-12 col-md-12 col-xs-12\">\n<div class=\"mostrar_tap\">\n<div class=\"tab-content\">\n<div id=\"uso2\" class=\"tab-pane active\" role=\"tabpanel\">\n<ul>\n<li>Se recomienda tomar 2 c\u00e1psulas con los alimentos 2 veces al d\u00eda.<\/li>\n<\/ul>\n<\/div>\n<\/div>\n<\/div>\n<\/div>\n<\/div>\n<h5>Beneficios:<\/h5>\n<div class=\"row\">\n<div class=\"col-lg-12 col-sm-12 col-md-12 col-xs-12\">\n<div class=\"mostrar_tap\">\n<div class=\"tab-content\">\n<div id=\"beneficios2\" class=\"tab-pane active\" role=\"tabpanel\">\n<ul>\n<li>Gran fuente de energ\u00eda que contiene prote\u00ednas y vitaminas del complejo B.<\/li>\n<li>Ayuda a mejorar la masa muscular.<\/li>\n<li>Alimento altamente nutritivo.<\/li>\n<li>Bueno para la piel,el cabello y las u\u00f1as.<\/li>\n<li>Participa en el buen funcionamiento del sistema nervioso.<\/li>\n<li>Alivia el estr\u00e9s, la depresi\u00f3n y la irritabilidad.<\/li>\n<li>Alto contenido nutritivo, ideal para personas con anemia y con defensas bajas,<\/li>\n<\/ul>\n<\/div>\n<\/div>\n<\/div>\n<\/div>\n<\/div>\n","protected":false},"excerpt":{"rendered":"<p>Suplemento natural rico en prote\u00ednas y vitaminas del complejo B, es una gran fuente de energ\u00eda para el organismo, ideal en la alimentaci\u00f3n balanceada de&#8230;<\/p>\n","protected":false},"featured_media":5935,"comment_status":"open","ping_status":"closed","template":"","meta":{"inline_featured_image":false,"_joinchat":[]},"etheme_brands":[],"product_brand":[],"product_cat":[37,43],"product_tag":[],"class_list":{"0":"post-5467","1":"product","2":"type-product","3":"status-publish","4":"has-post-thumbnail","6":"product_cat-capsulas","7":"product_cat-vitaminas-suplementos","9":"first","10":"outofstock","11":"taxable","12":"shipping-taxable","13":"purchasable","14":"product-type-simple"},"acf":[],"_links":{"self":[{"href":"https:\/\/vidaandinaperu.com\/es\/wp-json\/wp\/v2\/product\/5467","targetHints":{"allow":["GET"]}}],"collection":[{"href":"https:\/\/vidaandinaperu.com\/es\/wp-json\/wp\/v2\/product"}],"about":[{"href":"https:\/\/vidaandinaperu.com\/es\/wp-json\/wp\/v2\/types\/product"}],"replies":[{"embeddable":true,"href":"https:\/\/vidaandinaperu.com\/es\/wp-json\/wp\/v2\/comments?post=5467"}],"version-history":[{"count":1,"href":"https:\/\/vidaandinaperu.com\/es\/wp-json\/wp\/v2\/product\/5467\/revisions"}],"predecessor-version":[{"id":8033,"href":"https:\/\/vidaandinaperu.com\/es\/wp-json\/wp\/v2\/product\/5467\/revisions\/8033"}],"wp:featuredmedia":[{"embeddable":true,"href":"https:\/\/vidaandinaperu.com\/es\/wp-json\/wp\/v2\/media\/5935"}],"wp:attachment":[{"href":"https:\/\/vidaandinaperu.com\/es\/wp-json\/wp\/v2\/media?parent=5467"}],"wp:term":[{"taxonomy":"brand","embeddable":true,"href":"https:\/\/vidaandinaperu.com\/es\/wp-json\/wp\/v2\/etheme_brands?post=5467"},{"taxonomy":"product_brand","embeddable":true,"href":"https:\/\/vidaandinaperu.com\/es\/wp-json\/wp\/v2\/product_brand?post=5467"},{"taxonomy":"product_cat","embeddable":true,"href":"https:\/\/vidaandinaperu.com\/es\/wp-json\/wp\/v2\/product_cat?post=5467"},{"taxonomy":"product_tag","embeddable":true,"href":"https:\/\/vidaandinaperu.com\/es\/wp-json\/wp\/v2\/product_tag?post=5467"}],"curies":[{"name":"wp","href":"https:\/\/api.w.org\/{rel}","templated":true}]}}