{"id":5465,"date":"2022-03-12T15:48:15","date_gmt":"2022-03-12T15:48:15","guid":{"rendered":"https:\/\/vidaandina.com\/web\/?post_type=product&#038;p=5465"},"modified":"2025-08-18T22:46:23","modified_gmt":"2025-08-18T22:46:23","slug":"spirulina-berro-capsulas-bionaturista","status":"publish","type":"product","link":"https:\/\/vidaandinaperu.com\/es\/productos\/spirulina-berro-capsulas-bionaturista\/","title":{"rendered":"Spirulina con Berros en c\u00e1psulas (120 Caps.)"},"content":{"rendered":"<p>El berro es un\u00a0vegatal rico en yodo, hierro, y vitaminas A, C y E.<\/p>\n<p>Se utiliza como estimulante, diur\u00e9tico, purgante, estimulante digestivo y tambi\u00e9n para aliviar la bronquitis y ciertas afecciones cut\u00e1neas.<\/p>\n<h5>Ingredientes:<\/h5>\n<div class=\"row\">\n<div class=\"col-lg-12 col-sm-12 col-md-12 col-xs-12\">\n<div class=\"mostrar_tap\">\n<div class=\"tab-content\">\n<div id=\"conposicionxx\" class=\"tab-pane active\" role=\"tabpanel\">\n<p>Abundantes vitaminas (fundamentalmente vitaminas A, B1, C, E, B12), minerales, prote\u00ednas y ox\u00edgeno (por su contendio en clorofila). Tiene un porcentaje muy alto de hierro.<\/p>\n<\/div>\n<\/div>\n<\/div>\n<\/div>\n<\/div>\n<h5>Uso:<\/h5>\n<div class=\"row\">\n<div class=\"col-lg-12 col-sm-12 col-md-12 col-xs-12\">\n<div class=\"mostrar_tap\">\n<div class=\"tab-content\">\n<div id=\"uso2\" class=\"tab-pane active\" role=\"tabpanel\">\n<p>Se recomienda tomar con los alimentos 2 o 3 veces al d\u00eda: 2 c\u00e1psulas.<\/p>\n<\/div>\n<\/div>\n<\/div>\n<\/div>\n<\/div>\n<h5>Beneficios:<\/h5>\n<div class=\"row\">\n<div class=\"col-lg-12 col-sm-12 col-md-12 col-xs-12\">\n<div class=\"mostrar_tap\">\n<div class=\"tab-content\">\n<div id=\"beneficios2\" class=\"tab-pane active\" role=\"tabpanel\">\n<ul>\n<li>Super alimento con un alto valor proteico y nutritivo.<\/li>\n<li>Ayuda a optimizar la salud.<\/li>\n<li>Efectivo para el rendimiento f\u00edsico gracias a su efecto antioxidante.<\/li>\n<\/ul>\n<\/div>\n<\/div>\n<\/div>\n<\/div>\n<\/div>\n","protected":false},"excerpt":{"rendered":"<p>El berro es un\u00a0vegatal rico en yodo, hierro, y vitaminas A, C y E. Se utiliza como estimulante, diur\u00e9tico, purgante, estimulante digestivo y tambi\u00e9n para&#8230;<\/p>\n","protected":false},"featured_media":5932,"comment_status":"open","ping_status":"closed","template":"","meta":{"inline_featured_image":false,"_joinchat":[]},"etheme_brands":[],"product_brand":[],"product_cat":[37,43],"product_tag":[],"class_list":{"0":"post-5465","1":"product","2":"type-product","3":"status-publish","4":"has-post-thumbnail","6":"product_cat-capsulas","7":"product_cat-vitaminas-suplementos","9":"first","10":"outofstock","11":"taxable","12":"shipping-taxable","13":"purchasable","14":"product-type-simple"},"acf":[],"_links":{"self":[{"href":"https:\/\/vidaandinaperu.com\/es\/wp-json\/wp\/v2\/product\/5465","targetHints":{"allow":["GET"]}}],"collection":[{"href":"https:\/\/vidaandinaperu.com\/es\/wp-json\/wp\/v2\/product"}],"about":[{"href":"https:\/\/vidaandinaperu.com\/es\/wp-json\/wp\/v2\/types\/product"}],"replies":[{"embeddable":true,"href":"https:\/\/vidaandinaperu.com\/es\/wp-json\/wp\/v2\/comments?post=5465"}],"version-history":[{"count":1,"href":"https:\/\/vidaandinaperu.com\/es\/wp-json\/wp\/v2\/product\/5465\/revisions"}],"predecessor-version":[{"id":8031,"href":"https:\/\/vidaandinaperu.com\/es\/wp-json\/wp\/v2\/product\/5465\/revisions\/8031"}],"wp:featuredmedia":[{"embeddable":true,"href":"https:\/\/vidaandinaperu.com\/es\/wp-json\/wp\/v2\/media\/5932"}],"wp:attachment":[{"href":"https:\/\/vidaandinaperu.com\/es\/wp-json\/wp\/v2\/media?parent=5465"}],"wp:term":[{"taxonomy":"brand","embeddable":true,"href":"https:\/\/vidaandinaperu.com\/es\/wp-json\/wp\/v2\/etheme_brands?post=5465"},{"taxonomy":"product_brand","embeddable":true,"href":"https:\/\/vidaandinaperu.com\/es\/wp-json\/wp\/v2\/product_brand?post=5465"},{"taxonomy":"product_cat","embeddable":true,"href":"https:\/\/vidaandinaperu.com\/es\/wp-json\/wp\/v2\/product_cat?post=5465"},{"taxonomy":"product_tag","embeddable":true,"href":"https:\/\/vidaandinaperu.com\/es\/wp-json\/wp\/v2\/product_tag?post=5465"}],"curies":[{"name":"wp","href":"https:\/\/api.w.org\/{rel}","templated":true}]}}