{"id":5464,"date":"2022-03-12T15:45:47","date_gmt":"2022-03-12T15:45:47","guid":{"rendered":"https:\/\/vidaandina.com\/web\/?post_type=product&#038;p=5464"},"modified":"2025-08-18T22:33:31","modified_gmt":"2025-08-18T22:33:31","slug":"te-verde-carnitina-capsulas-bionaturista","status":"publish","type":"product","link":"https:\/\/vidaandinaperu.com\/es\/productos\/te-verde-carnitina-capsulas-bionaturista\/","title":{"rendered":"T\u00e9 Verde con L-carnitina en c\u00e1psulas (120 Caps.)"},"content":{"rendered":"<h5>Ingredientes:<\/h5>\n<p>Contiene el 1.4% de amino\u00e1cidos como el \u00e1cido glut\u00e1mico, el tript\u00f3fano, la glicina, la treonina, el \u00e1cido asp\u00e1rtico, la leucina, entre otros. Por otro lado, contiene adem\u00e1s vitaminas B, C y E y peque\u00f1as cantidades de l\u00edpidos. Contiene\u00a0<strong>t\u00e9 verde y L-carnitina.\u00a0<\/strong><\/p>\n<h5>Uso:<\/h5>\n<p>Se recomienda tomar con los alimentos 2 o 3 veces al d\u00eda: 2 c\u00e1psulas.<\/p>\n<h5>Beneficios:<\/h5>\n<ol>\n<li>Ayuda a acelerar el metabolismo cal\u00f3rico.<\/li>\n<li>Fuente natural de polifenoles y reconocido antioxidante.<\/li>\n<li>Ayuda a optimizar la salud y la p\u00e9rdida de peso.<\/li>\n<li>Ayuda a reducir el estr\u00e9s y la ansiedad.<\/li>\n<li>Reduce los niveles de colesterol.<\/li>\n<li>Previene el incremento\u00a0en el nivel de az\u00facar en la sangre.<\/li>\n<\/ol>\n","protected":false},"excerpt":{"rendered":"<p>Ingredientes: Contiene el 1.4% de amino\u00e1cidos como el \u00e1cido glut\u00e1mico, el tript\u00f3fano, la glicina, la treonina, el \u00e1cido asp\u00e1rtico, la leucina, entre otros. Por otro&#8230;<\/p>\n","protected":false},"featured_media":5930,"comment_status":"open","ping_status":"closed","template":"","meta":{"inline_featured_image":false,"_joinchat":[]},"etheme_brands":[],"product_brand":[],"product_cat":[37,43],"product_tag":[],"class_list":{"0":"post-5464","1":"product","2":"type-product","3":"status-publish","4":"has-post-thumbnail","6":"product_cat-capsulas","7":"product_cat-vitaminas-suplementos","9":"first","10":"outofstock","11":"taxable","12":"shipping-taxable","13":"purchasable","14":"product-type-simple"},"acf":[],"_links":{"self":[{"href":"https:\/\/vidaandinaperu.com\/es\/wp-json\/wp\/v2\/product\/5464","targetHints":{"allow":["GET"]}}],"collection":[{"href":"https:\/\/vidaandinaperu.com\/es\/wp-json\/wp\/v2\/product"}],"about":[{"href":"https:\/\/vidaandinaperu.com\/es\/wp-json\/wp\/v2\/types\/product"}],"replies":[{"embeddable":true,"href":"https:\/\/vidaandinaperu.com\/es\/wp-json\/wp\/v2\/comments?post=5464"}],"version-history":[{"count":1,"href":"https:\/\/vidaandinaperu.com\/es\/wp-json\/wp\/v2\/product\/5464\/revisions"}],"predecessor-version":[{"id":8030,"href":"https:\/\/vidaandinaperu.com\/es\/wp-json\/wp\/v2\/product\/5464\/revisions\/8030"}],"wp:featuredmedia":[{"embeddable":true,"href":"https:\/\/vidaandinaperu.com\/es\/wp-json\/wp\/v2\/media\/5930"}],"wp:attachment":[{"href":"https:\/\/vidaandinaperu.com\/es\/wp-json\/wp\/v2\/media?parent=5464"}],"wp:term":[{"taxonomy":"brand","embeddable":true,"href":"https:\/\/vidaandinaperu.com\/es\/wp-json\/wp\/v2\/etheme_brands?post=5464"},{"taxonomy":"product_brand","embeddable":true,"href":"https:\/\/vidaandinaperu.com\/es\/wp-json\/wp\/v2\/product_brand?post=5464"},{"taxonomy":"product_cat","embeddable":true,"href":"https:\/\/vidaandinaperu.com\/es\/wp-json\/wp\/v2\/product_cat?post=5464"},{"taxonomy":"product_tag","embeddable":true,"href":"https:\/\/vidaandinaperu.com\/es\/wp-json\/wp\/v2\/product_tag?post=5464"}],"curies":[{"name":"wp","href":"https:\/\/api.w.org\/{rel}","templated":true}]}}