{"id":5463,"date":"2022-03-12T15:43:27","date_gmt":"2022-03-12T15:43:27","guid":{"rendered":"https:\/\/vidaandina.com\/web\/?post_type=product&#038;p=5463"},"modified":"2025-08-18T22:34:21","modified_gmt":"2025-08-18T22:34:21","slug":"una-gato-cranberry-capsulas-bionaturista","status":"publish","type":"product","link":"https:\/\/vidaandinaperu.com\/es\/productos\/una-gato-cranberry-capsulas-bionaturista\/","title":{"rendered":"U\u00f1a de gato con Cranberry en c\u00e1psulas (120 Caps.)"},"content":{"rendered":"<p>La u\u00f1a de gato es una liana trepadora originaria de la selva peruana, se le llama as\u00ed por las espinas que tienen las cuales tienen similitud a las garras de los gatos. Tradicionalmente es utilizada como antiinflamatorio natural.<\/p>\n<h5>Ingredientes:<\/h5>\n<p>Contiene alcaloides como la isomitrafilina, rincofilina, mitrafilina, uncarina F, hirsutin, pteropodina, specifilina, isopterodina.<\/p>\n<h5>Uso:<\/h5>\n<ul>\n<li>Se recomienda consumir 2 c\u00e1psulas, 2 o 3 veces al d\u00eda junto\u00a0con los alimentos.<\/li>\n<\/ul>\n<h5>Beneficios:<\/h5>\n<ul>\n<li>Antinflamatorio natural.<\/li>\n<li>Fortalece el sistema inmunol\u00f3gico.<\/li>\n<li>Ayuda en la prevenci\u00f3n de enfermedades como prostatitis, \u00falceras, diabetes, diarreas.<\/li>\n<li>Ayuda a regular los desequilibrios hormonales.<\/li>\n<li>Antioxidante natural.<\/li>\n<li>Tiene acci\u00f3n diur\u00e9tica.<\/li>\n<\/ul>\n","protected":false},"excerpt":{"rendered":"<p>La u\u00f1a de gato es una liana trepadora originaria de la selva peruana, se le llama as\u00ed por las espinas que tienen las cuales tienen&#8230;<\/p>\n","protected":false},"featured_media":5928,"comment_status":"open","ping_status":"closed","template":"","meta":{"inline_featured_image":false,"_joinchat":[]},"etheme_brands":[],"product_brand":[],"product_cat":[37,43],"product_tag":[],"class_list":{"0":"post-5463","1":"product","2":"type-product","3":"status-publish","4":"has-post-thumbnail","6":"product_cat-capsulas","7":"product_cat-vitaminas-suplementos","9":"first","10":"outofstock","11":"taxable","12":"shipping-taxable","13":"purchasable","14":"product-type-simple"},"acf":[],"_links":{"self":[{"href":"https:\/\/vidaandinaperu.com\/es\/wp-json\/wp\/v2\/product\/5463","targetHints":{"allow":["GET"]}}],"collection":[{"href":"https:\/\/vidaandinaperu.com\/es\/wp-json\/wp\/v2\/product"}],"about":[{"href":"https:\/\/vidaandinaperu.com\/es\/wp-json\/wp\/v2\/types\/product"}],"replies":[{"embeddable":true,"href":"https:\/\/vidaandinaperu.com\/es\/wp-json\/wp\/v2\/comments?post=5463"}],"version-history":[{"count":1,"href":"https:\/\/vidaandinaperu.com\/es\/wp-json\/wp\/v2\/product\/5463\/revisions"}],"predecessor-version":[{"id":8029,"href":"https:\/\/vidaandinaperu.com\/es\/wp-json\/wp\/v2\/product\/5463\/revisions\/8029"}],"wp:featuredmedia":[{"embeddable":true,"href":"https:\/\/vidaandinaperu.com\/es\/wp-json\/wp\/v2\/media\/5928"}],"wp:attachment":[{"href":"https:\/\/vidaandinaperu.com\/es\/wp-json\/wp\/v2\/media?parent=5463"}],"wp:term":[{"taxonomy":"brand","embeddable":true,"href":"https:\/\/vidaandinaperu.com\/es\/wp-json\/wp\/v2\/etheme_brands?post=5463"},{"taxonomy":"product_brand","embeddable":true,"href":"https:\/\/vidaandinaperu.com\/es\/wp-json\/wp\/v2\/product_brand?post=5463"},{"taxonomy":"product_cat","embeddable":true,"href":"https:\/\/vidaandinaperu.com\/es\/wp-json\/wp\/v2\/product_cat?post=5463"},{"taxonomy":"product_tag","embeddable":true,"href":"https:\/\/vidaandinaperu.com\/es\/wp-json\/wp\/v2\/product_tag?post=5463"}],"curies":[{"name":"wp","href":"https:\/\/api.w.org\/{rel}","templated":true}]}}