{"id":5450,"date":"2022-03-12T14:34:20","date_gmt":"2022-03-12T14:34:20","guid":{"rendered":"https:\/\/vidaandina.com\/web\/?post_type=product&#038;p=5450"},"modified":"2024-04-14T04:03:35","modified_gmt":"2024-04-14T04:03:35","slug":"devils-jungle-capsulas-estimulante-actividad-sexual","status":"publish","type":"product","link":"https:\/\/vidaandinaperu.com\/es\/productos\/devils-jungle-capsulas-estimulante-actividad-sexual\/","title":{"rendered":"Devil\u2019s Jungle en c\u00e1psulas Mujer (100 caps. x 350 mg)"},"content":{"rendered":"<p>Las c\u00e1psulas han sido elaboradas utilizando siete plantas que sinergizan con el aguaje, el cual posee fitoestrogenos, ayudando a mejorar nuestro rendimiento f\u00edsico y mental d\u00e1ndonos vitalidad y fuerza, adem\u00e1s de sus propiedades afrodis\u00edacas para\u00a0 mujeres.<\/p>\n<p>Ingredientes:<\/p>\n<p>Contiene aguaje en polvo y extracto atomizado de 7 ra\u00edces (chuchuwasi, huanarpo hembra, maca roja, icoja, murure, cumaceba y clavo huasca).\u00a0100% natural.<\/p>\n<p>DIGESA Ministerio de Salud peruano<\/p>\n<p>Uso:<\/p>\n<ul>\n<li>Se recomienda consumir 1 a 2 c\u00e1psulas con los alimentos. Maximo 6 c\u00e1psulas por d\u00eda por d\u00eda.<\/li>\n<\/ul>\n<p>Beneficios:<\/p>\n<ul>\n<li>Proporciona fuerza y vitalidad.<\/li>\n<li>Contribuyen al rendimiento f\u00edsico e intelectual.<\/li>\n<li>Efecto afrodis\u00edaco<\/li>\n<li>Potencia sexual<\/li>\n<\/ul>\n","protected":false},"excerpt":{"rendered":"<p>Las c\u00e1psulas han sido elaboradas utilizando siete plantas que sinergizan con el aguaje, el cual posee fitoestrogenos, ayudando a mejorar nuestro rendimiento f\u00edsico y mental&#8230;<\/p>\n","protected":false},"featured_media":5909,"comment_status":"open","ping_status":"closed","template":"","meta":{"inline_featured_image":false,"_joinchat":[]},"etheme_brands":[],"product_brand":[],"product_cat":[37,43],"product_tag":[],"class_list":{"0":"post-5450","1":"product","2":"type-product","3":"status-publish","4":"has-post-thumbnail","6":"product_cat-capsulas","7":"product_cat-vitaminas-suplementos","9":"first","10":"instock","11":"taxable","12":"shipping-taxable","13":"purchasable","14":"product-type-simple"},"acf":[],"_links":{"self":[{"href":"https:\/\/vidaandinaperu.com\/es\/wp-json\/wp\/v2\/product\/5450","targetHints":{"allow":["GET"]}}],"collection":[{"href":"https:\/\/vidaandinaperu.com\/es\/wp-json\/wp\/v2\/product"}],"about":[{"href":"https:\/\/vidaandinaperu.com\/es\/wp-json\/wp\/v2\/types\/product"}],"replies":[{"embeddable":true,"href":"https:\/\/vidaandinaperu.com\/es\/wp-json\/wp\/v2\/comments?post=5450"}],"version-history":[{"count":2,"href":"https:\/\/vidaandinaperu.com\/es\/wp-json\/wp\/v2\/product\/5450\/revisions"}],"predecessor-version":[{"id":10795,"href":"https:\/\/vidaandinaperu.com\/es\/wp-json\/wp\/v2\/product\/5450\/revisions\/10795"}],"wp:featuredmedia":[{"embeddable":true,"href":"https:\/\/vidaandinaperu.com\/es\/wp-json\/wp\/v2\/media\/5909"}],"wp:attachment":[{"href":"https:\/\/vidaandinaperu.com\/es\/wp-json\/wp\/v2\/media?parent=5450"}],"wp:term":[{"taxonomy":"brand","embeddable":true,"href":"https:\/\/vidaandinaperu.com\/es\/wp-json\/wp\/v2\/etheme_brands?post=5450"},{"taxonomy":"product_brand","embeddable":true,"href":"https:\/\/vidaandinaperu.com\/es\/wp-json\/wp\/v2\/product_brand?post=5450"},{"taxonomy":"product_cat","embeddable":true,"href":"https:\/\/vidaandinaperu.com\/es\/wp-json\/wp\/v2\/product_cat?post=5450"},{"taxonomy":"product_tag","embeddable":true,"href":"https:\/\/vidaandinaperu.com\/es\/wp-json\/wp\/v2\/product_tag?post=5450"}],"curies":[{"name":"wp","href":"https:\/\/api.w.org\/{rel}","templated":true}]}}