{"id":5358,"date":"2022-03-12T08:20:40","date_gmt":"2022-03-12T08:20:40","guid":{"rendered":"https:\/\/vidaandina.com\/web\/?post_type=product&#038;p=5358"},"modified":"2024-06-15T10:38:33","modified_gmt":"2024-06-15T10:38:33","slug":"l-tianina-stress-formula-sundown-naturals","status":"publish","type":"product","link":"https:\/\/vidaandinaperu.com\/es\/productos\/l-tianina-stress-formula-sundown-naturals\/","title":{"rendered":"Stress Saver L-teanina &#8211; Sundown Naturals (60 c\u00e1psulas.)"},"content":{"rendered":"<p>Sundown Natural ha creado Stress F\u00f3rmula, una forma natural de combatir el strees y la ansiedad, a base de L- tianina, b\u00e1lsamo de lim\u00f3n, lavanda y manzanilla.<\/p>\n<h5>Nota :<\/h5>\n<p>L-Tianina: Amino\u00e1cido natural presente en las hojas del \u00a0t\u00e9 verde que ayuda a incrementar la producci\u00f3n del \u00e1cido gamma aminobut\u00edrico (GABA), mejorando los niveles de serotonina y dopamina\u00a0 en el cerebro.<\/p>\n<h5>Ingredientes:<\/h5>\n<p>L-teanina 200 mg, mezcla de hierbas 425 mg, manzanilla (Matricaria recutita) (flor), b\u00e1lsamo de lim\u00f3n (Melissa officinalis) (hoja), extracto de lavanda (Lavandula officinalis) (a\u00e9reo).<\/p>\n<h5>Uso:<\/h5>\n<p>Consumir\u00a02 C\u00e1psulas diarias.<\/p>\n<h5>Beneficios:<\/h5>\n<ul>\n<li>Combate el estres y la ansiedad.<\/li>\n<li>Mejora la agudeza mental.<\/li>\n<li>Favorece la concentraci\u00f3n.<\/li>\n<li>Alivia el s\u00edndrome premenstrual.<\/li>\n<li>Calmante y tranquilizante natural.<\/li>\n<li>Util en caso de irritabilidad<\/li>\n<\/ul>\n<div id=\"simple-translate\">\n<div>\n<div class=\"simple-translate-button isShow\" style=\"background-image: url('chrome-extension:\/\/ibplnjkanclpjokhdolnendpplpjiace\/icons\/512.png'); height: 22px; width: 22px; top: 113px; left: 19px;\"><\/div>\n<div class=\"simple-translate-panel \" style=\"width: 300px; height: 200px; top: 0px; left: 0px; font-size: 13px; background-color: #ffffff;\">\n<div class=\"simple-translate-result-wrapper\" style=\"overflow: hidden;\">\n<div class=\"simple-translate-move\" draggable=\"true\"><\/div>\n<div class=\"simple-translate-result-contents\">\n<p class=\"simple-translate-candidate\" dir=\"auto\" style=\"color: #737373;\">\n<\/div>\n<\/div>\n<\/div>\n<\/div>\n<\/div>\n","protected":false},"excerpt":{"rendered":"<p>Sundown Natural ha creado Stress F\u00f3rmula, una forma natural de combatir el strees y la ansiedad, a base de L- tianina, b\u00e1lsamo de lim\u00f3n, lavanda&#8230;<\/p>\n","protected":false},"featured_media":5421,"comment_status":"open","ping_status":"closed","template":"","meta":{"inline_featured_image":false,"_joinchat":[]},"etheme_brands":[],"product_brand":[],"product_cat":[37,43],"product_tag":[],"class_list":{"0":"post-5358","1":"product","2":"type-product","3":"status-publish","4":"has-post-thumbnail","6":"product_cat-capsulas","7":"product_cat-vitaminas-suplementos","9":"first","10":"outofstock","11":"taxable","12":"shipping-taxable","13":"purchasable","14":"product-type-simple"},"acf":[],"_links":{"self":[{"href":"https:\/\/vidaandinaperu.com\/es\/wp-json\/wp\/v2\/product\/5358","targetHints":{"allow":["GET"]}}],"collection":[{"href":"https:\/\/vidaandinaperu.com\/es\/wp-json\/wp\/v2\/product"}],"about":[{"href":"https:\/\/vidaandinaperu.com\/es\/wp-json\/wp\/v2\/types\/product"}],"replies":[{"embeddable":true,"href":"https:\/\/vidaandinaperu.com\/es\/wp-json\/wp\/v2\/comments?post=5358"}],"version-history":[{"count":2,"href":"https:\/\/vidaandinaperu.com\/es\/wp-json\/wp\/v2\/product\/5358\/revisions"}],"predecessor-version":[{"id":14031,"href":"https:\/\/vidaandinaperu.com\/es\/wp-json\/wp\/v2\/product\/5358\/revisions\/14031"}],"wp:featuredmedia":[{"embeddable":true,"href":"https:\/\/vidaandinaperu.com\/es\/wp-json\/wp\/v2\/media\/5421"}],"wp:attachment":[{"href":"https:\/\/vidaandinaperu.com\/es\/wp-json\/wp\/v2\/media?parent=5358"}],"wp:term":[{"taxonomy":"brand","embeddable":true,"href":"https:\/\/vidaandinaperu.com\/es\/wp-json\/wp\/v2\/etheme_brands?post=5358"},{"taxonomy":"product_brand","embeddable":true,"href":"https:\/\/vidaandinaperu.com\/es\/wp-json\/wp\/v2\/product_brand?post=5358"},{"taxonomy":"product_cat","embeddable":true,"href":"https:\/\/vidaandinaperu.com\/es\/wp-json\/wp\/v2\/product_cat?post=5358"},{"taxonomy":"product_tag","embeddable":true,"href":"https:\/\/vidaandinaperu.com\/es\/wp-json\/wp\/v2\/product_tag?post=5358"}],"curies":[{"name":"wp","href":"https:\/\/api.w.org\/{rel}","templated":true}]}}