{"id":5353,"date":"2022-03-12T08:13:47","date_gmt":"2022-03-12T08:13:47","guid":{"rendered":"https:\/\/vidaandina.com\/web\/?post_type=product&#038;p=5353"},"modified":"2024-04-16T10:24:41","modified_gmt":"2024-04-16T10:24:41","slug":"moringa-capsulas-amazon-andes","status":"publish","type":"product","link":"https:\/\/vidaandinaperu.com\/es\/productos\/moringa-capsulas-amazon-andes\/","title":{"rendered":"Moringa en C\u00e1psulas (120 x 400 mg) &#8211; Amazon Andes"},"content":{"rendered":"<p>La moringa es una rica fuente de sustancias antioxidantes, estudios demostrados indican que podr\u00eda presentar actividades antihipertensivas, diur\u00e9ticas y reductoras del colesterol, as\u00ed como actividades antiespasm\u00f3dicas \u00a0y hepatoprotectoras.<\/p>\n<h5>Ingredientes:<\/h5>\n<div class=\"row\">\n<div class=\"col-lg-12 col-sm-12 col-md-12 col-xs-12\">\n<div class=\"mostrar_tap\">\n<div class=\"tab-content\">\n<div id=\"conposicionxx\" class=\"tab-pane active\" role=\"tabpanel\">\n<p>100% hojas de Moringa micro pulverizada en c\u00e1psulas vegetales.<\/p>\n<\/div>\n<\/div>\n<\/div>\n<\/div>\n<\/div>\n<h5 class=\"row\">Uso:<\/h5>\n<div>\n<div class=\"row\">\n<div class=\"col-lg-12 col-sm-12 col-md-12 col-xs-12\">\n<div class=\"mostrar_tap\">\n<div class=\"tab-content\">\n<div id=\"uso2\" class=\"tab-pane active\" role=\"tabpanel\">\n<p>Consumir 2 c\u00e1psulas de moringa durante la comida, 4 por d\u00eda.<\/p>\n<\/div>\n<\/div>\n<\/div>\n<\/div>\n<\/div>\n<\/div>\n<h5 class=\"row\">Beneficios:<\/h5>\n<div>\n<ul>\n<li><strong>Recomendado para aumentar la producci\u00f3n de leche materna<\/strong>, y\u00a0<strong>evitar la desnutrici\u00f3n en el ni\u00f1o.<\/strong><\/li>\n<li>Su consumo\u00a0<strong>controla y reduce los niveles de colesterol malo<\/strong>\u00a0(HDL) y la glucosa, por ello<strong>\u00a0previene la diabetes.<\/strong><\/li>\n<li>Su consumo<strong>\u00a0reduce el riesgo de sufrir enfermedades cardiovasculares,<\/strong>\u00a0porque evita el aumento de la absorci\u00f3n del colesterol malo, evitando la formaci\u00f3n de placas de grasa en las arterias.<\/li>\n<li><strong>Mejora la circulaci\u00f3n sangu\u00ednea<\/strong>,\u00a0<strong>evitando la formaci\u00f3n de hemorroides.<\/strong><\/li>\n<li><strong>Protege el sistema inmunol\u00f3gico<\/strong>\u00a0por su contenido de vitamina C y betacaroteno.<\/li>\n<li>Por su\u00a0<strong>poder antioxidante<\/strong>, su consumo<strong>\u00a0favorece la regeneraci\u00f3n celular<\/strong>\u00a0y\u00a0<strong>evita la formaci\u00f3n de c\u00e9lulas malformadas.<\/strong><\/li>\n<li>Por su contenido de vitamina A, es\u00a0<strong>recomendado para mejorar la visi\u00f3n de las personas.<\/strong><\/li>\n<li>Por su\u00a0<strong>propiedad antiinflamatoria<\/strong>, es\u00a0<strong>efectivo en inflamaciones digestivas, hep\u00e1ticas y renales.<\/strong><\/li>\n<\/ul>\n<\/div>\n<div id=\"simple-translate\">\n<div>\n<div class=\"simple-translate-button isShow\" style=\"background-image: url('chrome-extension:\/\/ibplnjkanclpjokhdolnendpplpjiace\/icons\/512.png'); height: 22px; width: 22px; top: 101px; left: 11px;\"><\/div>\n<div class=\"simple-translate-panel \" style=\"width: 300px; height: 200px; top: 0px; left: 0px; font-size: 13px; background-color: #ffffff;\">\n<div class=\"simple-translate-result-wrapper\" style=\"overflow: hidden;\">\n<div class=\"simple-translate-move\" draggable=\"true\"><\/div>\n<div class=\"simple-translate-result-contents\">\n<p class=\"simple-translate-candidate\" dir=\"auto\" style=\"color: #737373;\">\n<\/div>\n<\/div>\n<\/div>\n<\/div>\n<\/div>\n","protected":false},"excerpt":{"rendered":"<p>La moringa es una rica fuente de sustancias antioxidantes, estudios demostrados indican que podr\u00eda presentar actividades antihipertensivas, diur\u00e9ticas y reductoras del colesterol, as\u00ed como actividades&#8230;<\/p>\n","protected":false},"featured_media":5410,"comment_status":"open","ping_status":"closed","template":"","meta":{"inline_featured_image":false,"_joinchat":[]},"etheme_brands":[],"product_brand":[],"product_cat":[37,43],"product_tag":[],"class_list":{"0":"post-5353","1":"product","2":"type-product","3":"status-publish","4":"has-post-thumbnail","6":"product_cat-capsulas","7":"product_cat-vitaminas-suplementos","9":"first","10":"instock","11":"taxable","12":"shipping-taxable","13":"purchasable","14":"product-type-simple"},"acf":[],"_links":{"self":[{"href":"https:\/\/vidaandinaperu.com\/es\/wp-json\/wp\/v2\/product\/5353","targetHints":{"allow":["GET"]}}],"collection":[{"href":"https:\/\/vidaandinaperu.com\/es\/wp-json\/wp\/v2\/product"}],"about":[{"href":"https:\/\/vidaandinaperu.com\/es\/wp-json\/wp\/v2\/types\/product"}],"replies":[{"embeddable":true,"href":"https:\/\/vidaandinaperu.com\/es\/wp-json\/wp\/v2\/comments?post=5353"}],"version-history":[{"count":2,"href":"https:\/\/vidaandinaperu.com\/es\/wp-json\/wp\/v2\/product\/5353\/revisions"}],"predecessor-version":[{"id":36960,"href":"https:\/\/vidaandinaperu.com\/es\/wp-json\/wp\/v2\/product\/5353\/revisions\/36960"}],"wp:featuredmedia":[{"embeddable":true,"href":"https:\/\/vidaandinaperu.com\/es\/wp-json\/wp\/v2\/media\/5410"}],"wp:attachment":[{"href":"https:\/\/vidaandinaperu.com\/es\/wp-json\/wp\/v2\/media?parent=5353"}],"wp:term":[{"taxonomy":"brand","embeddable":true,"href":"https:\/\/vidaandinaperu.com\/es\/wp-json\/wp\/v2\/etheme_brands?post=5353"},{"taxonomy":"product_brand","embeddable":true,"href":"https:\/\/vidaandinaperu.com\/es\/wp-json\/wp\/v2\/product_brand?post=5353"},{"taxonomy":"product_cat","embeddable":true,"href":"https:\/\/vidaandinaperu.com\/es\/wp-json\/wp\/v2\/product_cat?post=5353"},{"taxonomy":"product_tag","embeddable":true,"href":"https:\/\/vidaandinaperu.com\/es\/wp-json\/wp\/v2\/product_tag?post=5353"}],"curies":[{"name":"wp","href":"https:\/\/api.w.org\/{rel}","templated":true}]}}