{"id":5348,"date":"2022-03-01T23:35:30","date_gmt":"2022-03-01T23:35:30","guid":{"rendered":"https:\/\/vidaandina.com\/web\/?post_type=product&#038;p=5348"},"modified":"2024-04-16T10:42:26","modified_gmt":"2024-04-16T10:42:26","slug":"vitamina-c-mason-natural","status":"publish","type":"product","link":"https:\/\/vidaandinaperu.com\/es\/productos\/vitamina-c-mason-natural\/","title":{"rendered":"Vitamina C-1000 MG &#8211; Mason Natural"},"content":{"rendered":"<p>La vitamina C contribuye al funcionamiento normal del sistema de defensa.<\/p>\n<h5>Contenido:<\/h5>\n<p>Cada Tableta contiene: Vitamina C (\u00c1cido asc\u00f3rbico) 1000mg Excipientes C.S.P.<\/p>\n<h5>Beneficios:<\/h5>\n<ul>\n<li>Ayuda en la formaci\u00f3n de col\u00e1geno beneficiando cabello, piel y u\u00f1as.<\/li>\n<li>Favorece\u00a0la circulaci\u00f3n sangu\u00ednea.<\/li>\n<li>Refuerza\u00a0 el\u00a0 sistema\u00a0 inmunol\u00f3gico.<\/li>\n<li>Previene y alivia el\u00a0resfr\u00edo, las alergias y el asma.<\/li>\n<li>Beneficia\u00a0 la\u00a0 cicatrizaci\u00f3n\u00a0 de\u00a0 heridas\u00a0 y\u00a0\u00a0quemaduras.<\/li>\n<\/ul>\n","protected":false},"excerpt":{"rendered":"<p>La vitamina C contribuye al funcionamiento normal del sistema de defensa. Contenido: Cada Tableta contiene: Vitamina C (\u00c1cido asc\u00f3rbico) 1000mg Excipientes C.S.P. Beneficios: Ayuda en&#8230;<\/p>\n","protected":false},"featured_media":5426,"comment_status":"open","ping_status":"closed","template":"","meta":{"inline_featured_image":false,"_joinchat":[]},"etheme_brands":[],"product_brand":[],"product_cat":[37,43],"product_tag":[],"class_list":{"0":"post-5348","1":"product","2":"type-product","3":"status-publish","4":"has-post-thumbnail","6":"product_cat-capsulas","7":"product_cat-vitaminas-suplementos","9":"first","10":"instock","11":"taxable","12":"shipping-taxable","13":"purchasable","14":"product-type-simple"},"acf":[],"_links":{"self":[{"href":"https:\/\/vidaandinaperu.com\/es\/wp-json\/wp\/v2\/product\/5348","targetHints":{"allow":["GET"]}}],"collection":[{"href":"https:\/\/vidaandinaperu.com\/es\/wp-json\/wp\/v2\/product"}],"about":[{"href":"https:\/\/vidaandinaperu.com\/es\/wp-json\/wp\/v2\/types\/product"}],"replies":[{"embeddable":true,"href":"https:\/\/vidaandinaperu.com\/es\/wp-json\/wp\/v2\/comments?post=5348"}],"version-history":[{"count":1,"href":"https:\/\/vidaandinaperu.com\/es\/wp-json\/wp\/v2\/product\/5348\/revisions"}],"predecessor-version":[{"id":15768,"href":"https:\/\/vidaandinaperu.com\/es\/wp-json\/wp\/v2\/product\/5348\/revisions\/15768"}],"wp:featuredmedia":[{"embeddable":true,"href":"https:\/\/vidaandinaperu.com\/es\/wp-json\/wp\/v2\/media\/5426"}],"wp:attachment":[{"href":"https:\/\/vidaandinaperu.com\/es\/wp-json\/wp\/v2\/media?parent=5348"}],"wp:term":[{"taxonomy":"brand","embeddable":true,"href":"https:\/\/vidaandinaperu.com\/es\/wp-json\/wp\/v2\/etheme_brands?post=5348"},{"taxonomy":"product_brand","embeddable":true,"href":"https:\/\/vidaandinaperu.com\/es\/wp-json\/wp\/v2\/product_brand?post=5348"},{"taxonomy":"product_cat","embeddable":true,"href":"https:\/\/vidaandinaperu.com\/es\/wp-json\/wp\/v2\/product_cat?post=5348"},{"taxonomy":"product_tag","embeddable":true,"href":"https:\/\/vidaandinaperu.com\/es\/wp-json\/wp\/v2\/product_tag?post=5348"}],"curies":[{"name":"wp","href":"https:\/\/api.w.org\/{rel}","templated":true}]}}